{"id":2228,"date":"2021-09-24T15:34:35","date_gmt":"2021-09-24T12:34:35","guid":{"rendered":"https:\/\/hoppetstjarna.netserver.fi\/?post_type=product&#038;p=2228"},"modified":"2025-11-24T10:47:49","modified_gmt":"2025-11-24T08:47:49","slug":"jouluapu","status":"publish","type":"product","link":"https:\/\/www.starofhope.fi\/fi\/tuote\/jouluapu\/","title":{"rendered":"Jouluapu"},"content":{"rendered":"<p><strong><span style=\"color: #d4383d; font-size: 150%;\">Ohjeita ja vinkkej\u00e4<\/span><\/strong><\/p>\n<p><strong><span style=\"color: #569091;\"><br \/>\nAnna rahalahjoitus<\/span><\/strong><\/p>\n<p>Voit antaa joululahjan rahalahjoituksen muodossa.<\/p>\n<p>Rahalahjoitukset k\u00e4ytet\u00e4\u00e4n projektimaissamme v\u00e4h\u00e4varaisten lasten, nuorten ja perheiden ruoka-apuun.<br \/>\nHaitiin, Argentiinaan ja Intiaan emme voi l\u00e4hett\u00e4\u00e4 ruokapaketteja, mutta rahalahjoitusten avulla yhteisty\u00f6kumppanimme voivat hankkia ruokaa ja joululahjoja paikan p\u00e4\u00e4ll\u00e4. Haluamme, ett\u00e4 kaikki lapset ja perheet projekteissamme saavat kokea joulun l\u00e4mp\u00f6\u00e4 ja iloa.<\/p>\n<p>Vastaaottaja: <span data-olk-copy-source=\"MessageBody\">Hoppets stj\u00e4rna rf, Toivon t\u00e4hti ry<\/span><\/p>\n<p>Ker\u00e4ystili: <strong>FI57 4963 1040 0374 39<\/strong>, viitenumero <strong>40112<\/strong><br \/>\n<strong>MobilePay: 60594<\/strong>, viestiksi \u201dJouluapu\u201d<\/p>\n<p>Rahalahjoituksia voi antaa 31.12 asti.<\/p>\n<p>&nbsp;<\/p>\n<p><strong><span style=\"color: #569091;\">Pakkaa ruokapaketti<\/span><\/strong><\/p>\n<p>N\u00e4m\u00e4 paketit jaetaan Latviassa ja Liettuassa ja ne voivat sis\u00e4lt\u00e4\u00e4 mm. seuraavaa:<\/p>\n<ul>\n<li>Ruokatarvikkeita: liha-, kala- ja hedelm\u00e4s\u00e4ilykkeit\u00e4, riisi\u00e4, pastaa, ryynej\u00e4, mysli\u00e4, jauhoja, pikakahvia, teet\u00e4, kaakaota, keksej\u00e4, rusinoita, kuivattuja hedelmi\u00e4, makeisia (ei salmiakkia eik\u00e4 lakritsia)<\/li>\n<li>Hygieniatarvikkeita: shampoota, saippuaa, hammastahnaa, hammasharjoja, deodoranttia<\/li>\n<li>Muita toivottuja asioita: suklaakalenteri lapsille, taskulamppu, paristoja, kynttil\u00f6it\u00e4, valosarja, villasukat, ty\u00f6k\u00e4sineet, pipo, p\u00f6yt\u00e4liina, astianpesuainetta, pyykinpesuainetta, keitti\u00f6pyyhe, pelikortit, pieni\u00e4 pelej\u00e4 (esim. UNO), heijastimia<\/li>\n<\/ul>\n<p>Pakkaa tavarat laatikkoon (esim. banaanilaatikkoon) niin, ettei mik\u00e4\u00e4n mene pilalle. Laita esim. jauhot ja hygieniatarvikkeet erillisiin muovipusseihin. Pakkaa laatikko t\u00e4yteen ja sulje se kunnolla. Merkitse pakettiin, onko se tarkoitettu perheelle vai el\u00e4kel\u00e4iselle. Vie ruokapaketti ker\u00e4yspisteeseen viimeist\u00e4\u00e4n <strong>18.11.<\/strong><\/p>\n<p><strong>HUOM!<\/strong> Ruokatarvikkeiden \u201dparasta ennen\u201d -p\u00e4iv\u00e4 ei saa olla vanhentunut. \u00c4l\u00e4 laita vaatteita ruokapaketteihin \u2013 niit\u00e4 l\u00e4het\u00e4mme jatkuvasti muissa avustusl\u00e4hetyksiss\u00e4. Koska kyseess\u00e4 on joululahja, paketissa ei saa olla mit\u00e4\u00e4n k\u00e4ytetty\u00e4. \u00c4l\u00e4 laita my\u00f6sk\u00e4\u00e4n helposti s\u00e4rkyvi\u00e4 tavaroita (esim. lasia tai posliinia), jotka rikkoutuvat helposti kuljetuksessa.<\/p>\n<p>&nbsp;<\/p>\n<p><strong><span style=\"color: #569091;\">Joululahjoja lapsille<\/span><\/strong><\/p>\n<p>Lapset laitoksissa sek\u00e4 h\u00e4d\u00e4nalaisissa perheiss\u00e4 Latviassa ja Liettuassa saavat joululahjoja. Lasten ik\u00e4 vaihtelee 0 ja 18 vuoden v\u00e4lill\u00e4. T\u00e4n\u00e4 vuonna avustuskohteissamme on poikkeuksellisen paljon teini-ik\u00e4isi\u00e4 poikia, ja siksi toivomme erityisesti heille sopivia joululahjoja.<\/p>\n<p><strong>Ehdotuksia joululahjoiksi:<\/strong><\/p>\n<ul>\n<li>pehmoleluja, kest\u00e4vi\u00e4 leluja<\/li>\n<li>rakennuspalikoita, palapelej\u00e4, tusseja ja v\u00e4rityskirjoja<\/li>\n<li>pieni\u00e4 pelej\u00e4 (UNO, pelikortit)<\/li>\n<li>urheilutarvikkeita (pallo, hyppynaru)<\/li>\n<li>taskulamppu<\/li>\n<li>yksinkertaiset kuulokkeet<\/li>\n<li>pipo, sukat<\/li>\n<li>hygieniatarvikkeita, meikkej\u00e4<\/li>\n<li>heijastimia<\/li>\n<li>makeisia (ei salmiakkia eik\u00e4 lakritsia)<\/li>\n<\/ul>\n<p><strong>Joululahjat j\u00e4tet\u00e4\u00e4n ilman lahjapaperia<\/strong> \u2013 vapaaehtoisemme paketoivat ne kauniiksi ennen jakelua. Syyn\u00e4 on se, ett\u00e4 olemme valitettavasti saaneet aiemmin lahjapaperiin k\u00e4\u00e4rittyj\u00e4 k\u00e4ytettyj\u00e4 ja sopimattomia tavaroita. N\u00e4in voimme tarkistaa sis\u00e4ll\u00f6n ja varmistaa, ett\u00e4 jokainen lapsi saa arvokkaan lahjan. Laita joululahjat muovipussiin tai laatikkoon ja merkitse selv\u00e4sti, ett\u00e4 ne ovat joululahjoja. Toimita ne ker\u00e4yspisteeseen <strong>viimeist\u00e4\u00e4n 18.11<\/strong>.<\/p>\n<p><strong>HUOM!<\/strong> Koska kyseess\u00e4 on joululahja, paketissa ei saa olla mit\u00e4\u00e4n k\u00e4ytetty\u00e4. \u00c4l\u00e4 laita my\u00f6sk\u00e4\u00e4n helposti s\u00e4rkyvi\u00e4 tavaroita (esim. lasia tai posliinia), jotka rikkoutuvat helposti kuljetuksessa.<\/p>\n<h3 data-start=\"122\" data-end=\"179\">\ud83c\udf81 <strong data-start=\"129\" data-end=\"177\"><span style=\"color: #d4383d;\">Henkil\u00f6kohtainen joululahja kummiperheellesi<\/span><\/strong><\/h3>\n<p data-start=\"181\" data-end=\"354\">Oletko kummi ja haluaisit l\u00e4hett\u00e4\u00e4 <strong data-start=\"216\" data-end=\"248\">henkil\u00f6kohtaisen joululahjan<\/strong> kummiperheellesi Latviassa?<br data-start=\"276\" data-end=\"279\" \/>Voit tehd\u00e4 sen helposti t\u00e4m\u00e4n vuoden <strong data-start=\"316\" data-end=\"340\">Joululahja-ker\u00e4yksen<\/strong> yhteydess\u00e4.<\/p>\n<p data-start=\"356\" data-end=\"463\">Voit tuoda <strong data-start=\"367\" data-end=\"378\">paketin<\/strong> l\u00e4himm\u00e4lle ker\u00e4yspisteelle.<br data-start=\"406\" data-end=\"409\" \/>Paketin <strong data-start=\"417\" data-end=\"437\">kahdelle sivulle<\/strong> tulee selv\u00e4sti merkit\u00e4:<\/p>\n<ul data-start=\"464\" data-end=\"513\">\n<li data-start=\"464\" data-end=\"493\">\n<p data-start=\"466\" data-end=\"493\">vastaanottajaperheen nimi<\/p>\n<\/li>\n<li data-start=\"494\" data-end=\"513\">\n<p data-start=\"496\" data-end=\"513\">l\u00e4hett\u00e4j\u00e4n nimi<\/p>\n<\/li>\n<\/ul>\n<p data-start=\"515\" data-end=\"678\">Jos haluat mieluummin l\u00e4hett\u00e4\u00e4 <strong data-start=\"546\" data-end=\"560\">rahalahjan<\/strong> kummiperheellesi,<br data-start=\"578\" data-end=\"581\" \/>tee maksu <strong data-start=\"591\" data-end=\"613\">ilman viitenumeroa<\/strong> ja kirjoita viestikentt\u00e4\u00e4n:<br data-start=\"641\" data-end=\"644\" \/>\ud83d\udc49 <em data-start=\"647\" data-end=\"676\">\u201dPerheen nimi + joululahja\u201d<\/em><\/p>\n<p data-start=\"680\" data-end=\"823\">N\u00e4in voimme varmistaa, ett\u00e4 lahjasi p\u00e4\u00e4see perille oikealle perheelle ennen joulua.<br data-start=\"763\" data-end=\"766\" \/>\u2764\ufe0f <strong data-start=\"769\" data-end=\"823\">Kiitos, ett\u00e4 jaat l\u00e4mp\u00f6\u00e4 ja iloa kummiperheellesi!<\/strong><\/p>\n<p><strong><span style=\"color: #d4383d;\">Ker\u00e4yspisteet<\/span><\/strong><\/p>\n<p><strong><span style=\"color: #569091;\">\u00c4ht\u00e4v\u00e4<\/span><\/strong><br \/>\nLotta Smeds, Lillbackantie 110, puh. 050 408 7036<\/p>\n<p><strong><span style=\"color: #569091;\">Jepua<\/span><\/strong><br \/>\nK\u00e4llan\/Birgitta Kronqvist, sopimuksen mukaan, puh. 050 320 1754<\/p>\n<p><strong><span style=\"color: #569091;\">Oravainen<\/span><\/strong><br \/>\nPeter \u00c5backa, sopimuksen mukaan, puh. 044 244 7890<br \/>\nCarl-David Wallin, sopimuksen mukaan, puh. 050 086 1316<\/p>\n<p><strong><span style=\"color: #569091;\">V\u00f6yri<\/span><\/strong><br \/>\nRuth ja H\u00e5kan Vesterlund, Alunv\u00e4gen 75, puh. 050 350 7222<\/p>\n<p><strong><span style=\"color: #569091;\">Sundom<\/span><\/strong><br \/>\nBernice Sten-Fors\u00e9n, Rautapolku 6, puh. 050 404 0677<\/p>\n<p><strong><span style=\"color: #569091;\">Kauttua<\/span><\/strong><br \/>\nAnna Nikkari, sopimuksen mukaan, puh. 050 407 2639<\/p>\n<p><strong><span style=\"color: #569091;\">Parainen<\/span><\/strong><br \/>\nPia ja Mats Prost, N\u00e4sim\u00e4ki 8. (soita\/viestit\u00e4 ensin), puh. 050 338 1710<\/p>\n<p><strong><span style=\"color: #569091;\">Vantaa<\/span><\/strong><br \/>\nSirkka ja Markku Saarinen, Kierretie 57 B, puh. 050 341 0781 \/ 050 441 7446<\/p>\n<p>&nbsp;<\/p>\n<p><strong><span style=\"color: #d4383d;\">Paketit voi tuoda my\u00f6s suoraan Toivon t\u00e4hdelle secondhand-myym\u00e4l\u00f6ihimme<\/span><\/strong><\/p>\n<p><span style=\"color: #569091;\"><strong>N\u00e4rpi\u00f6<\/strong><\/span><br \/>\nTiilitehtaantie 7A, 64200 N\u00e4rpi\u00f6, puh. 040 164 6846<br \/>\nma-pe 10-17 ja la 10-15<\/p>\n<p><strong><span style=\"color: #569091;\">Vaasa<\/span><\/strong><br \/>\nRauhankatu 20, 65100 Vaasa, puh. 040 164 6570<br \/>\nma-pe 10-17 ja la 10-15<\/p>\n","protected":false},"excerpt":{"rendered":"<h3>Tule mukaan levitt\u00e4m\u00e4\u00e4n jouluiloa!<\/h3>\n<p>Monen vuoden ajan olemme levitt\u00e4neet iloa ja rakkautta maailmaan. Yhteisty\u00f6kumppanimme kertovat nyt miten sek\u00e4 lapset ett\u00e4 aikuiset kaipaavat t\u00e4m\u00e4n vuoden joululahjoja ja ruokapaketteja.<\/p>\n<p>Voit antaa rahalahjoituksen, ruokapaketin perheelle tai joululahjan lapselle. Rahalahjoitukset k\u00e4ytet\u00e4\u00e4n ruoka-apuun perheille Latviassa ja Liettuassa sek\u00e4 lapsille koulutushankkeissamme Haitissa, Argentiinassa ja Intiassa. Ruokapaketit ja joululahjat jaetaan lapsille, perheille ja vanhuksille Latviassa ja Liettuassa.<\/p>\n<h3 data-start=\"140\" data-end=\"175\">\ud83d\udc9d Lahja, joka muuttaa el\u00e4m\u00e4n<\/h3>\n<p data-start=\"177\" data-end=\"328\">Lahjoituksellasi voit tuoda iloa, toivoa ja tulevaisuudenuskoa perheille ja lapsille eri projektimaissamme. Jokainen lahja tekee todellista muutosta!<\/p>\n<p data-start=\"330\" data-end=\"457\"><strong data-start=\"330\" data-end=\"338\">15 \u20ac<\/strong> \u2013 Lahjoita <strong data-start=\"350\" data-end=\"358\">kana<\/strong> Haitille. Kana antaa perheelle munia ruokap\u00f6yt\u00e4\u00e4n ja voi olla alku omalle pienelle kanaparvelle.<\/p>\n<p data-start=\"459\" data-end=\"577\"><strong data-start=\"459\" data-end=\"467\">15 \u20ac<\/strong> \u2013 Anna <strong data-start=\"475\" data-end=\"489\">joululahja<\/strong> lapselle Latviassa tai Liettuassa \u2013 lahja, joka tuo l\u00e4mp\u00f6\u00e4, iloa ja yhteis\u00f6llisyytt\u00e4.<\/p>\n<p data-start=\"579\" data-end=\"701\"><strong data-start=\"437\" data-end=\"445\">30 \u20ac<\/strong> \u2013 Lahjoitat <strong data-start=\"458\" data-end=\"478\">osuuden vuohesta<\/strong> Haitiin. Kun useampi lahjoittaja osallistuu, perhe saa vuohen, joka antaa maitoa, ravintoa ja mahdollisuuden toimeentuloon ja omavaraisuuteen.<\/p>\n<p data-start=\"703\" data-end=\"831\"><strong data-start=\"703\" data-end=\"711\">25 \u20ac<\/strong> \u2013 Riitt\u00e4\u00e4 <strong data-start=\"722\" data-end=\"747\">viikon ruokapakettiin<\/strong> perheelle Haitissa \u2013 sis\u00e4lt\u00e4\u00e4 peruselintarvikkeita kuten riisi\u00e4, papuja ja \u00f6ljy\u00e4.<\/p>\n<p data-start=\"833\" data-end=\"927\"><strong data-start=\"833\" data-end=\"841\">40 \u20ac<\/strong> \u2013 Tarjoaa <strong data-start=\"852\" data-end=\"868\">ruokapaketin<\/strong> Argentiinassa perheelle, jossa se tuo helpotusta arkeen.<\/p>\n<p data-start=\"929\" data-end=\"1047\"><strong data-start=\"929\" data-end=\"937\">50 \u20ac<\/strong> \u2013 Antaa perheelle Latviassa tai Liettuassa <strong data-start=\"981\" data-end=\"1001\">ruokalahjakortin<\/strong>, joka tuo juhlan tuntua arkeen joulun alla.<\/p>\n<p data-start=\"1049\" data-end=\"1186\"><strong data-start=\"1049\" data-end=\"1058\">100 \u20ac<\/strong> \u2013 Tarjoaa <strong data-start=\"1069\" data-end=\"1086\">juhla-aterian<\/strong> koko resurssikeskukselle Mumbain slummialueella \u2013 unohtumaton kokemus kuudellekymmenelle tyt\u00f6lle.<\/p>\n<p data-start=\"1188\" data-end=\"1314\">Jokainen euro muuttuu toivoksi, turvaksi ja uusiksi mahdollisuuksiksi.<br data-start=\"1258\" data-end=\"1261\" \/>\ud83d\udcab <strong data-start=\"1264\" data-end=\"1314\">Kiitos, ett\u00e4 olet mukana muuttamassa el\u00e4m\u00e4\u00e4!<\/strong><\/p>\n<div class=\"widget_wc-donation-widget\" id=\"wc_donation_on_shortcode_2561\"><style>\n\t:root {\n\t\t--wc-bg-color: #B54521;\n\t\t--wc-txt-color: #FFFFFF;\n\t}\n\n\t\t\t\t#wc_donation_on_shortcode_2561 .price-wrapper::after {\n\t\t\t\tbackground: #B54521;\n\t\t\t\tcolor: #FFFFFF\t\t\t}\n\t\t\t\t\t#wc_donation_on_shortcode_2561 .wc-input-text {\n\t\t\tborder-color: #B54521!important\n\t\t}\n\n\t\t#wc_donation_on_shortcode_2561 .checkmark {\n\t\t\tborder-color: #B54521!important\n\t\t}\n\t\t#wc_donation_on_shortcode_2561 .wc-label-radio input:checked ~ .checkmark {\n\t\t\tbackground-color: #B54521\t\t}\n\t\t#wc_donation_on_shortcode_2561 .wc-label-radio .checkmark:after {\n\t\t\tborder-color: #FFFFFF!important\n\t\t}\n\t\t#wc_donation_on_shortcode_2561 .wc-label-button {\n\t\t\tborder-color: #B54521!important;\n\t\t\tcolor: #B54521!important\n\t\t}\n\t\t#wc_donation_on_shortcode_2561 label.wc-label-button.wc-active {\n\t\t\tbackground-color: #B54521!important;\n\t\t\tcolor: #FFFFFF!important\n\t\t}\n\t\t#wc_donation_on_shortcode_2561 .wc_progressBarContainer > ul > li.wc_progress div.progressbar {\n\t\t\tbackground: #333333\t\t}\n\t\t<\/style>\n<div class=\"wc-donation-in-action\" data-donation-type=\"free-value\">\n\t<div class=\"campaign-title\">\n\t\t<h4>Tee kertalahjoitus<\/h4>\n\t<\/div>\t\n\t<div class=\"block-campaign-thumbnail\">\n\t\t\t\t\t<img loading=\"lazy\" decoding=\"async\" width=\"160\" height=\"160\" src=\"https:\/\/www.starofhope.fi\/wp-content\/plugins\/donation-for-woocommerce\/assets\/images\/no-image-cart-campaign.png\" class=\"attachment-160x160 size-160x160 wp-post-image\">\n\t\t\t<\/div>\n\t<div class=\"in-action-elements\">\n\t\t<style>\n\t.dashicons-money-alt:before {\n\t\tfont-size: 36px !important;\n\t\tpadding-bottom: 20px !important;\n\t}\n<\/style>\n<div class=\"row1\">\n\t<h3 class=\"wc-donation-title \">\n\t\t\t\tTee kertalahjoitus\t<\/h3>\n\t\t\t\t<div class=\"price-wrapper after\" currency=\"&euro;\">\n\t\t\t\t<input type=\"text\" data-min=\"10\" data-max=\"2000\" data-campaign_id=\"2561\" data-rand_id=\"426\" onKeyup=\"return NumbersOnly(this, event, true);\" class=\"grab-donation wc-input-text donate_2561_426 after\" Placeholder=\"T\u00e4ytt\u00e4\u00e4 10 - 2000\" name=\"wc-donation-price\" >\n\t\t\t\t<!-- <div class=\"wc-donation-tooltip\" style=\"display: none;\">\n\t\t\t\t\t<span class=\"wc-donation-tooltip-icon\">i<\/span>\n\t\t\t\t\t<span class=\"wc-donation-tooltip-text\">T\u00e4ytt\u00e4\u00e4 10 - 2000<\/span>\n\t\t\t\t<\/div> -->\n\t\t\t<\/div>\n\t\t\t<input type=\"hidden\" id=\"wc-donation-price-2561_426\" class=\"donate_2561_426\" name=\"wc-donation-price\" value=\"\"><input type=\"hidden\" id=\"wc-donation-cause-2561_426\" class=\"donate_cause_2561_426\" name=\"wc-donation-cause\" value=\"\"><\/div>\n<div class=\"row2\">\n\t\t\n\n\t<input type=\"hidden\" name=\"wc_donation_camp\" id=\"wc_donation_camp_2561_426\" class=\"wc_donation_camp\" value=\"2561\">\n\t<input type=\"hidden\" name=\"wc_rand_id\" class=\"wp_rand\" value=\"426\">\n\t<button class=\"button wc-donation-f-submit-donation\" data-min-value=\"10\" data-max-value=\"2000\" data-type=\"shortcode\" style=\"background-color:#B54521;border-color:#B54521;color:#FFFFFF;\" id='wc-donation-f-submit-donation' value='Donate'>Lahjoita<\/button>\n\t<\/div>\n\t<\/div>\n<\/div>\n<div style=\"clear:both;height:1px;\">&nbsp;<\/div>\n<\/div>\n","protected":false},"featured_media":4327,"template":"","meta":[],"product_brand":[],"product_cat":[35],"product_tag":[],"class_list":{"0":"post-2228","1":"product","2":"type-product","3":"status-publish","4":"has-post-thumbnail","6":"product_cat-kerayksemme","7":"tm-has-options","9":"first","10":"instock","11":"shipping-taxable","12":"product-type-external"},"yoast_head":"<!-- This site is optimized with the Yoast SEO plugin v26.9 - https:\/\/yoast.com\/product\/yoast-seo-wordpress\/ -->\n<title>Jouluapu - Hoppets Stj\u00e4rna - Toivon t\u00e4hti<\/title>\n<meta name=\"description\" content=\"Lahjoita joulupaketti v\u00e4h\u00e4varaiselle perheelle. Joululahjaker\u00e4ys tuo ruokaa, l\u00e4mp\u00f6\u00e4 ja toivoa Latvian ja Liettuan perheille \u2013 ja tukee my\u00f6s muita avustuskohteitamme ymp\u00e4ri maailmaa. Ole mukana auttamassa.\" \/>\n<meta name=\"robots\" content=\"index, follow, max-snippet:-1, max-image-preview:large, max-video-preview:-1\" \/>\n<link rel=\"canonical\" href=\"https:\/\/www.starofhope.fi\/fi\/tuote\/jouluapu\/\" \/>\n<meta property=\"og:locale\" content=\"fi_FI\" \/>\n<meta property=\"og:type\" content=\"article\" \/>\n<meta property=\"og:title\" content=\"Joululahja\" \/>\n<meta property=\"og:description\" content=\"Tule mukaan levitt\u00e4m\u00e4\u00e4n jouluiloa!\" \/>\n<meta property=\"og:url\" content=\"https:\/\/www.starofhope.fi\/fi\/tuote\/jouluapu\/\" \/>\n<meta property=\"og:site_name\" content=\"Hoppets Stj\u00e4rna - Toivon t\u00e4hti\" \/>\n<meta property=\"article:publisher\" content=\"https:\/\/www.facebook.com\/hoppetsstjarnafinland\" \/>\n<meta property=\"article:modified_time\" content=\"2025-11-24T08:47:49+00:00\" \/>\n<meta property=\"og:image\" content=\"https:\/\/www.starofhope.fi\/wp-content\/uploads\/2021\/09\/Jouluapu-SOME-1.jpg\" \/>\n\t<meta property=\"og:image:width\" content=\"1080\" \/>\n\t<meta property=\"og:image:height\" content=\"1080\" \/>\n\t<meta property=\"og:image:type\" content=\"image\/jpeg\" \/>\n<meta name=\"twitter:card\" content=\"summary_large_image\" \/>\n<meta name=\"twitter:label1\" content=\"Arvioitu lukuaika\" \/>\n\t<meta name=\"twitter:data1\" content=\"4 minuuttia\" \/>\n<script type=\"application\/ld+json\" class=\"yoast-schema-graph\">{\"@context\":\"https:\/\/schema.org\",\"@graph\":[{\"@type\":\"WebPage\",\"@id\":\"https:\/\/www.starofhope.fi\/fi\/tuote\/jouluapu\/\",\"url\":\"https:\/\/www.starofhope.fi\/fi\/tuote\/jouluapu\/\",\"name\":\"Jouluapu - Hoppets Stj\u00e4rna - Toivon t\u00e4hti\",\"isPartOf\":{\"@id\":\"https:\/\/www.starofhope.fi\/#website\"},\"primaryImageOfPage\":{\"@id\":\"https:\/\/www.starofhope.fi\/fi\/tuote\/jouluapu\/#primaryimage\"},\"image\":{\"@id\":\"https:\/\/www.starofhope.fi\/fi\/tuote\/jouluapu\/#primaryimage\"},\"thumbnailUrl\":\"https:\/\/www.starofhope.fi\/wp-content\/uploads\/2021\/09\/Jouluapu-SOME.jpg\",\"datePublished\":\"2021-09-24T12:34:35+00:00\",\"dateModified\":\"2025-11-24T08:47:49+00:00\",\"description\":\"Lahjoita joulupaketti v\u00e4h\u00e4varaiselle perheelle. Joululahjaker\u00e4ys tuo ruokaa, l\u00e4mp\u00f6\u00e4 ja toivoa Latvian ja Liettuan perheille \u2013 ja tukee my\u00f6s muita avustuskohteitamme ymp\u00e4ri maailmaa. Ole mukana auttamassa.\",\"breadcrumb\":{\"@id\":\"https:\/\/www.starofhope.fi\/fi\/tuote\/jouluapu\/#breadcrumb\"},\"inLanguage\":\"fi\",\"potentialAction\":[{\"@type\":\"ReadAction\",\"target\":[\"https:\/\/www.starofhope.fi\/fi\/tuote\/jouluapu\/\"]}]},{\"@type\":\"ImageObject\",\"inLanguage\":\"fi\",\"@id\":\"https:\/\/www.starofhope.fi\/fi\/tuote\/jouluapu\/#primaryimage\",\"url\":\"https:\/\/www.starofhope.fi\/wp-content\/uploads\/2021\/09\/Jouluapu-SOME.jpg\",\"contentUrl\":\"https:\/\/www.starofhope.fi\/wp-content\/uploads\/2021\/09\/Jouluapu-SOME.jpg\",\"width\":1080,\"height\":1080,\"caption\":\"Jokainen joulupaketti tuo ruokaa p\u00f6yt\u00e4\u00e4n ja iloa kotiin. Kiitos, ett\u00e4 levit\u00e4t toivoa t\u00e4n\u00e4 jouluna.\"},{\"@type\":\"BreadcrumbList\",\"@id\":\"https:\/\/www.starofhope.fi\/fi\/tuote\/jouluapu\/#breadcrumb\",\"itemListElement\":[{\"@type\":\"ListItem\",\"position\":1,\"name\":\"Hem\",\"item\":\"https:\/\/www.starofhope.fi\/fi\/\"},{\"@type\":\"ListItem\",\"position\":2,\"name\":\"Verkkokauppa\",\"item\":\"https:\/\/www.starofhope.fi\/fi\/verkkokauppa\/\"},{\"@type\":\"ListItem\",\"position\":3,\"name\":\"Jouluapu\"}]},{\"@type\":\"WebSite\",\"@id\":\"https:\/\/www.starofhope.fi\/#website\",\"url\":\"https:\/\/www.starofhope.fi\/\",\"name\":\"Hoppets Stj\u00e4rna - Toivon t\u00e4hti\",\"description\":\"Allm\u00e4nnyttig registrerad f\u00f6rening. V\u00e5r verksamhet finansieras helt genom donationer.\",\"publisher\":{\"@id\":\"https:\/\/www.starofhope.fi\/#organization\"},\"potentialAction\":[{\"@type\":\"SearchAction\",\"target\":{\"@type\":\"EntryPoint\",\"urlTemplate\":\"https:\/\/www.starofhope.fi\/?s={search_term_string}\"},\"query-input\":{\"@type\":\"PropertyValueSpecification\",\"valueRequired\":true,\"valueName\":\"search_term_string\"}}],\"inLanguage\":\"fi\"},{\"@type\":\"Organization\",\"@id\":\"https:\/\/www.starofhope.fi\/#organization\",\"name\":\"Hoppets Stj\u00e4rna - Toivon t\u00e4hti\",\"url\":\"https:\/\/www.starofhope.fi\/\",\"logo\":{\"@type\":\"ImageObject\",\"inLanguage\":\"fi\",\"@id\":\"https:\/\/www.starofhope.fi\/#\/schema\/logo\/image\/\",\"url\":\"https:\/\/www.starofhope.fi\/wp-content\/uploads\/2022\/01\/hoppets-stjarna-toivon-tahti-web.png\",\"contentUrl\":\"https:\/\/www.starofhope.fi\/wp-content\/uploads\/2022\/01\/hoppets-stjarna-toivon-tahti-web.png\",\"width\":225,\"height\":82,\"caption\":\"Hoppets Stj\u00e4rna - Toivon t\u00e4hti\"},\"image\":{\"@id\":\"https:\/\/www.starofhope.fi\/#\/schema\/logo\/image\/\"},\"sameAs\":[\"https:\/\/www.facebook.com\/hoppetsstjarnafinland\"]}]}<\/script>\n<!-- \/ Yoast SEO plugin. -->","yoast_head_json":{"title":"Jouluapu - Hoppets Stj\u00e4rna - Toivon t\u00e4hti","description":"Lahjoita joulupaketti v\u00e4h\u00e4varaiselle perheelle. Joululahjaker\u00e4ys tuo ruokaa, l\u00e4mp\u00f6\u00e4 ja toivoa Latvian ja Liettuan perheille \u2013 ja tukee my\u00f6s muita avustuskohteitamme ymp\u00e4ri maailmaa. Ole mukana auttamassa.","robots":{"index":"index","follow":"follow","max-snippet":"max-snippet:-1","max-image-preview":"max-image-preview:large","max-video-preview":"max-video-preview:-1"},"canonical":"https:\/\/www.starofhope.fi\/fi\/tuote\/jouluapu\/","og_locale":"fi_FI","og_type":"article","og_title":"Joululahja","og_description":"Tule mukaan levitt\u00e4m\u00e4\u00e4n jouluiloa!","og_url":"https:\/\/www.starofhope.fi\/fi\/tuote\/jouluapu\/","og_site_name":"Hoppets Stj\u00e4rna - Toivon t\u00e4hti","article_publisher":"https:\/\/www.facebook.com\/hoppetsstjarnafinland","article_modified_time":"2025-11-24T08:47:49+00:00","og_image":[{"width":1080,"height":1080,"url":"https:\/\/www.starofhope.fi\/wp-content\/uploads\/2021\/09\/Jouluapu-SOME-1.jpg","type":"image\/jpeg"}],"twitter_card":"summary_large_image","twitter_misc":{"Arvioitu lukuaika":"4 minuuttia"},"schema":{"@context":"https:\/\/schema.org","@graph":[{"@type":"WebPage","@id":"https:\/\/www.starofhope.fi\/fi\/tuote\/jouluapu\/","url":"https:\/\/www.starofhope.fi\/fi\/tuote\/jouluapu\/","name":"Jouluapu - Hoppets Stj\u00e4rna - Toivon t\u00e4hti","isPartOf":{"@id":"https:\/\/www.starofhope.fi\/#website"},"primaryImageOfPage":{"@id":"https:\/\/www.starofhope.fi\/fi\/tuote\/jouluapu\/#primaryimage"},"image":{"@id":"https:\/\/www.starofhope.fi\/fi\/tuote\/jouluapu\/#primaryimage"},"thumbnailUrl":"https:\/\/www.starofhope.fi\/wp-content\/uploads\/2021\/09\/Jouluapu-SOME.jpg","datePublished":"2021-09-24T12:34:35+00:00","dateModified":"2025-11-24T08:47:49+00:00","description":"Lahjoita joulupaketti v\u00e4h\u00e4varaiselle perheelle. Joululahjaker\u00e4ys tuo ruokaa, l\u00e4mp\u00f6\u00e4 ja toivoa Latvian ja Liettuan perheille \u2013 ja tukee my\u00f6s muita avustuskohteitamme ymp\u00e4ri maailmaa. Ole mukana auttamassa.","breadcrumb":{"@id":"https:\/\/www.starofhope.fi\/fi\/tuote\/jouluapu\/#breadcrumb"},"inLanguage":"fi","potentialAction":[{"@type":"ReadAction","target":["https:\/\/www.starofhope.fi\/fi\/tuote\/jouluapu\/"]}]},{"@type":"ImageObject","inLanguage":"fi","@id":"https:\/\/www.starofhope.fi\/fi\/tuote\/jouluapu\/#primaryimage","url":"https:\/\/www.starofhope.fi\/wp-content\/uploads\/2021\/09\/Jouluapu-SOME.jpg","contentUrl":"https:\/\/www.starofhope.fi\/wp-content\/uploads\/2021\/09\/Jouluapu-SOME.jpg","width":1080,"height":1080,"caption":"Jokainen joulupaketti tuo ruokaa p\u00f6yt\u00e4\u00e4n ja iloa kotiin. Kiitos, ett\u00e4 levit\u00e4t toivoa t\u00e4n\u00e4 jouluna."},{"@type":"BreadcrumbList","@id":"https:\/\/www.starofhope.fi\/fi\/tuote\/jouluapu\/#breadcrumb","itemListElement":[{"@type":"ListItem","position":1,"name":"Hem","item":"https:\/\/www.starofhope.fi\/fi\/"},{"@type":"ListItem","position":2,"name":"Verkkokauppa","item":"https:\/\/www.starofhope.fi\/fi\/verkkokauppa\/"},{"@type":"ListItem","position":3,"name":"Jouluapu"}]},{"@type":"WebSite","@id":"https:\/\/www.starofhope.fi\/#website","url":"https:\/\/www.starofhope.fi\/","name":"Hoppets Stj\u00e4rna - Toivon t\u00e4hti","description":"Allm\u00e4nnyttig registrerad f\u00f6rening. V\u00e5r verksamhet finansieras helt genom donationer.","publisher":{"@id":"https:\/\/www.starofhope.fi\/#organization"},"potentialAction":[{"@type":"SearchAction","target":{"@type":"EntryPoint","urlTemplate":"https:\/\/www.starofhope.fi\/?s={search_term_string}"},"query-input":{"@type":"PropertyValueSpecification","valueRequired":true,"valueName":"search_term_string"}}],"inLanguage":"fi"},{"@type":"Organization","@id":"https:\/\/www.starofhope.fi\/#organization","name":"Hoppets Stj\u00e4rna - Toivon t\u00e4hti","url":"https:\/\/www.starofhope.fi\/","logo":{"@type":"ImageObject","inLanguage":"fi","@id":"https:\/\/www.starofhope.fi\/#\/schema\/logo\/image\/","url":"https:\/\/www.starofhope.fi\/wp-content\/uploads\/2022\/01\/hoppets-stjarna-toivon-tahti-web.png","contentUrl":"https:\/\/www.starofhope.fi\/wp-content\/uploads\/2022\/01\/hoppets-stjarna-toivon-tahti-web.png","width":225,"height":82,"caption":"Hoppets Stj\u00e4rna - Toivon t\u00e4hti"},"image":{"@id":"https:\/\/www.starofhope.fi\/#\/schema\/logo\/image\/"},"sameAs":["https:\/\/www.facebook.com\/hoppetsstjarnafinland"]}]}},"_links":{"self":[{"href":"https:\/\/www.starofhope.fi\/fi\/wp-json\/wp\/v2\/product\/2228","targetHints":{"allow":["GET"]}}],"collection":[{"href":"https:\/\/www.starofhope.fi\/fi\/wp-json\/wp\/v2\/product"}],"about":[{"href":"https:\/\/www.starofhope.fi\/fi\/wp-json\/wp\/v2\/types\/product"}],"wp:featuredmedia":[{"embeddable":true,"href":"https:\/\/www.starofhope.fi\/fi\/wp-json\/wp\/v2\/media\/4327"}],"wp:attachment":[{"href":"https:\/\/www.starofhope.fi\/fi\/wp-json\/wp\/v2\/media?parent=2228"}],"wp:term":[{"taxonomy":"product_brand","embeddable":true,"href":"https:\/\/www.starofhope.fi\/fi\/wp-json\/wp\/v2\/product_brand?post=2228"},{"taxonomy":"product_cat","embeddable":true,"href":"https:\/\/www.starofhope.fi\/fi\/wp-json\/wp\/v2\/product_cat?post=2228"},{"taxonomy":"product_tag","embeddable":true,"href":"https:\/\/www.starofhope.fi\/fi\/wp-json\/wp\/v2\/product_tag?post=2228"}],"curies":[{"name":"wp","href":"https:\/\/api.w.org\/{rel}","templated":true}]}}