{"id":2215,"date":"2021-09-24T15:07:47","date_gmt":"2021-09-24T12:07:47","guid":{"rendered":"https:\/\/hoppetstjarna.netserver.fi\/?post_type=product&#038;p=2215"},"modified":"2025-07-07T12:41:55","modified_gmt":"2025-07-07T09:41:55","slug":"kouluapu","status":"publish","type":"product","link":"https:\/\/www.starofhope.fi\/fi\/tuote\/kouluapu\/","title":{"rendered":"Kouluapu"},"content":{"rendered":"<h1><strong>Koulutus luo mahdollisuuksia<\/strong><\/h1>\n<p>Toivon T\u00e4hti on yli 35 vuoden ajan ty\u00f6skennellyt sen eteen, ett\u00e4 haavoittuvassa asemassa olevat lapset ja nuoret saisivat mahdollisuuden koulunk\u00e4yntiin. Koulutuksen kautta he saavat paitsi tietoa, my\u00f6s uskoa tulevaisuuteen, mahdollisuuksia ja tien ulos k\u00f6yhyydest\u00e4.<\/p>\n<p><strong>Haluatko auttaa?<\/strong><\/p>\n<p>\ud83c\udf92 <strong>Kouluapu<\/strong> on ker\u00e4yksemme, jossa ker\u00e4\u00e4mme <strong>rahalahjoituksia, koulureppuja ja koulutarvikkeita<\/strong>. Reput jaetaan lapsille ja nuorille <strong>Latviassa ja Liettuassa<\/strong>. Rahalahjoitukset k\u00e4ytet\u00e4\u00e4n koulutarvikkeiden hankintaan sek\u00e4 <strong>opiskelustipendeihin<\/strong> nuorille kaikissa projekteissamme.<\/p>\n<p><strong>Rahalahjoitus on eritt\u00e4in arvokas!<\/strong><br \/>\nVoit lahjoittaa tilillemme<strong> FI57 4963 1040 0374 39 <\/strong>k\u00e4ytt\u00e4en viitenumeroa <strong>10016 <\/strong>tai<br \/>\n<strong> MobilePayn <\/strong>kautta numeroon<strong> 60594<\/strong>, merkitse maksuun:<strong> Kouluapu.<\/strong><\/p>\n<p><strong>Lahjoita iloa tuova koulureppu \u2013 n\u00e4in osallistut:<\/strong><\/p>\n<p>1\ufe0f\u20e3Tarvitset uuden tai hyv\u00e4kuntoisen k\u00e4ytetyn repun, joka on <strong>ehj\u00e4 ja puhdas<\/strong>.<\/p>\n<p>2\ufe0f\u20e3T\u00e4yt\u00e4 reppu koulutarvikkeilla, esim. lyijykyn\u00e4t, pyyhekumi, penaali, viivotin, v\u00e4rikyn\u00e4t, liimapuikko, sakset, vihkot. Kiinnit\u00e4 reppuun lappu, jossa kerrot onko reppu tarkoitettu tyt\u00f6lle vai pojalle ja mille ik\u00e4ryhm\u00e4lle, esim. <em>Girl 13\u201316 years<\/em>.<br \/>\nHuom! Koulutarvikkeiden tulee olla k\u00e4ytt\u00e4m\u00e4tt\u00f6mi\u00e4.<\/p>\n<p>3\ufe0f\u20e3 Reppuun voi my\u00f6s lis\u00e4t\u00e4 esim. hygieniatuotteita, karkkia, v\u00e4rityskirjoja, vesiv\u00e4rej\u00e4, tarroja, heijastimen, lapasia tai muuta ilahduttavaa.<\/p>\n<p>4\ufe0f\u20e3Toimita reppu johonkin ker\u00e4yspaikoistamme.<\/p>\n<p>Voit my\u00f6s lahjoittaa pelkki\u00e4 koulutarvikkeita tai muuta, mit\u00e4 voidaan laittaa reppuihin.<br \/>\nOtamme mielell\u00e4mme vastaan lahjoituksia my\u00f6s yrityksilt\u00e4.<\/p>\n<h4><strong>\ud83d\udca1Vinkki! J\u00e4rjest\u00e4k\u00e4\u00e4 reppuker\u00e4ys ty\u00f6paikalla tai koulussa!\ud83c\udfeb\ud83d\udcbc<\/strong><\/h4>\n<p><strong>Tuo reppu viimeist\u00e4\u00e4n 18.6.<\/strong><\/p>\n<p><span data-contrast=\"auto\">Repun voit my\u00f6s postittaa meille:<br \/>\n<\/span>Toivon t\u00e4hti r.y.<br \/>\nTiilitehtaantie 7 A<br \/>\n64200 N\u00e4rpi\u00f6<span style=\"color: #555555;\" data-ccp-props=\"{&quot;201341983&quot;:0,&quot;335559739&quot;:0,&quot;335559740&quot;:240}\">\u00a0<\/span><\/p>\n<p><span data-contrast=\"auto\"><b>Minne selk\u00e4reput vied\u00e4\u00e4n?<\/b>\u00a0<\/span><\/p>\n<p><span data-contrast=\"auto\">Selk\u00e4reput kuljetetaan Latviaan ja Liettuaan ja jaetaan koululaisille. Latviassa selk\u00e4reput jaetaan Balvin maakunnassa<\/span><span data-ccp-props=\"{&quot;201341983&quot;:0,&quot;335559739&quot;:0,&quot;335559740&quot;:240}\">\u00a0<\/span><span data-contrast=\"auto\">It\u00e4-Latviassa, ja erityiskouluissa ymp\u00e4ri koko maata. Liettuassa reput jaetaan Zarazain maakunnassa It\u00e4-Liettuassa.<\/span><span data-ccp-props=\"{&quot;201341983&quot;:0,&quot;335559739&quot;:0,&quot;335559740&quot;:240}\">\u00a0<\/span><\/p>\n<p>Lis\u00e4tietoja saat puhelimitse 06 2253 698 tai s\u00e4hk\u00f6postitse info@starofhope.fi<\/p>\n<p><span data-contrast=\"auto\"><strong>Reput voi toimita seuraaviin paikkoihin:<\/strong><br \/>\nN\u00e4rpi\u00f6:<\/span> <span data-contrast=\"auto\">Toivon t\u00e4hti second hand, Tiilitehtaantie 7A, <\/span><span data-contrast=\"auto\">arkisin klo 10-17, la 10-15<\/span><span data-ccp-props=\"{&quot;201341983&quot;:0,&quot;335559739&quot;:0,&quot;335559740&quot;:240}\"><br \/>\n<\/span><span data-contrast=\"auto\">Vaasa:<\/span> <span data-contrast=\"auto\">Toivon t\u00e4hti second hand, <\/span><span data-contrast=\"auto\">Rauhankatu 20, arkisin klo 10-17, la 10-15<\/span><span data-ccp-props=\"{&quot;201341983&quot;:0,&quot;335559739&quot;:0,&quot;335559740&quot;:240}\">\u00a0<\/span><\/p>\n<p><span data-contrast=\"auto\">Sundom:<\/span> <span data-contrast=\"auto\">Bernice Sten, puh. 040\u202f404 0677<\/span><span data-ccp-props=\"{&quot;201341983&quot;:0,&quot;335559739&quot;:0,&quot;335559740&quot;:240}\"><br \/>\n<\/span><span data-contrast=\"auto\">Maksamaa, V<\/span><span data-contrast=\"auto\">\u00f6yri<\/span><span data-contrast=\"auto\">:<\/span> <span data-contrast=\"auto\">Rut ja H\u00e5kan Westerlund, puh. 040\u202f350 7222<\/span><span data-ccp-props=\"{&quot;201341983&quot;:0,&quot;335559739&quot;:0,&quot;335559740&quot;:240}\"><br \/>\n<\/span><span data-contrast=\"auto\">Oravainen:<\/span> <span data-contrast=\"auto\">Peter \u00c5backa, puh. 050 350 5971, <\/span><span data-contrast=\"auto\">Carl-David Wallin, puh. 050 086 1316<\/span><span data-ccp-props=\"{&quot;201341983&quot;:0,&quot;335559739&quot;:0,&quot;335559740&quot;:240}\"><br \/>\n<\/span><span data-contrast=\"auto\">Jepua:<\/span> <span data-contrast=\"auto\">K\u00e4llan, Birgitta Kronqvist, puh. 050\u202f320 1754<br \/>\n<\/span><span data-ccp-props=\"{&quot;201341983&quot;:0,&quot;335559739&quot;:0,&quot;335559740&quot;:240}\">\u00c4ht\u00e4v\u00e4: Lotta Smeds, puh. 050 408 7036<br \/>\n<\/span><span data-contrast=\"auto\">Vantaa:<\/span> <span data-contrast=\"auto\">Sirkka ja Markku Saarinen, puh. 050\u202f341 0781<\/span><span data-ccp-props=\"{&quot;201341983&quot;:0,&quot;335559739&quot;:0,&quot;335559740&quot;:240}\">\u00a0<\/span><\/p>\n<h1><strong>Tieto on tie pois pimeydest\u00e4! \u00a0\ud83d\udc99<\/strong><\/h1>\n","protected":false},"excerpt":{"rendered":"<h3><strong>Rakennetaan tulevaisuutta yhdess\u00e4 \u2013 reppu kerrallaan!<\/strong><\/h3>\n<p>Kun rahat eiv\u00e4t riit\u00e4 edes ruokaan, on vaikea ostaa koulureppua tai kyni\u00e4.<br \/>\nKoulun alkaessa huoli ja ulkopuolisuuden tunne kasvavat monen lapsen mieless\u00e4.<br \/>\nNuorelle, jolla ei ole taloudellista tukea, tulevaisuus voi tuntua kaukaiselta.<\/p>\n<p>Kouluavun kautta autamme koulutarvikkeilla ja opiskelustipendeill\u00e4.<br \/>\nLahjasi tuo toivoa, turvaa ja mahdollisuuden parempaan tulevaisuuteen.<\/p>\n<div class=\"widget_wc-donation-widget\" id=\"wc_donation_on_shortcode_2561\"><style>\n\t:root {\n\t\t--wc-bg-color: #B54521;\n\t\t--wc-txt-color: #FFFFFF;\n\t}\n\n\t\t\t\t#wc_donation_on_shortcode_2561 .price-wrapper::after {\n\t\t\t\tbackground: #B54521;\n\t\t\t\tcolor: #FFFFFF\t\t\t}\n\t\t\t\t\t#wc_donation_on_shortcode_2561 .wc-input-text {\n\t\t\tborder-color: #B54521!important\n\t\t}\n\n\t\t#wc_donation_on_shortcode_2561 .checkmark {\n\t\t\tborder-color: #B54521!important\n\t\t}\n\t\t#wc_donation_on_shortcode_2561 .wc-label-radio input:checked ~ .checkmark {\n\t\t\tbackground-color: #B54521\t\t}\n\t\t#wc_donation_on_shortcode_2561 .wc-label-radio .checkmark:after {\n\t\t\tborder-color: #FFFFFF!important\n\t\t}\n\t\t#wc_donation_on_shortcode_2561 .wc-label-button {\n\t\t\tborder-color: #B54521!important;\n\t\t\tcolor: #B54521!important\n\t\t}\n\t\t#wc_donation_on_shortcode_2561 label.wc-label-button.wc-active {\n\t\t\tbackground-color: #B54521!important;\n\t\t\tcolor: #FFFFFF!important\n\t\t}\n\t\t#wc_donation_on_shortcode_2561 .wc_progressBarContainer > ul > li.wc_progress div.progressbar {\n\t\t\tbackground: #333333\t\t}\n\t\t<\/style>\n<div class=\"wc-donation-in-action\" data-donation-type=\"free-value\">\n\t<div class=\"campaign-title\">\n\t\t<h4>Tee kertalahjoitus<\/h4>\n\t<\/div>\t\n\t<div class=\"block-campaign-thumbnail\">\n\t\t\t\t\t<img loading=\"lazy\" decoding=\"async\" width=\"160\" height=\"160\" src=\"https:\/\/www.starofhope.fi\/wp-content\/plugins\/donation-for-woocommerce\/assets\/images\/no-image-cart-campaign.png\" class=\"attachment-160x160 size-160x160 wp-post-image\">\n\t\t\t<\/div>\n\t<div class=\"in-action-elements\">\n\t\t<style>\n\t.dashicons-money-alt:before {\n\t\tfont-size: 36px !important;\n\t\tpadding-bottom: 20px !important;\n\t}\n<\/style>\n<div class=\"row1\">\n\t<h3 class=\"wc-donation-title \">\n\t\t\t\tTee kertalahjoitus\t<\/h3>\n\t\t\t\t<div class=\"price-wrapper after\" currency=\"&euro;\">\n\t\t\t\t<input type=\"text\" data-min=\"10\" data-max=\"2000\" data-campaign_id=\"2561\" data-rand_id=\"483\" onKeyup=\"return NumbersOnly(this, event, true);\" class=\"grab-donation wc-input-text donate_2561_483 after\" Placeholder=\"T\u00e4ytt\u00e4\u00e4 10 - 2000\" name=\"wc-donation-price\" >\n\t\t\t\t<!-- <div class=\"wc-donation-tooltip\" style=\"display: none;\">\n\t\t\t\t\t<span class=\"wc-donation-tooltip-icon\">i<\/span>\n\t\t\t\t\t<span class=\"wc-donation-tooltip-text\">T\u00e4ytt\u00e4\u00e4 10 - 2000<\/span>\n\t\t\t\t<\/div> -->\n\t\t\t<\/div>\n\t\t\t<input type=\"hidden\" id=\"wc-donation-price-2561_483\" class=\"donate_2561_483\" name=\"wc-donation-price\" value=\"\"><input type=\"hidden\" id=\"wc-donation-cause-2561_483\" class=\"donate_cause_2561_483\" name=\"wc-donation-cause\" value=\"\"><\/div>\n<div class=\"row2\">\n\t\t\n\n\t<input type=\"hidden\" name=\"wc_donation_camp\" id=\"wc_donation_camp_2561_483\" class=\"wc_donation_camp\" value=\"2561\">\n\t<input type=\"hidden\" name=\"wc_rand_id\" class=\"wp_rand\" value=\"483\">\n\t<button class=\"button wc-donation-f-submit-donation\" data-min-value=\"10\" data-max-value=\"2000\" data-type=\"shortcode\" style=\"background-color:#B54521;border-color:#B54521;color:#FFFFFF;\" id='wc-donation-f-submit-donation' value='Donate'>Lahjoita<\/button>\n\t<\/div>\n\t<\/div>\n<\/div>\n<div style=\"clear:both;height:1px;\">&nbsp;<\/div>\n<\/div>\n","protected":false},"featured_media":4226,"template":"","meta":[],"product_brand":[],"product_cat":[35],"product_tag":[],"class_list":{"0":"post-2215","1":"product","2":"type-product","3":"status-publish","4":"has-post-thumbnail","6":"product_cat-kerayksemme","7":"tm-has-options","9":"first","10":"instock","11":"shipping-taxable","12":"product-type-external"},"yoast_head":"<!-- This site is optimized with the Yoast SEO plugin v26.9 - https:\/\/yoast.com\/product\/yoast-seo-wordpress\/ -->\n<title>Kouluapu - Hoppets Stj\u00e4rna - Toivon t\u00e4hti<\/title>\n<meta name=\"description\" content=\"Kun rahat eiv\u00e4t riit\u00e4 edes ruokaan, on vaikea ostaa koulureppua tai kyni\u00e4.Koulun alkaessa huoli ja ulkopuolisuuden tunne kasvavat monen lapsen mieless\u00e4.Nuorelle, jolla ei ole taloudellista tukea, tulevaisuus voi tuntua kaukaiselta.Kouluavun kautta autamme koulutarvikkeilla ja opiskelustipendeill\u00e4.Lahjasi tuo toivoa, turvaa ja mahdollisuuden parempaan tulevaisuuteen.\" \/>\n<meta name=\"robots\" content=\"index, follow, max-snippet:-1, max-image-preview:large, max-video-preview:-1\" \/>\n<link rel=\"canonical\" href=\"https:\/\/www.starofhope.fi\/fi\/tuote\/kouluapu\/\" \/>\n<meta property=\"og:locale\" content=\"fi_FI\" \/>\n<meta property=\"og:type\" content=\"article\" \/>\n<meta property=\"og:title\" content=\"Rakennetaan tulevaisuutta yhdess\u00e4- reppu kerrallaan!\" \/>\n<meta property=\"og:description\" content=\"Kun rahat eiv\u00e4t riit\u00e4 edes ruokaan, on vaikea ostaa koulureppua tai kyni\u00e4.Koulun alkaessa huoli ja ulkopuolisuuden tunne kasvavat monen lapsen mieless\u00e4.Nuorelle, jolla ei ole taloudellista tukea, tulevaisuus voi tuntua kaukaiselta.Kouluavun kautta autamme koulutarvikkeilla ja opiskelustipendeill\u00e4.Lahjasi tuo toivoa, turvaa ja mahdollisuuden parempaan tulevaisuuteen.\" \/>\n<meta property=\"og:url\" content=\"https:\/\/www.starofhope.fi\/fi\/tuote\/kouluapu\/\" \/>\n<meta property=\"og:site_name\" content=\"Hoppets Stj\u00e4rna - Toivon t\u00e4hti\" \/>\n<meta property=\"article:publisher\" content=\"https:\/\/www.facebook.com\/hoppetsstjarnafinland\" \/>\n<meta property=\"article:modified_time\" content=\"2025-07-07T09:41:55+00:00\" \/>\n<meta property=\"og:image\" content=\"https:\/\/www.starofhope.fi\/wp-content\/uploads\/2021\/09\/Kouluapu_some.jpg\" \/>\n\t<meta property=\"og:image:width\" content=\"874\" \/>\n\t<meta property=\"og:image:height\" content=\"874\" \/>\n\t<meta property=\"og:image:type\" content=\"image\/jpeg\" \/>\n<meta name=\"twitter:card\" content=\"summary_large_image\" \/>\n<meta name=\"twitter:label1\" content=\"Arvioitu lukuaika\" \/>\n\t<meta name=\"twitter:data1\" content=\"2 minuuttia\" \/>\n<script type=\"application\/ld+json\" class=\"yoast-schema-graph\">{\"@context\":\"https:\/\/schema.org\",\"@graph\":[{\"@type\":\"WebPage\",\"@id\":\"https:\/\/www.starofhope.fi\/fi\/tuote\/kouluapu\/\",\"url\":\"https:\/\/www.starofhope.fi\/fi\/tuote\/kouluapu\/\",\"name\":\"Kouluapu - Hoppets Stj\u00e4rna - Toivon t\u00e4hti\",\"isPartOf\":{\"@id\":\"https:\/\/www.starofhope.fi\/#website\"},\"primaryImageOfPage\":{\"@id\":\"https:\/\/www.starofhope.fi\/fi\/tuote\/kouluapu\/#primaryimage\"},\"image\":{\"@id\":\"https:\/\/www.starofhope.fi\/fi\/tuote\/kouluapu\/#primaryimage\"},\"thumbnailUrl\":\"https:\/\/www.starofhope.fi\/wp-content\/uploads\/2021\/09\/Kouluapu_some-1.jpg\",\"datePublished\":\"2021-09-24T12:07:47+00:00\",\"dateModified\":\"2025-07-07T09:41:55+00:00\",\"description\":\"Kun rahat eiv\u00e4t riit\u00e4 edes ruokaan, on vaikea ostaa koulureppua tai kyni\u00e4.Koulun alkaessa huoli ja ulkopuolisuuden tunne kasvavat monen lapsen mieless\u00e4.Nuorelle, jolla ei ole taloudellista tukea, tulevaisuus voi tuntua kaukaiselta.Kouluavun kautta autamme koulutarvikkeilla ja opiskelustipendeill\u00e4.Lahjasi tuo toivoa, turvaa ja mahdollisuuden parempaan tulevaisuuteen.\",\"breadcrumb\":{\"@id\":\"https:\/\/www.starofhope.fi\/fi\/tuote\/kouluapu\/#breadcrumb\"},\"inLanguage\":\"fi\",\"potentialAction\":[{\"@type\":\"ReadAction\",\"target\":[\"https:\/\/www.starofhope.fi\/fi\/tuote\/kouluapu\/\"]}]},{\"@type\":\"ImageObject\",\"inLanguage\":\"fi\",\"@id\":\"https:\/\/www.starofhope.fi\/fi\/tuote\/kouluapu\/#primaryimage\",\"url\":\"https:\/\/www.starofhope.fi\/wp-content\/uploads\/2021\/09\/Kouluapu_some-1.jpg\",\"contentUrl\":\"https:\/\/www.starofhope.fi\/wp-content\/uploads\/2021\/09\/Kouluapu_some-1.jpg\",\"width\":874,\"height\":874,\"caption\":\"Kun rahat eiv\u00e4t riit\u00e4 edes ruokaan, on vaikea ostaa koulureppua tai kyni\u00e4. Koulun alkaessa huoli ja ulkopuolisuuden tunne kasvavat monen lapsen mieless\u00e4. Nuorelle, jolla ei ole taloudellista tukea, tulevaisuus voi tuntua kaukaiselta.\"},{\"@type\":\"BreadcrumbList\",\"@id\":\"https:\/\/www.starofhope.fi\/fi\/tuote\/kouluapu\/#breadcrumb\",\"itemListElement\":[{\"@type\":\"ListItem\",\"position\":1,\"name\":\"Hem\",\"item\":\"https:\/\/www.starofhope.fi\/fi\/\"},{\"@type\":\"ListItem\",\"position\":2,\"name\":\"Verkkokauppa\",\"item\":\"https:\/\/www.starofhope.fi\/fi\/verkkokauppa\/\"},{\"@type\":\"ListItem\",\"position\":3,\"name\":\"Kouluapu\"}]},{\"@type\":\"WebSite\",\"@id\":\"https:\/\/www.starofhope.fi\/#website\",\"url\":\"https:\/\/www.starofhope.fi\/\",\"name\":\"Hoppets Stj\u00e4rna - Toivon t\u00e4hti\",\"description\":\"Allm\u00e4nnyttig registrerad f\u00f6rening. V\u00e5r verksamhet finansieras helt genom donationer.\",\"publisher\":{\"@id\":\"https:\/\/www.starofhope.fi\/#organization\"},\"potentialAction\":[{\"@type\":\"SearchAction\",\"target\":{\"@type\":\"EntryPoint\",\"urlTemplate\":\"https:\/\/www.starofhope.fi\/?s={search_term_string}\"},\"query-input\":{\"@type\":\"PropertyValueSpecification\",\"valueRequired\":true,\"valueName\":\"search_term_string\"}}],\"inLanguage\":\"fi\"},{\"@type\":\"Organization\",\"@id\":\"https:\/\/www.starofhope.fi\/#organization\",\"name\":\"Hoppets Stj\u00e4rna - Toivon t\u00e4hti\",\"url\":\"https:\/\/www.starofhope.fi\/\",\"logo\":{\"@type\":\"ImageObject\",\"inLanguage\":\"fi\",\"@id\":\"https:\/\/www.starofhope.fi\/#\/schema\/logo\/image\/\",\"url\":\"https:\/\/www.starofhope.fi\/wp-content\/uploads\/2022\/01\/hoppets-stjarna-toivon-tahti-web.png\",\"contentUrl\":\"https:\/\/www.starofhope.fi\/wp-content\/uploads\/2022\/01\/hoppets-stjarna-toivon-tahti-web.png\",\"width\":225,\"height\":82,\"caption\":\"Hoppets Stj\u00e4rna - Toivon t\u00e4hti\"},\"image\":{\"@id\":\"https:\/\/www.starofhope.fi\/#\/schema\/logo\/image\/\"},\"sameAs\":[\"https:\/\/www.facebook.com\/hoppetsstjarnafinland\"]}]}<\/script>\n<!-- \/ Yoast SEO plugin. -->","yoast_head_json":{"title":"Kouluapu - Hoppets Stj\u00e4rna - Toivon t\u00e4hti","description":"Kun rahat eiv\u00e4t riit\u00e4 edes ruokaan, on vaikea ostaa koulureppua tai kyni\u00e4.Koulun alkaessa huoli ja ulkopuolisuuden tunne kasvavat monen lapsen mieless\u00e4.Nuorelle, jolla ei ole taloudellista tukea, tulevaisuus voi tuntua kaukaiselta.Kouluavun kautta autamme koulutarvikkeilla ja opiskelustipendeill\u00e4.Lahjasi tuo toivoa, turvaa ja mahdollisuuden parempaan tulevaisuuteen.","robots":{"index":"index","follow":"follow","max-snippet":"max-snippet:-1","max-image-preview":"max-image-preview:large","max-video-preview":"max-video-preview:-1"},"canonical":"https:\/\/www.starofhope.fi\/fi\/tuote\/kouluapu\/","og_locale":"fi_FI","og_type":"article","og_title":"Rakennetaan tulevaisuutta yhdess\u00e4- reppu kerrallaan!","og_description":"Kun rahat eiv\u00e4t riit\u00e4 edes ruokaan, on vaikea ostaa koulureppua tai kyni\u00e4.Koulun alkaessa huoli ja ulkopuolisuuden tunne kasvavat monen lapsen mieless\u00e4.Nuorelle, jolla ei ole taloudellista tukea, tulevaisuus voi tuntua kaukaiselta.Kouluavun kautta autamme koulutarvikkeilla ja opiskelustipendeill\u00e4.Lahjasi tuo toivoa, turvaa ja mahdollisuuden parempaan tulevaisuuteen.","og_url":"https:\/\/www.starofhope.fi\/fi\/tuote\/kouluapu\/","og_site_name":"Hoppets Stj\u00e4rna - Toivon t\u00e4hti","article_publisher":"https:\/\/www.facebook.com\/hoppetsstjarnafinland","article_modified_time":"2025-07-07T09:41:55+00:00","og_image":[{"width":874,"height":874,"url":"https:\/\/www.starofhope.fi\/wp-content\/uploads\/2021\/09\/Kouluapu_some.jpg","type":"image\/jpeg"}],"twitter_card":"summary_large_image","twitter_misc":{"Arvioitu lukuaika":"2 minuuttia"},"schema":{"@context":"https:\/\/schema.org","@graph":[{"@type":"WebPage","@id":"https:\/\/www.starofhope.fi\/fi\/tuote\/kouluapu\/","url":"https:\/\/www.starofhope.fi\/fi\/tuote\/kouluapu\/","name":"Kouluapu - Hoppets Stj\u00e4rna - Toivon t\u00e4hti","isPartOf":{"@id":"https:\/\/www.starofhope.fi\/#website"},"primaryImageOfPage":{"@id":"https:\/\/www.starofhope.fi\/fi\/tuote\/kouluapu\/#primaryimage"},"image":{"@id":"https:\/\/www.starofhope.fi\/fi\/tuote\/kouluapu\/#primaryimage"},"thumbnailUrl":"https:\/\/www.starofhope.fi\/wp-content\/uploads\/2021\/09\/Kouluapu_some-1.jpg","datePublished":"2021-09-24T12:07:47+00:00","dateModified":"2025-07-07T09:41:55+00:00","description":"Kun rahat eiv\u00e4t riit\u00e4 edes ruokaan, on vaikea ostaa koulureppua tai kyni\u00e4.Koulun alkaessa huoli ja ulkopuolisuuden tunne kasvavat monen lapsen mieless\u00e4.Nuorelle, jolla ei ole taloudellista tukea, tulevaisuus voi tuntua kaukaiselta.Kouluavun kautta autamme koulutarvikkeilla ja opiskelustipendeill\u00e4.Lahjasi tuo toivoa, turvaa ja mahdollisuuden parempaan tulevaisuuteen.","breadcrumb":{"@id":"https:\/\/www.starofhope.fi\/fi\/tuote\/kouluapu\/#breadcrumb"},"inLanguage":"fi","potentialAction":[{"@type":"ReadAction","target":["https:\/\/www.starofhope.fi\/fi\/tuote\/kouluapu\/"]}]},{"@type":"ImageObject","inLanguage":"fi","@id":"https:\/\/www.starofhope.fi\/fi\/tuote\/kouluapu\/#primaryimage","url":"https:\/\/www.starofhope.fi\/wp-content\/uploads\/2021\/09\/Kouluapu_some-1.jpg","contentUrl":"https:\/\/www.starofhope.fi\/wp-content\/uploads\/2021\/09\/Kouluapu_some-1.jpg","width":874,"height":874,"caption":"Kun rahat eiv\u00e4t riit\u00e4 edes ruokaan, on vaikea ostaa koulureppua tai kyni\u00e4. Koulun alkaessa huoli ja ulkopuolisuuden tunne kasvavat monen lapsen mieless\u00e4. Nuorelle, jolla ei ole taloudellista tukea, tulevaisuus voi tuntua kaukaiselta."},{"@type":"BreadcrumbList","@id":"https:\/\/www.starofhope.fi\/fi\/tuote\/kouluapu\/#breadcrumb","itemListElement":[{"@type":"ListItem","position":1,"name":"Hem","item":"https:\/\/www.starofhope.fi\/fi\/"},{"@type":"ListItem","position":2,"name":"Verkkokauppa","item":"https:\/\/www.starofhope.fi\/fi\/verkkokauppa\/"},{"@type":"ListItem","position":3,"name":"Kouluapu"}]},{"@type":"WebSite","@id":"https:\/\/www.starofhope.fi\/#website","url":"https:\/\/www.starofhope.fi\/","name":"Hoppets Stj\u00e4rna - Toivon t\u00e4hti","description":"Allm\u00e4nnyttig registrerad f\u00f6rening. V\u00e5r verksamhet finansieras helt genom donationer.","publisher":{"@id":"https:\/\/www.starofhope.fi\/#organization"},"potentialAction":[{"@type":"SearchAction","target":{"@type":"EntryPoint","urlTemplate":"https:\/\/www.starofhope.fi\/?s={search_term_string}"},"query-input":{"@type":"PropertyValueSpecification","valueRequired":true,"valueName":"search_term_string"}}],"inLanguage":"fi"},{"@type":"Organization","@id":"https:\/\/www.starofhope.fi\/#organization","name":"Hoppets Stj\u00e4rna - Toivon t\u00e4hti","url":"https:\/\/www.starofhope.fi\/","logo":{"@type":"ImageObject","inLanguage":"fi","@id":"https:\/\/www.starofhope.fi\/#\/schema\/logo\/image\/","url":"https:\/\/www.starofhope.fi\/wp-content\/uploads\/2022\/01\/hoppets-stjarna-toivon-tahti-web.png","contentUrl":"https:\/\/www.starofhope.fi\/wp-content\/uploads\/2022\/01\/hoppets-stjarna-toivon-tahti-web.png","width":225,"height":82,"caption":"Hoppets Stj\u00e4rna - Toivon t\u00e4hti"},"image":{"@id":"https:\/\/www.starofhope.fi\/#\/schema\/logo\/image\/"},"sameAs":["https:\/\/www.facebook.com\/hoppetsstjarnafinland"]}]}},"_links":{"self":[{"href":"https:\/\/www.starofhope.fi\/fi\/wp-json\/wp\/v2\/product\/2215","targetHints":{"allow":["GET"]}}],"collection":[{"href":"https:\/\/www.starofhope.fi\/fi\/wp-json\/wp\/v2\/product"}],"about":[{"href":"https:\/\/www.starofhope.fi\/fi\/wp-json\/wp\/v2\/types\/product"}],"wp:featuredmedia":[{"embeddable":true,"href":"https:\/\/www.starofhope.fi\/fi\/wp-json\/wp\/v2\/media\/4226"}],"wp:attachment":[{"href":"https:\/\/www.starofhope.fi\/fi\/wp-json\/wp\/v2\/media?parent=2215"}],"wp:term":[{"taxonomy":"product_brand","embeddable":true,"href":"https:\/\/www.starofhope.fi\/fi\/wp-json\/wp\/v2\/product_brand?post=2215"},{"taxonomy":"product_cat","embeddable":true,"href":"https:\/\/www.starofhope.fi\/fi\/wp-json\/wp\/v2\/product_cat?post=2215"},{"taxonomy":"product_tag","embeddable":true,"href":"https:\/\/www.starofhope.fi\/fi\/wp-json\/wp\/v2\/product_tag?post=2215"}],"curies":[{"name":"wp","href":"https:\/\/api.w.org\/{rel}","templated":true}]}}