{"id":1801,"date":"2021-05-15T10:26:56","date_gmt":"2022-10-16T08:25:03","guid":{"rendered":"https:\/\/hoppetstjarna.netserver.fi\/?post_type=product&#038;p=1801"},"modified":"2026-01-28T10:28:26","modified_gmt":"2026-01-28T08:28:26","slug":"rahalahjoitus","status":"publish","type":"product","link":"https:\/\/www.starofhope.fi\/fi\/tuote\/rahalahjoitus\/","title":{"rendered":"Rahalahjoitus"},"content":{"rendered":"<p>Voit lahjoittaa monella eri tavalla:<\/p>\n<p><strong>Lahjoitus Toivon t\u00e4hden ker\u00e4ystilille<\/strong><\/p>\n<p><strong>Vastaanotaja: <span data-olk-copy-source=\"MessageBody\">Hoppets stj\u00e4rna rf, Toivon t\u00e4hti ry<\/span><\/strong><\/p>\n<p><strong>S\u00e4\u00e4st\u00f6pankki FI57 4963 1040 0374 39 \/ ITELFIHH<br \/>\n<\/strong>Maksa suoraan tilinumerolle ja kirjoita viestiksi mit\u00e4 hanketta\/ker\u00e4yst\u00e4 haluat tukea.<\/p>\n<p><strong>Lahjoitus mobiilisovellus MobilePay:n kautta numeroon 60594<\/strong><br \/>\nLataa MobilePay k\u00e4nnykk\u00e4\u00e4si ja l\u00e4het\u00e4 haluamasi lahjoitus numeroon.<\/p>\n<p>Muista, ett\u00e4 <strong>voit antaa merkkip\u00e4iv\u00e4lahjoituksen<\/strong> Toivon t\u00e4hdelle. Ota yhteytt\u00e4 jos haluat osoittaa Toivon t\u00e4hdelle lahjoituksen!<\/p>\n","protected":false},"excerpt":{"rendered":"<h3>Auttaminen ei ole vaikeaa.<\/h3>\n<p>Toivon t\u00e4hti on olemassa koska haluamme v\u00e4litt\u00e4\u00e4 apuasi lapsille jotka tarvitsevat sit\u00e4. Avustustoimintamme perustuu yksityishenkil\u00f6iden, yrityksien ja muiden yhteis\u00f6jen lahjoituksiin. V\u00e4hint\u00e4\u00e4n 86 % lahjoituksestasi menee avun tarvitsijoille.<\/p>\n<p>Voit tehd\u00e4 kertalahjoituksen milloin tahansa. Kirjoita alla olevaan ruutuun haluamasi lahjoitussumma. Alempana kerrotaan mill\u00e4 muilla tavoin voit tehd\u00e4 rahalahjoituksen.<\/p>\n<div class=\"widget_wc-donation-widget\" id=\"wc_donation_on_shortcode_2561\"><style>\n\t:root {\n\t\t--wc-bg-color: #B54521;\n\t\t--wc-txt-color: #FFFFFF;\n\t}\n\n\t\t\t\t#wc_donation_on_shortcode_2561 .price-wrapper::after {\n\t\t\t\tbackground: #B54521;\n\t\t\t\tcolor: #FFFFFF\t\t\t}\n\t\t\t\t\t#wc_donation_on_shortcode_2561 .wc-input-text {\n\t\t\tborder-color: #B54521!important\n\t\t}\n\n\t\t#wc_donation_on_shortcode_2561 .checkmark {\n\t\t\tborder-color: #B54521!important\n\t\t}\n\t\t#wc_donation_on_shortcode_2561 .wc-label-radio input:checked ~ .checkmark {\n\t\t\tbackground-color: #B54521\t\t}\n\t\t#wc_donation_on_shortcode_2561 .wc-label-radio .checkmark:after {\n\t\t\tborder-color: #FFFFFF!important\n\t\t}\n\t\t#wc_donation_on_shortcode_2561 .wc-label-button {\n\t\t\tborder-color: #B54521!important;\n\t\t\tcolor: #B54521!important\n\t\t}\n\t\t#wc_donation_on_shortcode_2561 label.wc-label-button.wc-active {\n\t\t\tbackground-color: #B54521!important;\n\t\t\tcolor: #FFFFFF!important\n\t\t}\n\t\t#wc_donation_on_shortcode_2561 .wc_progressBarContainer > ul > li.wc_progress div.progressbar {\n\t\t\tbackground: #333333\t\t}\n\t\t<\/style>\n<div class=\"wc-donation-in-action\" data-donation-type=\"free-value\">\n\t<div class=\"campaign-title\">\n\t\t<h4>Tee kertalahjoitus<\/h4>\n\t<\/div>\t\n\t<div class=\"block-campaign-thumbnail\">\n\t\t\t\t\t<img loading=\"lazy\" decoding=\"async\" width=\"160\" height=\"160\" src=\"https:\/\/www.starofhope.fi\/wp-content\/plugins\/donation-for-woocommerce\/assets\/images\/no-image-cart-campaign.png\" class=\"attachment-160x160 size-160x160 wp-post-image\">\n\t\t\t<\/div>\n\t<div class=\"in-action-elements\">\n\t\t<style>\n\t.dashicons-money-alt:before {\n\t\tfont-size: 36px !important;\n\t\tpadding-bottom: 20px !important;\n\t}\n<\/style>\n<div class=\"row1\">\n\t<h3 class=\"wc-donation-title \">\n\t\t\t\tTee kertalahjoitus\t<\/h3>\n\t\t\t\t<div class=\"price-wrapper after\" currency=\"&euro;\">\n\t\t\t\t<input type=\"text\" data-min=\"10\" data-max=\"2000\" data-campaign_id=\"2561\" data-rand_id=\"216\" onKeyup=\"return NumbersOnly(this, event, true);\" class=\"grab-donation wc-input-text donate_2561_216 after\" Placeholder=\"T\u00e4ytt\u00e4\u00e4 10 - 2000\" name=\"wc-donation-price\" >\n\t\t\t\t<!-- <div class=\"wc-donation-tooltip\" style=\"display: none;\">\n\t\t\t\t\t<span class=\"wc-donation-tooltip-icon\">i<\/span>\n\t\t\t\t\t<span class=\"wc-donation-tooltip-text\">T\u00e4ytt\u00e4\u00e4 10 - 2000<\/span>\n\t\t\t\t<\/div> -->\n\t\t\t<\/div>\n\t\t\t<input type=\"hidden\" id=\"wc-donation-price-2561_216\" class=\"donate_2561_216\" name=\"wc-donation-price\" value=\"\"><input type=\"hidden\" id=\"wc-donation-cause-2561_216\" class=\"donate_cause_2561_216\" name=\"wc-donation-cause\" value=\"\"><\/div>\n<div class=\"row2\">\n\t\t\n\n\t<input type=\"hidden\" name=\"wc_donation_camp\" id=\"wc_donation_camp_2561_216\" class=\"wc_donation_camp\" value=\"2561\">\n\t<input type=\"hidden\" name=\"wc_rand_id\" class=\"wp_rand\" value=\"216\">\n\t<button class=\"button wc-donation-f-submit-donation\" data-min-value=\"10\" data-max-value=\"2000\" data-type=\"shortcode\" style=\"background-color:#B54521;border-color:#B54521;color:#FFFFFF;\" id='wc-donation-f-submit-donation' value='Donate'>Lahjoita<\/button>\n\t<\/div>\n\t<\/div>\n<\/div>\n<div style=\"clear:both;height:1px;\">&nbsp;<\/div>\n<\/div>\n","protected":false},"featured_media":2905,"template":"","meta":[],"product_brand":[],"product_cat":[],"product_tag":[],"class_list":{"0":"post-1801","1":"product","2":"type-product","3":"status-publish","4":"has-post-thumbnail","6":"tm-no-options","8":"first","9":"instock","10":"shipping-taxable","11":"product-type-external"},"yoast_head":"<!-- This site is optimized with the Yoast SEO plugin v26.9 - https:\/\/yoast.com\/product\/yoast-seo-wordpress\/ -->\n<title>Rahalahjoitus - Hoppets Stj\u00e4rna - Toivon t\u00e4hti<\/title>\n<meta name=\"robots\" content=\"index, follow, max-snippet:-1, max-image-preview:large, max-video-preview:-1\" \/>\n<link rel=\"canonical\" href=\"https:\/\/www.starofhope.fi\/fi\/tuote\/rahalahjoitus\/\" \/>\n<meta property=\"og:locale\" content=\"fi_FI\" \/>\n<meta property=\"og:type\" content=\"article\" \/>\n<meta property=\"og:title\" content=\"Rahalahjoitus - Hoppets Stj\u00e4rna - Toivon t\u00e4hti\" \/>\n<meta property=\"og:description\" content=\"Auttaminen ei ole vaikeaa. Toivon t\u00e4hti on olemassa koska haluamme v\u00e4litt\u00e4\u00e4 apuasi lapsille jotka tarvitsevat sit\u00e4. Avustustoimintamme perustuu yksityishenkil\u00f6iden, yrityksien ja muiden yhteis\u00f6jen lahjoituksiin. V\u00e4hint\u00e4\u00e4n 86 % lahjoituksestasi menee avun tarvitsijoille.  Voit tehd\u00e4 kertalahjoituksen milloin tahansa. Kirjoita alla olevaan ruutuun haluamasi lahjoitussumma. Alempana kerrotaan mill\u00e4 muilla tavoin voit tehd\u00e4 rahalahjoituksen.\" \/>\n<meta property=\"og:url\" content=\"https:\/\/www.starofhope.fi\/fi\/tuote\/rahalahjoitus\/\" \/>\n<meta property=\"og:site_name\" content=\"Hoppets Stj\u00e4rna - Toivon t\u00e4hti\" \/>\n<meta property=\"article:publisher\" content=\"https:\/\/www.facebook.com\/hoppetsstjarnafinland\" \/>\n<meta property=\"article:modified_time\" content=\"2026-01-28T08:28:26+00:00\" \/>\n<meta property=\"og:image\" content=\"https:\/\/www.starofhope.fi\/wp-content\/uploads\/2023\/06\/IMG_9149-scaled.jpg\" \/>\n\t<meta property=\"og:image:width\" content=\"2560\" \/>\n\t<meta property=\"og:image:height\" content=\"1920\" \/>\n\t<meta property=\"og:image:type\" content=\"image\/jpeg\" \/>\n<meta name=\"twitter:card\" content=\"summary_large_image\" \/>\n<meta name=\"twitter:label1\" content=\"Arvioitu lukuaika\" \/>\n\t<meta name=\"twitter:data1\" content=\"1 minuutti\" \/>\n<script type=\"application\/ld+json\" class=\"yoast-schema-graph\">{\"@context\":\"https:\/\/schema.org\",\"@graph\":[{\"@type\":\"WebPage\",\"@id\":\"https:\/\/www.starofhope.fi\/fi\/tuote\/rahalahjoitus\/\",\"url\":\"https:\/\/www.starofhope.fi\/fi\/tuote\/rahalahjoitus\/\",\"name\":\"Rahalahjoitus - Hoppets Stj\u00e4rna - Toivon t\u00e4hti\",\"isPartOf\":{\"@id\":\"https:\/\/www.starofhope.fi\/#website\"},\"primaryImageOfPage\":{\"@id\":\"https:\/\/www.starofhope.fi\/fi\/tuote\/rahalahjoitus\/#primaryimage\"},\"image\":{\"@id\":\"https:\/\/www.starofhope.fi\/fi\/tuote\/rahalahjoitus\/#primaryimage\"},\"thumbnailUrl\":\"https:\/\/www.starofhope.fi\/wp-content\/uploads\/2023\/06\/IMG_9149-scaled.jpg\",\"datePublished\":\"2022-10-16T08:25:03+00:00\",\"dateModified\":\"2026-01-28T08:28:26+00:00\",\"breadcrumb\":{\"@id\":\"https:\/\/www.starofhope.fi\/fi\/tuote\/rahalahjoitus\/#breadcrumb\"},\"inLanguage\":\"fi\",\"potentialAction\":[{\"@type\":\"ReadAction\",\"target\":[\"https:\/\/www.starofhope.fi\/fi\/tuote\/rahalahjoitus\/\"]}]},{\"@type\":\"ImageObject\",\"inLanguage\":\"fi\",\"@id\":\"https:\/\/www.starofhope.fi\/fi\/tuote\/rahalahjoitus\/#primaryimage\",\"url\":\"https:\/\/www.starofhope.fi\/wp-content\/uploads\/2023\/06\/IMG_9149-scaled.jpg\",\"contentUrl\":\"https:\/\/www.starofhope.fi\/wp-content\/uploads\/2023\/06\/IMG_9149-scaled.jpg\",\"width\":2560,\"height\":1920},{\"@type\":\"BreadcrumbList\",\"@id\":\"https:\/\/www.starofhope.fi\/fi\/tuote\/rahalahjoitus\/#breadcrumb\",\"itemListElement\":[{\"@type\":\"ListItem\",\"position\":1,\"name\":\"Hem\",\"item\":\"https:\/\/www.starofhope.fi\/fi\/\"},{\"@type\":\"ListItem\",\"position\":2,\"name\":\"Verkkokauppa\",\"item\":\"https:\/\/www.starofhope.fi\/fi\/verkkokauppa\/\"},{\"@type\":\"ListItem\",\"position\":3,\"name\":\"Rahalahjoitus\"}]},{\"@type\":\"WebSite\",\"@id\":\"https:\/\/www.starofhope.fi\/#website\",\"url\":\"https:\/\/www.starofhope.fi\/\",\"name\":\"Hoppets Stj\u00e4rna - Toivon t\u00e4hti\",\"description\":\"Allm\u00e4nnyttig registrerad f\u00f6rening. V\u00e5r verksamhet finansieras helt genom donationer.\",\"publisher\":{\"@id\":\"https:\/\/www.starofhope.fi\/#organization\"},\"potentialAction\":[{\"@type\":\"SearchAction\",\"target\":{\"@type\":\"EntryPoint\",\"urlTemplate\":\"https:\/\/www.starofhope.fi\/?s={search_term_string}\"},\"query-input\":{\"@type\":\"PropertyValueSpecification\",\"valueRequired\":true,\"valueName\":\"search_term_string\"}}],\"inLanguage\":\"fi\"},{\"@type\":\"Organization\",\"@id\":\"https:\/\/www.starofhope.fi\/#organization\",\"name\":\"Hoppets Stj\u00e4rna - Toivon t\u00e4hti\",\"url\":\"https:\/\/www.starofhope.fi\/\",\"logo\":{\"@type\":\"ImageObject\",\"inLanguage\":\"fi\",\"@id\":\"https:\/\/www.starofhope.fi\/#\/schema\/logo\/image\/\",\"url\":\"https:\/\/www.starofhope.fi\/wp-content\/uploads\/2022\/01\/hoppets-stjarna-toivon-tahti-web.png\",\"contentUrl\":\"https:\/\/www.starofhope.fi\/wp-content\/uploads\/2022\/01\/hoppets-stjarna-toivon-tahti-web.png\",\"width\":225,\"height\":82,\"caption\":\"Hoppets Stj\u00e4rna - Toivon t\u00e4hti\"},\"image\":{\"@id\":\"https:\/\/www.starofhope.fi\/#\/schema\/logo\/image\/\"},\"sameAs\":[\"https:\/\/www.facebook.com\/hoppetsstjarnafinland\"]}]}<\/script>\n<!-- \/ Yoast SEO plugin. -->","yoast_head_json":{"title":"Rahalahjoitus - Hoppets Stj\u00e4rna - Toivon t\u00e4hti","robots":{"index":"index","follow":"follow","max-snippet":"max-snippet:-1","max-image-preview":"max-image-preview:large","max-video-preview":"max-video-preview:-1"},"canonical":"https:\/\/www.starofhope.fi\/fi\/tuote\/rahalahjoitus\/","og_locale":"fi_FI","og_type":"article","og_title":"Rahalahjoitus - Hoppets Stj\u00e4rna - Toivon t\u00e4hti","og_description":"Auttaminen ei ole vaikeaa. Toivon t\u00e4hti on olemassa koska haluamme v\u00e4litt\u00e4\u00e4 apuasi lapsille jotka tarvitsevat sit\u00e4. Avustustoimintamme perustuu yksityishenkil\u00f6iden, yrityksien ja muiden yhteis\u00f6jen lahjoituksiin. V\u00e4hint\u00e4\u00e4n 86 % lahjoituksestasi menee avun tarvitsijoille.  Voit tehd\u00e4 kertalahjoituksen milloin tahansa. Kirjoita alla olevaan ruutuun haluamasi lahjoitussumma. Alempana kerrotaan mill\u00e4 muilla tavoin voit tehd\u00e4 rahalahjoituksen.","og_url":"https:\/\/www.starofhope.fi\/fi\/tuote\/rahalahjoitus\/","og_site_name":"Hoppets Stj\u00e4rna - Toivon t\u00e4hti","article_publisher":"https:\/\/www.facebook.com\/hoppetsstjarnafinland","article_modified_time":"2026-01-28T08:28:26+00:00","og_image":[{"width":2560,"height":1920,"url":"https:\/\/www.starofhope.fi\/wp-content\/uploads\/2023\/06\/IMG_9149-scaled.jpg","type":"image\/jpeg"}],"twitter_card":"summary_large_image","twitter_misc":{"Arvioitu lukuaika":"1 minuutti"},"schema":{"@context":"https:\/\/schema.org","@graph":[{"@type":"WebPage","@id":"https:\/\/www.starofhope.fi\/fi\/tuote\/rahalahjoitus\/","url":"https:\/\/www.starofhope.fi\/fi\/tuote\/rahalahjoitus\/","name":"Rahalahjoitus - Hoppets Stj\u00e4rna - Toivon t\u00e4hti","isPartOf":{"@id":"https:\/\/www.starofhope.fi\/#website"},"primaryImageOfPage":{"@id":"https:\/\/www.starofhope.fi\/fi\/tuote\/rahalahjoitus\/#primaryimage"},"image":{"@id":"https:\/\/www.starofhope.fi\/fi\/tuote\/rahalahjoitus\/#primaryimage"},"thumbnailUrl":"https:\/\/www.starofhope.fi\/wp-content\/uploads\/2023\/06\/IMG_9149-scaled.jpg","datePublished":"2022-10-16T08:25:03+00:00","dateModified":"2026-01-28T08:28:26+00:00","breadcrumb":{"@id":"https:\/\/www.starofhope.fi\/fi\/tuote\/rahalahjoitus\/#breadcrumb"},"inLanguage":"fi","potentialAction":[{"@type":"ReadAction","target":["https:\/\/www.starofhope.fi\/fi\/tuote\/rahalahjoitus\/"]}]},{"@type":"ImageObject","inLanguage":"fi","@id":"https:\/\/www.starofhope.fi\/fi\/tuote\/rahalahjoitus\/#primaryimage","url":"https:\/\/www.starofhope.fi\/wp-content\/uploads\/2023\/06\/IMG_9149-scaled.jpg","contentUrl":"https:\/\/www.starofhope.fi\/wp-content\/uploads\/2023\/06\/IMG_9149-scaled.jpg","width":2560,"height":1920},{"@type":"BreadcrumbList","@id":"https:\/\/www.starofhope.fi\/fi\/tuote\/rahalahjoitus\/#breadcrumb","itemListElement":[{"@type":"ListItem","position":1,"name":"Hem","item":"https:\/\/www.starofhope.fi\/fi\/"},{"@type":"ListItem","position":2,"name":"Verkkokauppa","item":"https:\/\/www.starofhope.fi\/fi\/verkkokauppa\/"},{"@type":"ListItem","position":3,"name":"Rahalahjoitus"}]},{"@type":"WebSite","@id":"https:\/\/www.starofhope.fi\/#website","url":"https:\/\/www.starofhope.fi\/","name":"Hoppets Stj\u00e4rna - Toivon t\u00e4hti","description":"Allm\u00e4nnyttig registrerad f\u00f6rening. V\u00e5r verksamhet finansieras helt genom donationer.","publisher":{"@id":"https:\/\/www.starofhope.fi\/#organization"},"potentialAction":[{"@type":"SearchAction","target":{"@type":"EntryPoint","urlTemplate":"https:\/\/www.starofhope.fi\/?s={search_term_string}"},"query-input":{"@type":"PropertyValueSpecification","valueRequired":true,"valueName":"search_term_string"}}],"inLanguage":"fi"},{"@type":"Organization","@id":"https:\/\/www.starofhope.fi\/#organization","name":"Hoppets Stj\u00e4rna - Toivon t\u00e4hti","url":"https:\/\/www.starofhope.fi\/","logo":{"@type":"ImageObject","inLanguage":"fi","@id":"https:\/\/www.starofhope.fi\/#\/schema\/logo\/image\/","url":"https:\/\/www.starofhope.fi\/wp-content\/uploads\/2022\/01\/hoppets-stjarna-toivon-tahti-web.png","contentUrl":"https:\/\/www.starofhope.fi\/wp-content\/uploads\/2022\/01\/hoppets-stjarna-toivon-tahti-web.png","width":225,"height":82,"caption":"Hoppets Stj\u00e4rna - Toivon t\u00e4hti"},"image":{"@id":"https:\/\/www.starofhope.fi\/#\/schema\/logo\/image\/"},"sameAs":["https:\/\/www.facebook.com\/hoppetsstjarnafinland"]}]}},"_links":{"self":[{"href":"https:\/\/www.starofhope.fi\/fi\/wp-json\/wp\/v2\/product\/1801","targetHints":{"allow":["GET"]}}],"collection":[{"href":"https:\/\/www.starofhope.fi\/fi\/wp-json\/wp\/v2\/product"}],"about":[{"href":"https:\/\/www.starofhope.fi\/fi\/wp-json\/wp\/v2\/types\/product"}],"wp:featuredmedia":[{"embeddable":true,"href":"https:\/\/www.starofhope.fi\/fi\/wp-json\/wp\/v2\/media\/2905"}],"wp:attachment":[{"href":"https:\/\/www.starofhope.fi\/fi\/wp-json\/wp\/v2\/media?parent=1801"}],"wp:term":[{"taxonomy":"product_brand","embeddable":true,"href":"https:\/\/www.starofhope.fi\/fi\/wp-json\/wp\/v2\/product_brand?post=1801"},{"taxonomy":"product_cat","embeddable":true,"href":"https:\/\/www.starofhope.fi\/fi\/wp-json\/wp\/v2\/product_cat?post=1801"},{"taxonomy":"product_tag","embeddable":true,"href":"https:\/\/www.starofhope.fi\/fi\/wp-json\/wp\/v2\/product_tag?post=1801"}],"curies":[{"name":"wp","href":"https:\/\/api.w.org\/{rel}","templated":true}]}}