{"id":1508,"date":"2021-09-01T17:38:08","date_gmt":"2021-09-01T14:38:08","guid":{"rendered":"http:\/\/hoppetstjarna.netserver.fi\/product\/lahjakortti-lastenrahasto\/"},"modified":"2022-11-23T11:24:24","modified_gmt":"2022-11-23T09:24:24","slug":"lahjakortti-lastenrahasto","status":"publish","type":"product","link":"https:\/\/www.starofhope.fi\/fi\/tuote\/lahjakortti-lastenrahasto\/","title":{"rendered":"Lahjakortti Lastenrahasto"},"content":{"rendered":"<p><strong>Lahjani sinulle on avustus Lastenrahastoon<\/strong><\/p>\n<p>Joskus tarvitaan ylim\u00e4\u00e4r\u00e4ist\u00e4 apua odottamattomissa tilanteissa. Lastenrahastoon ker\u00e4ttyj\u00e4 varoja k\u00e4ytet\u00e4\u00e4n siell\u00e4 miss\u00e4 apua kipeimmin tarvitaan, mm. lasten ja nuorten sairaan- ja terveydenhoitoon, vammaisten lasten tukiin, esim. apuv\u00e4lineisiin tai leiritoimintaan. Lastenrahaston ansiosta voimme my\u00f6s yll\u00e4pit\u00e4\u00e4 avustusl\u00e4hetystoimintaamme ja toimittaa ylim\u00e4\u00e4r\u00e4ist\u00e4 ruoka-apua kriisitilanteissa. Juuri sinun lahjoituksesi auttaa siis suurimmassa avun tarpeessa olevaa.<\/p>\n<p>T\u00e4m\u00e4n lahjan kautta autat eniten avun tarpeessa olevaa.<\/p>\n<p><span lang=\"FI\">Ostaessasi t\u00e4m\u00e4n tuotteen saat vastaanottajalle annettavan lahjakortin. Halutessasi meid\u00e4n l\u00e4hett\u00e4v\u00e4n lahjakortin suoraan vastaanottajalle, ilmoita siit\u00e4 tilatessasi. Klikkaa olevaa kuvaa n\u00e4hd\u00e4ksesi suurennoksen lahjakortin etu- ja k\u00e4\u00e4nt\u00f6puolesta. Toimitusaika on 2-7 arkip\u00e4iv\u00e4\u00e4.\u00a0<\/span>Postimaksu sis\u00e4ltyy hintaan.<\/p>\n","protected":false},"excerpt":{"rendered":"<p>T\u00e4m\u00e4n lahjan kautta autat eniten avun tarpeessa olevaa.<\/p>\n","protected":false},"featured_media":4129,"template":"","meta":[],"product_brand":[],"product_cat":[34],"product_tag":[],"class_list":{"0":"post-1508","1":"product","2":"type-product","3":"status-publish","4":"has-post-thumbnail","6":"product_cat-lahjakortti","7":"tm-has-options","9":"first","10":"instock","11":"shipping-taxable","12":"purchasable","13":"product-type-simple"},"yoast_head":"<!-- This site is optimized with the Yoast SEO plugin v26.9 - https:\/\/yoast.com\/product\/yoast-seo-wordpress\/ -->\n<title>Lahjakortti Lastenrahasto - Hoppets Stj\u00e4rna - Toivon t\u00e4hti<\/title>\n<meta name=\"robots\" content=\"index, follow, max-snippet:-1, max-image-preview:large, max-video-preview:-1\" \/>\n<link rel=\"canonical\" href=\"https:\/\/www.starofhope.fi\/fi\/tuote\/lahjakortti-lastenrahasto\/\" \/>\n<meta property=\"og:locale\" content=\"fi_FI\" \/>\n<meta property=\"og:type\" content=\"article\" \/>\n<meta property=\"og:title\" content=\"Lahjakortti Lastenrahasto - Hoppets Stj\u00e4rna - Toivon t\u00e4hti\" \/>\n<meta property=\"og:description\" content=\"T\u00e4m\u00e4n lahjan kautta autat eniten avun tarpeessa olevaa.\" \/>\n<meta property=\"og:url\" content=\"https:\/\/www.starofhope.fi\/fi\/tuote\/lahjakortti-lastenrahasto\/\" \/>\n<meta property=\"og:site_name\" content=\"Hoppets Stj\u00e4rna - Toivon t\u00e4hti\" \/>\n<meta property=\"article:publisher\" content=\"https:\/\/www.facebook.com\/hoppetsstjarnafinland\" \/>\n<meta property=\"article:modified_time\" content=\"2022-11-23T09:24:24+00:00\" \/>\n<meta property=\"og:image\" content=\"https:\/\/www.starofhope.fi\/wp-content\/uploads\/2021\/09\/BHF.jpg\" \/>\n\t<meta property=\"og:image:width\" content=\"2524\" \/>\n\t<meta property=\"og:image:height\" content=\"2524\" \/>\n\t<meta property=\"og:image:type\" content=\"image\/jpeg\" \/>\n<meta name=\"twitter:card\" content=\"summary_large_image\" \/>\n<meta name=\"twitter:label1\" content=\"Arvioitu lukuaika\" \/>\n\t<meta name=\"twitter:data1\" content=\"1 minuutti\" \/>\n<script type=\"application\/ld+json\" class=\"yoast-schema-graph\">{\"@context\":\"https:\/\/schema.org\",\"@graph\":[{\"@type\":\"WebPage\",\"@id\":\"https:\/\/www.starofhope.fi\/fi\/tuote\/lahjakortti-lastenrahasto\/\",\"url\":\"https:\/\/www.starofhope.fi\/fi\/tuote\/lahjakortti-lastenrahasto\/\",\"name\":\"Lahjakortti Lastenrahasto - Hoppets Stj\u00e4rna - Toivon t\u00e4hti\",\"isPartOf\":{\"@id\":\"https:\/\/www.starofhope.fi\/#website\"},\"primaryImageOfPage\":{\"@id\":\"https:\/\/www.starofhope.fi\/fi\/tuote\/lahjakortti-lastenrahasto\/#primaryimage\"},\"image\":{\"@id\":\"https:\/\/www.starofhope.fi\/fi\/tuote\/lahjakortti-lastenrahasto\/#primaryimage\"},\"thumbnailUrl\":\"https:\/\/www.starofhope.fi\/wp-content\/uploads\/2025\/05\/gavokort-barnhjalpsonden-hoppets-stjarna-finland.jpg\",\"datePublished\":\"2021-09-01T14:38:08+00:00\",\"dateModified\":\"2022-11-23T09:24:24+00:00\",\"breadcrumb\":{\"@id\":\"https:\/\/www.starofhope.fi\/fi\/tuote\/lahjakortti-lastenrahasto\/#breadcrumb\"},\"inLanguage\":\"fi\",\"potentialAction\":[{\"@type\":\"ReadAction\",\"target\":[\"https:\/\/www.starofhope.fi\/fi\/tuote\/lahjakortti-lastenrahasto\/\"]}]},{\"@type\":\"ImageObject\",\"inLanguage\":\"fi\",\"@id\":\"https:\/\/www.starofhope.fi\/fi\/tuote\/lahjakortti-lastenrahasto\/#primaryimage\",\"url\":\"https:\/\/www.starofhope.fi\/wp-content\/uploads\/2025\/05\/gavokort-barnhjalpsonden-hoppets-stjarna-finland.jpg\",\"contentUrl\":\"https:\/\/www.starofhope.fi\/wp-content\/uploads\/2025\/05\/gavokort-barnhjalpsonden-hoppets-stjarna-finland.jpg\",\"width\":600,\"height\":600,\"caption\":\"Tre barn fr\u00e5n Argentina med godis och matpaket de f\u00e5tt fr\u00e5n Hoppets stj\u00e4rna.\"},{\"@type\":\"BreadcrumbList\",\"@id\":\"https:\/\/www.starofhope.fi\/fi\/tuote\/lahjakortti-lastenrahasto\/#breadcrumb\",\"itemListElement\":[{\"@type\":\"ListItem\",\"position\":1,\"name\":\"Hem\",\"item\":\"https:\/\/www.starofhope.fi\/fi\/\"},{\"@type\":\"ListItem\",\"position\":2,\"name\":\"Verkkokauppa\",\"item\":\"https:\/\/www.starofhope.fi\/fi\/verkkokauppa\/\"},{\"@type\":\"ListItem\",\"position\":3,\"name\":\"Lahjakortti Lastenrahasto\"}]},{\"@type\":\"WebSite\",\"@id\":\"https:\/\/www.starofhope.fi\/#website\",\"url\":\"https:\/\/www.starofhope.fi\/\",\"name\":\"Hoppets Stj\u00e4rna - Toivon t\u00e4hti\",\"description\":\"Allm\u00e4nnyttig registrerad f\u00f6rening. V\u00e5r verksamhet finansieras helt genom donationer.\",\"publisher\":{\"@id\":\"https:\/\/www.starofhope.fi\/#organization\"},\"potentialAction\":[{\"@type\":\"SearchAction\",\"target\":{\"@type\":\"EntryPoint\",\"urlTemplate\":\"https:\/\/www.starofhope.fi\/?s={search_term_string}\"},\"query-input\":{\"@type\":\"PropertyValueSpecification\",\"valueRequired\":true,\"valueName\":\"search_term_string\"}}],\"inLanguage\":\"fi\"},{\"@type\":\"Organization\",\"@id\":\"https:\/\/www.starofhope.fi\/#organization\",\"name\":\"Hoppets Stj\u00e4rna - Toivon t\u00e4hti\",\"url\":\"https:\/\/www.starofhope.fi\/\",\"logo\":{\"@type\":\"ImageObject\",\"inLanguage\":\"fi\",\"@id\":\"https:\/\/www.starofhope.fi\/#\/schema\/logo\/image\/\",\"url\":\"https:\/\/www.starofhope.fi\/wp-content\/uploads\/2022\/01\/hoppets-stjarna-toivon-tahti-web.png\",\"contentUrl\":\"https:\/\/www.starofhope.fi\/wp-content\/uploads\/2022\/01\/hoppets-stjarna-toivon-tahti-web.png\",\"width\":225,\"height\":82,\"caption\":\"Hoppets Stj\u00e4rna - Toivon t\u00e4hti\"},\"image\":{\"@id\":\"https:\/\/www.starofhope.fi\/#\/schema\/logo\/image\/\"},\"sameAs\":[\"https:\/\/www.facebook.com\/hoppetsstjarnafinland\"]}]}<\/script>\n<!-- \/ Yoast SEO plugin. -->","yoast_head_json":{"title":"Lahjakortti Lastenrahasto - Hoppets Stj\u00e4rna - Toivon t\u00e4hti","robots":{"index":"index","follow":"follow","max-snippet":"max-snippet:-1","max-image-preview":"max-image-preview:large","max-video-preview":"max-video-preview:-1"},"canonical":"https:\/\/www.starofhope.fi\/fi\/tuote\/lahjakortti-lastenrahasto\/","og_locale":"fi_FI","og_type":"article","og_title":"Lahjakortti Lastenrahasto - Hoppets Stj\u00e4rna - Toivon t\u00e4hti","og_description":"T\u00e4m\u00e4n lahjan kautta autat eniten avun tarpeessa olevaa.","og_url":"https:\/\/www.starofhope.fi\/fi\/tuote\/lahjakortti-lastenrahasto\/","og_site_name":"Hoppets Stj\u00e4rna - Toivon t\u00e4hti","article_publisher":"https:\/\/www.facebook.com\/hoppetsstjarnafinland","article_modified_time":"2022-11-23T09:24:24+00:00","og_image":[{"width":2524,"height":2524,"url":"https:\/\/www.starofhope.fi\/wp-content\/uploads\/2021\/09\/BHF.jpg","type":"image\/jpeg"}],"twitter_card":"summary_large_image","twitter_misc":{"Arvioitu lukuaika":"1 minuutti"},"schema":{"@context":"https:\/\/schema.org","@graph":[{"@type":"WebPage","@id":"https:\/\/www.starofhope.fi\/fi\/tuote\/lahjakortti-lastenrahasto\/","url":"https:\/\/www.starofhope.fi\/fi\/tuote\/lahjakortti-lastenrahasto\/","name":"Lahjakortti Lastenrahasto - Hoppets Stj\u00e4rna - Toivon t\u00e4hti","isPartOf":{"@id":"https:\/\/www.starofhope.fi\/#website"},"primaryImageOfPage":{"@id":"https:\/\/www.starofhope.fi\/fi\/tuote\/lahjakortti-lastenrahasto\/#primaryimage"},"image":{"@id":"https:\/\/www.starofhope.fi\/fi\/tuote\/lahjakortti-lastenrahasto\/#primaryimage"},"thumbnailUrl":"https:\/\/www.starofhope.fi\/wp-content\/uploads\/2025\/05\/gavokort-barnhjalpsonden-hoppets-stjarna-finland.jpg","datePublished":"2021-09-01T14:38:08+00:00","dateModified":"2022-11-23T09:24:24+00:00","breadcrumb":{"@id":"https:\/\/www.starofhope.fi\/fi\/tuote\/lahjakortti-lastenrahasto\/#breadcrumb"},"inLanguage":"fi","potentialAction":[{"@type":"ReadAction","target":["https:\/\/www.starofhope.fi\/fi\/tuote\/lahjakortti-lastenrahasto\/"]}]},{"@type":"ImageObject","inLanguage":"fi","@id":"https:\/\/www.starofhope.fi\/fi\/tuote\/lahjakortti-lastenrahasto\/#primaryimage","url":"https:\/\/www.starofhope.fi\/wp-content\/uploads\/2025\/05\/gavokort-barnhjalpsonden-hoppets-stjarna-finland.jpg","contentUrl":"https:\/\/www.starofhope.fi\/wp-content\/uploads\/2025\/05\/gavokort-barnhjalpsonden-hoppets-stjarna-finland.jpg","width":600,"height":600,"caption":"Tre barn fr\u00e5n Argentina med godis och matpaket de f\u00e5tt fr\u00e5n Hoppets stj\u00e4rna."},{"@type":"BreadcrumbList","@id":"https:\/\/www.starofhope.fi\/fi\/tuote\/lahjakortti-lastenrahasto\/#breadcrumb","itemListElement":[{"@type":"ListItem","position":1,"name":"Hem","item":"https:\/\/www.starofhope.fi\/fi\/"},{"@type":"ListItem","position":2,"name":"Verkkokauppa","item":"https:\/\/www.starofhope.fi\/fi\/verkkokauppa\/"},{"@type":"ListItem","position":3,"name":"Lahjakortti Lastenrahasto"}]},{"@type":"WebSite","@id":"https:\/\/www.starofhope.fi\/#website","url":"https:\/\/www.starofhope.fi\/","name":"Hoppets Stj\u00e4rna - Toivon t\u00e4hti","description":"Allm\u00e4nnyttig registrerad f\u00f6rening. V\u00e5r verksamhet finansieras helt genom donationer.","publisher":{"@id":"https:\/\/www.starofhope.fi\/#organization"},"potentialAction":[{"@type":"SearchAction","target":{"@type":"EntryPoint","urlTemplate":"https:\/\/www.starofhope.fi\/?s={search_term_string}"},"query-input":{"@type":"PropertyValueSpecification","valueRequired":true,"valueName":"search_term_string"}}],"inLanguage":"fi"},{"@type":"Organization","@id":"https:\/\/www.starofhope.fi\/#organization","name":"Hoppets Stj\u00e4rna - Toivon t\u00e4hti","url":"https:\/\/www.starofhope.fi\/","logo":{"@type":"ImageObject","inLanguage":"fi","@id":"https:\/\/www.starofhope.fi\/#\/schema\/logo\/image\/","url":"https:\/\/www.starofhope.fi\/wp-content\/uploads\/2022\/01\/hoppets-stjarna-toivon-tahti-web.png","contentUrl":"https:\/\/www.starofhope.fi\/wp-content\/uploads\/2022\/01\/hoppets-stjarna-toivon-tahti-web.png","width":225,"height":82,"caption":"Hoppets Stj\u00e4rna - Toivon t\u00e4hti"},"image":{"@id":"https:\/\/www.starofhope.fi\/#\/schema\/logo\/image\/"},"sameAs":["https:\/\/www.facebook.com\/hoppetsstjarnafinland"]}]}},"_links":{"self":[{"href":"https:\/\/www.starofhope.fi\/fi\/wp-json\/wp\/v2\/product\/1508","targetHints":{"allow":["GET"]}}],"collection":[{"href":"https:\/\/www.starofhope.fi\/fi\/wp-json\/wp\/v2\/product"}],"about":[{"href":"https:\/\/www.starofhope.fi\/fi\/wp-json\/wp\/v2\/types\/product"}],"wp:featuredmedia":[{"embeddable":true,"href":"https:\/\/www.starofhope.fi\/fi\/wp-json\/wp\/v2\/media\/4129"}],"wp:attachment":[{"href":"https:\/\/www.starofhope.fi\/fi\/wp-json\/wp\/v2\/media?parent=1508"}],"wp:term":[{"taxonomy":"product_brand","embeddable":true,"href":"https:\/\/www.starofhope.fi\/fi\/wp-json\/wp\/v2\/product_brand?post=1508"},{"taxonomy":"product_cat","embeddable":true,"href":"https:\/\/www.starofhope.fi\/fi\/wp-json\/wp\/v2\/product_cat?post=1508"},{"taxonomy":"product_tag","embeddable":true,"href":"https:\/\/www.starofhope.fi\/fi\/wp-json\/wp\/v2\/product_tag?post=1508"}],"curies":[{"name":"wp","href":"https:\/\/api.w.org\/{rel}","templated":true}]}}