{"id":1493,"date":"2021-09-01T17:39:21","date_gmt":"2021-09-01T14:39:21","guid":{"rendered":"http:\/\/hoppetstjarna.netserver.fi\/product\/lahjakortti-opintostipendi\/"},"modified":"2022-11-23T11:23:56","modified_gmt":"2022-11-23T09:23:56","slug":"lahjakortti-opintostipendi","status":"publish","type":"product","link":"https:\/\/www.starofhope.fi\/fi\/tuote\/lahjakortti-opintostipendi\/","title":{"rendered":"Lahjakortti Opintostipendi"},"content":{"rendered":"<p><strong>Lahjani sinulle on opintostipendi<\/strong><\/p>\n<p>Jokaisella lapsella on oikeus koulutukseen. Siit\u00e4 huolimatta maailmassa on 62 miljoonaa tytt\u00f6\u00e4 joilta on riistetty oikeus koulutukseen. Yhteis\u00f6iss\u00e4, joissa Toivon t\u00e4hti harjoittaa avustusty\u00f6t\u00e4, tyt\u00f6t naitetaan lapsena, heist\u00e4 tulee \u00e4itej\u00e4 hyvin nuorella i\u00e4ll\u00e4, heit\u00e4 pidet\u00e4\u00e4n taakkana perheelleen ja kauppatavarana. Lukematon m\u00e4\u00e4r\u00e4 tytt\u00f6j\u00e4 joutuu ihmiskaupan ja kunniav\u00e4kivallan uhriksi. Perheiden k\u00f6yhyyskierteen katkaisemiseksi meid\u00e4n on panostettava tytt\u00f6jen koulutukseen. Tytt\u00f6jen koulutuksen edist\u00e4minen johtaa vakaampiin yhteis\u00f6ihin ja kest\u00e4v\u00e4\u00e4n kehitykseen. Saamasi lahjakortin ansiosta tytt\u00f6 voi saada opintostipendin.<\/p>\n<p>T\u00e4m\u00e4n lahjan kautta annat tyt\u00f6lle mahdollisuuden koulutukseen ja tulevaisuuteen!<\/p>\n<p><span lang=\"FI\">Ostaessasi t\u00e4m\u00e4n tuotteen saat vastaanottajalle annettavan lahjakortin. Halutessasi meid\u00e4n l\u00e4hett\u00e4v\u00e4n lahjakortin suoraan vastaanottajalle, ilmoita siit\u00e4 tilatessasi. Klikkaa olevaa kuvaa n\u00e4hd\u00e4ksesi suurennoksen lahjakortin etu- ja k\u00e4\u00e4nt\u00f6puolesta. Toimitusaika on 2-7 arkip\u00e4iv\u00e4\u00e4.\u00a0<\/span>Postimaksu sis\u00e4ltyy hintaan.<\/p>\n","protected":false},"excerpt":{"rendered":"<p>T\u00e4m\u00e4n lahjan kautta annat tyt\u00f6lle mahdollisuuden koulutukseen ja tulevaisuuteen.<\/p>\n","protected":false},"featured_media":4127,"template":"","meta":[],"product_brand":[],"product_cat":[34],"product_tag":[],"class_list":{"0":"post-1493","1":"product","2":"type-product","3":"status-publish","4":"has-post-thumbnail","6":"product_cat-lahjakortti","7":"tm-has-options","9":"first","10":"instock","11":"shipping-taxable","12":"purchasable","13":"product-type-simple"},"yoast_head":"<!-- This site is optimized with the Yoast SEO plugin v26.9 - https:\/\/yoast.com\/product\/yoast-seo-wordpress\/ -->\n<title>Lahjakortti Opintostipendi - Hoppets Stj\u00e4rna - Toivon t\u00e4hti<\/title>\n<meta name=\"robots\" content=\"index, follow, max-snippet:-1, max-image-preview:large, max-video-preview:-1\" \/>\n<link rel=\"canonical\" href=\"https:\/\/www.starofhope.fi\/fi\/tuote\/lahjakortti-opintostipendi\/\" \/>\n<meta property=\"og:locale\" content=\"fi_FI\" \/>\n<meta property=\"og:type\" content=\"article\" \/>\n<meta property=\"og:title\" content=\"Lahjakortti Opintostipendi - Hoppets Stj\u00e4rna - Toivon t\u00e4hti\" \/>\n<meta property=\"og:description\" content=\"T\u00e4m\u00e4n lahjan kautta annat tyt\u00f6lle mahdollisuuden koulutukseen ja tulevaisuuteen.\" \/>\n<meta property=\"og:url\" content=\"https:\/\/www.starofhope.fi\/fi\/tuote\/lahjakortti-opintostipendi\/\" \/>\n<meta property=\"og:site_name\" content=\"Hoppets Stj\u00e4rna - Toivon t\u00e4hti\" \/>\n<meta property=\"article:publisher\" content=\"https:\/\/www.facebook.com\/hoppetsstjarnafinland\" \/>\n<meta property=\"article:modified_time\" content=\"2022-11-23T09:23:56+00:00\" \/>\n<meta property=\"og:image\" content=\"https:\/\/www.starofhope.fi\/wp-content\/uploads\/2021\/09\/Indien-scaled.jpg\" \/>\n\t<meta property=\"og:image:width\" content=\"2560\" \/>\n\t<meta property=\"og:image:height\" content=\"2560\" \/>\n\t<meta property=\"og:image:type\" content=\"image\/jpeg\" \/>\n<meta name=\"twitter:card\" content=\"summary_large_image\" \/>\n<meta name=\"twitter:label1\" content=\"Arvioitu lukuaika\" \/>\n\t<meta name=\"twitter:data1\" content=\"1 minuutti\" \/>\n<script type=\"application\/ld+json\" class=\"yoast-schema-graph\">{\"@context\":\"https:\/\/schema.org\",\"@graph\":[{\"@type\":\"WebPage\",\"@id\":\"https:\/\/www.starofhope.fi\/fi\/tuote\/lahjakortti-opintostipendi\/\",\"url\":\"https:\/\/www.starofhope.fi\/fi\/tuote\/lahjakortti-opintostipendi\/\",\"name\":\"Lahjakortti Opintostipendi - Hoppets Stj\u00e4rna - Toivon t\u00e4hti\",\"isPartOf\":{\"@id\":\"https:\/\/www.starofhope.fi\/#website\"},\"primaryImageOfPage\":{\"@id\":\"https:\/\/www.starofhope.fi\/fi\/tuote\/lahjakortti-opintostipendi\/#primaryimage\"},\"image\":{\"@id\":\"https:\/\/www.starofhope.fi\/fi\/tuote\/lahjakortti-opintostipendi\/#primaryimage\"},\"thumbnailUrl\":\"https:\/\/www.starofhope.fi\/wp-content\/uploads\/2025\/05\/gavokort-studiestipendium-hoppets-stjarna-finland.jpg\",\"datePublished\":\"2021-09-01T14:39:21+00:00\",\"dateModified\":\"2022-11-23T09:23:56+00:00\",\"breadcrumb\":{\"@id\":\"https:\/\/www.starofhope.fi\/fi\/tuote\/lahjakortti-opintostipendi\/#breadcrumb\"},\"inLanguage\":\"fi\",\"potentialAction\":[{\"@type\":\"ReadAction\",\"target\":[\"https:\/\/www.starofhope.fi\/fi\/tuote\/lahjakortti-opintostipendi\/\"]}]},{\"@type\":\"ImageObject\",\"inLanguage\":\"fi\",\"@id\":\"https:\/\/www.starofhope.fi\/fi\/tuote\/lahjakortti-opintostipendi\/#primaryimage\",\"url\":\"https:\/\/www.starofhope.fi\/wp-content\/uploads\/2025\/05\/gavokort-studiestipendium-hoppets-stjarna-finland.jpg\",\"contentUrl\":\"https:\/\/www.starofhope.fi\/wp-content\/uploads\/2025\/05\/gavokort-studiestipendium-hoppets-stjarna-finland.jpg\",\"width\":600,\"height\":600,\"caption\":\"Flickor i Indien sitter i cirkel och diskuterar.\"},{\"@type\":\"BreadcrumbList\",\"@id\":\"https:\/\/www.starofhope.fi\/fi\/tuote\/lahjakortti-opintostipendi\/#breadcrumb\",\"itemListElement\":[{\"@type\":\"ListItem\",\"position\":1,\"name\":\"Hem\",\"item\":\"https:\/\/www.starofhope.fi\/fi\/\"},{\"@type\":\"ListItem\",\"position\":2,\"name\":\"Verkkokauppa\",\"item\":\"https:\/\/www.starofhope.fi\/fi\/verkkokauppa\/\"},{\"@type\":\"ListItem\",\"position\":3,\"name\":\"Lahjakortti Opintostipendi\"}]},{\"@type\":\"WebSite\",\"@id\":\"https:\/\/www.starofhope.fi\/#website\",\"url\":\"https:\/\/www.starofhope.fi\/\",\"name\":\"Hoppets Stj\u00e4rna - Toivon t\u00e4hti\",\"description\":\"Allm\u00e4nnyttig registrerad f\u00f6rening. V\u00e5r verksamhet finansieras helt genom donationer.\",\"publisher\":{\"@id\":\"https:\/\/www.starofhope.fi\/#organization\"},\"potentialAction\":[{\"@type\":\"SearchAction\",\"target\":{\"@type\":\"EntryPoint\",\"urlTemplate\":\"https:\/\/www.starofhope.fi\/?s={search_term_string}\"},\"query-input\":{\"@type\":\"PropertyValueSpecification\",\"valueRequired\":true,\"valueName\":\"search_term_string\"}}],\"inLanguage\":\"fi\"},{\"@type\":\"Organization\",\"@id\":\"https:\/\/www.starofhope.fi\/#organization\",\"name\":\"Hoppets Stj\u00e4rna - Toivon t\u00e4hti\",\"url\":\"https:\/\/www.starofhope.fi\/\",\"logo\":{\"@type\":\"ImageObject\",\"inLanguage\":\"fi\",\"@id\":\"https:\/\/www.starofhope.fi\/#\/schema\/logo\/image\/\",\"url\":\"https:\/\/www.starofhope.fi\/wp-content\/uploads\/2022\/01\/hoppets-stjarna-toivon-tahti-web.png\",\"contentUrl\":\"https:\/\/www.starofhope.fi\/wp-content\/uploads\/2022\/01\/hoppets-stjarna-toivon-tahti-web.png\",\"width\":225,\"height\":82,\"caption\":\"Hoppets Stj\u00e4rna - Toivon t\u00e4hti\"},\"image\":{\"@id\":\"https:\/\/www.starofhope.fi\/#\/schema\/logo\/image\/\"},\"sameAs\":[\"https:\/\/www.facebook.com\/hoppetsstjarnafinland\"]}]}<\/script>\n<!-- \/ Yoast SEO plugin. -->","yoast_head_json":{"title":"Lahjakortti Opintostipendi - Hoppets Stj\u00e4rna - Toivon t\u00e4hti","robots":{"index":"index","follow":"follow","max-snippet":"max-snippet:-1","max-image-preview":"max-image-preview:large","max-video-preview":"max-video-preview:-1"},"canonical":"https:\/\/www.starofhope.fi\/fi\/tuote\/lahjakortti-opintostipendi\/","og_locale":"fi_FI","og_type":"article","og_title":"Lahjakortti Opintostipendi - Hoppets Stj\u00e4rna - Toivon t\u00e4hti","og_description":"T\u00e4m\u00e4n lahjan kautta annat tyt\u00f6lle mahdollisuuden koulutukseen ja tulevaisuuteen.","og_url":"https:\/\/www.starofhope.fi\/fi\/tuote\/lahjakortti-opintostipendi\/","og_site_name":"Hoppets Stj\u00e4rna - Toivon t\u00e4hti","article_publisher":"https:\/\/www.facebook.com\/hoppetsstjarnafinland","article_modified_time":"2022-11-23T09:23:56+00:00","og_image":[{"width":2560,"height":2560,"url":"https:\/\/www.starofhope.fi\/wp-content\/uploads\/2021\/09\/Indien-scaled.jpg","type":"image\/jpeg"}],"twitter_card":"summary_large_image","twitter_misc":{"Arvioitu lukuaika":"1 minuutti"},"schema":{"@context":"https:\/\/schema.org","@graph":[{"@type":"WebPage","@id":"https:\/\/www.starofhope.fi\/fi\/tuote\/lahjakortti-opintostipendi\/","url":"https:\/\/www.starofhope.fi\/fi\/tuote\/lahjakortti-opintostipendi\/","name":"Lahjakortti Opintostipendi - Hoppets Stj\u00e4rna - Toivon t\u00e4hti","isPartOf":{"@id":"https:\/\/www.starofhope.fi\/#website"},"primaryImageOfPage":{"@id":"https:\/\/www.starofhope.fi\/fi\/tuote\/lahjakortti-opintostipendi\/#primaryimage"},"image":{"@id":"https:\/\/www.starofhope.fi\/fi\/tuote\/lahjakortti-opintostipendi\/#primaryimage"},"thumbnailUrl":"https:\/\/www.starofhope.fi\/wp-content\/uploads\/2025\/05\/gavokort-studiestipendium-hoppets-stjarna-finland.jpg","datePublished":"2021-09-01T14:39:21+00:00","dateModified":"2022-11-23T09:23:56+00:00","breadcrumb":{"@id":"https:\/\/www.starofhope.fi\/fi\/tuote\/lahjakortti-opintostipendi\/#breadcrumb"},"inLanguage":"fi","potentialAction":[{"@type":"ReadAction","target":["https:\/\/www.starofhope.fi\/fi\/tuote\/lahjakortti-opintostipendi\/"]}]},{"@type":"ImageObject","inLanguage":"fi","@id":"https:\/\/www.starofhope.fi\/fi\/tuote\/lahjakortti-opintostipendi\/#primaryimage","url":"https:\/\/www.starofhope.fi\/wp-content\/uploads\/2025\/05\/gavokort-studiestipendium-hoppets-stjarna-finland.jpg","contentUrl":"https:\/\/www.starofhope.fi\/wp-content\/uploads\/2025\/05\/gavokort-studiestipendium-hoppets-stjarna-finland.jpg","width":600,"height":600,"caption":"Flickor i Indien sitter i cirkel och diskuterar."},{"@type":"BreadcrumbList","@id":"https:\/\/www.starofhope.fi\/fi\/tuote\/lahjakortti-opintostipendi\/#breadcrumb","itemListElement":[{"@type":"ListItem","position":1,"name":"Hem","item":"https:\/\/www.starofhope.fi\/fi\/"},{"@type":"ListItem","position":2,"name":"Verkkokauppa","item":"https:\/\/www.starofhope.fi\/fi\/verkkokauppa\/"},{"@type":"ListItem","position":3,"name":"Lahjakortti Opintostipendi"}]},{"@type":"WebSite","@id":"https:\/\/www.starofhope.fi\/#website","url":"https:\/\/www.starofhope.fi\/","name":"Hoppets Stj\u00e4rna - Toivon t\u00e4hti","description":"Allm\u00e4nnyttig registrerad f\u00f6rening. V\u00e5r verksamhet finansieras helt genom donationer.","publisher":{"@id":"https:\/\/www.starofhope.fi\/#organization"},"potentialAction":[{"@type":"SearchAction","target":{"@type":"EntryPoint","urlTemplate":"https:\/\/www.starofhope.fi\/?s={search_term_string}"},"query-input":{"@type":"PropertyValueSpecification","valueRequired":true,"valueName":"search_term_string"}}],"inLanguage":"fi"},{"@type":"Organization","@id":"https:\/\/www.starofhope.fi\/#organization","name":"Hoppets Stj\u00e4rna - Toivon t\u00e4hti","url":"https:\/\/www.starofhope.fi\/","logo":{"@type":"ImageObject","inLanguage":"fi","@id":"https:\/\/www.starofhope.fi\/#\/schema\/logo\/image\/","url":"https:\/\/www.starofhope.fi\/wp-content\/uploads\/2022\/01\/hoppets-stjarna-toivon-tahti-web.png","contentUrl":"https:\/\/www.starofhope.fi\/wp-content\/uploads\/2022\/01\/hoppets-stjarna-toivon-tahti-web.png","width":225,"height":82,"caption":"Hoppets Stj\u00e4rna - Toivon t\u00e4hti"},"image":{"@id":"https:\/\/www.starofhope.fi\/#\/schema\/logo\/image\/"},"sameAs":["https:\/\/www.facebook.com\/hoppetsstjarnafinland"]}]}},"_links":{"self":[{"href":"https:\/\/www.starofhope.fi\/fi\/wp-json\/wp\/v2\/product\/1493","targetHints":{"allow":["GET"]}}],"collection":[{"href":"https:\/\/www.starofhope.fi\/fi\/wp-json\/wp\/v2\/product"}],"about":[{"href":"https:\/\/www.starofhope.fi\/fi\/wp-json\/wp\/v2\/types\/product"}],"wp:featuredmedia":[{"embeddable":true,"href":"https:\/\/www.starofhope.fi\/fi\/wp-json\/wp\/v2\/media\/4127"}],"wp:attachment":[{"href":"https:\/\/www.starofhope.fi\/fi\/wp-json\/wp\/v2\/media?parent=1493"}],"wp:term":[{"taxonomy":"product_brand","embeddable":true,"href":"https:\/\/www.starofhope.fi\/fi\/wp-json\/wp\/v2\/product_brand?post=1493"},{"taxonomy":"product_cat","embeddable":true,"href":"https:\/\/www.starofhope.fi\/fi\/wp-json\/wp\/v2\/product_cat?post=1493"},{"taxonomy":"product_tag","embeddable":true,"href":"https:\/\/www.starofhope.fi\/fi\/wp-json\/wp\/v2\/product_tag?post=1493"}],"curies":[{"name":"wp","href":"https:\/\/api.w.org\/{rel}","templated":true}]}}