{"id":1459,"date":"2022-01-17T14:21:18","date_gmt":"2022-01-17T12:21:18","guid":{"rendered":"http:\/\/hoppetstjarna.netserver.fi\/product\/lahjakortti-joulupaketti\/"},"modified":"2022-11-23T11:21:53","modified_gmt":"2022-11-23T09:21:53","slug":"lahjakortti-joulupaketti","status":"publish","type":"product","link":"https:\/\/www.starofhope.fi\/fi\/tuote\/lahjakortti-joulupaketti\/","title":{"rendered":"Lahjakortti Joulupaketti\u00a0\u00a0"},"content":{"rendered":"<p><strong>Lahjani sinulle on joulupaketti\u00a0\u00a0<\/strong><\/p>\n<p>K\u00f6yhyys It\u00e4-Latvian ja Liettuan maaseudun lapsiperheiden keskuudessa on suuri ja monet kamppailevat selvit\u00e4kseen arjen ongelmista. Joulupaketit l\u00f6yt\u00e4v\u00e4t tiens\u00e4 lapsiperheiden ja vanhusten luo, joille ruoka ei joulunakaan ole itsest\u00e4\u00e4nselvyys. Laatikollinen ruoka- ja hygieniatarvikkeita ja leluja lapsille on erityisen tervetullut jouluna. Joulupaketti on paljon enemm\u00e4n kuin pelkk\u00e4 ruokapaketti, joululahja paljon enemm\u00e4n kuin pelkk\u00e4 lelu. Kyse on my\u00f6t\u00e4tunnosta ja inhimillisyydest\u00e4\u00a0 \u2013 aidosta v\u00e4litt\u00e4misest\u00e4 ja l\u00e4himm\u00e4isenrakkaudesta. Joulupaketti voi olla se kannustin, joka saa lopen uupuneen vanhemman jatkamaan kamppailua, se voi olla vanhuksen turvak\u00f6ysi ja joululahja voi olla yksin\u00e4isen lapsen ainoa ikioma lelu.<\/p>\n<p>T\u00e4m\u00e4n lahjan kautta perhe saa tuntea, ett\u00e4 on olemassa ihmisi\u00e4 jotka ajattelevat heit\u00e4 ja v\u00e4litt\u00e4v\u00e4t heist\u00e4.<\/p>\n<p><span lang=\"FI\">Ostaessasi t\u00e4m\u00e4n tuotteen saat vastaanottajalle annettavan lahjakortin. Halutessasi meid\u00e4n l\u00e4hett\u00e4v\u00e4n lahjakortin suoraan vastaanottajalle, ilmoita siit\u00e4 tilatessasi. Klikkaa olevaa kuvaa n\u00e4hd\u00e4ksesi suurennoksen lahjakortin etu- ja k\u00e4\u00e4nt\u00f6puolesta. Toimitusaika on 2-7 arkip\u00e4iv\u00e4\u00e4.\u00a0<\/span>Postimaksu sis\u00e4ltyy hintaan.<\/p>\n","protected":false},"excerpt":{"rendered":"<p>T\u00e4m\u00e4n lahjan kautta perhe saa tuntea, ett\u00e4 on olemassa ihmisi\u00e4 jotka ajattelevat heit\u00e4 ja v\u00e4litt\u00e4v\u00e4t heist\u00e4.<\/p>\n","protected":false},"featured_media":4121,"template":"","meta":[],"product_brand":[],"product_cat":[34],"product_tag":[],"class_list":{"0":"post-1459","1":"product","2":"type-product","3":"status-publish","4":"has-post-thumbnail","6":"product_cat-lahjakortti","7":"tm-has-options","9":"first","10":"instock","11":"shipping-taxable","12":"purchasable","13":"product-type-simple"},"yoast_head":"<!-- This site is optimized with the Yoast SEO plugin v26.9 - https:\/\/yoast.com\/product\/yoast-seo-wordpress\/ -->\n<title>Lahjakortti Joulupaketti\u00a0\u00a0 - Hoppets Stj\u00e4rna - Toivon t\u00e4hti<\/title>\n<meta name=\"robots\" content=\"index, follow, max-snippet:-1, max-image-preview:large, max-video-preview:-1\" \/>\n<link rel=\"canonical\" href=\"https:\/\/www.starofhope.fi\/fi\/tuote\/lahjakortti-joulupaketti\/\" \/>\n<meta property=\"og:locale\" content=\"fi_FI\" \/>\n<meta property=\"og:type\" content=\"article\" \/>\n<meta property=\"og:title\" content=\"Lahjakortti Joulupaketti\u00a0\u00a0 - Hoppets Stj\u00e4rna - Toivon t\u00e4hti\" \/>\n<meta property=\"og:description\" content=\"T\u00e4m\u00e4n lahjan kautta perhe saa tuntea, ett\u00e4 on olemassa ihmisi\u00e4 jotka ajattelevat heit\u00e4 ja v\u00e4litt\u00e4v\u00e4t heist\u00e4.\" \/>\n<meta property=\"og:url\" content=\"https:\/\/www.starofhope.fi\/fi\/tuote\/lahjakortti-joulupaketti\/\" \/>\n<meta property=\"og:site_name\" content=\"Hoppets Stj\u00e4rna - Toivon t\u00e4hti\" \/>\n<meta property=\"article:publisher\" content=\"https:\/\/www.facebook.com\/hoppetsstjarnafinland\" \/>\n<meta property=\"article:modified_time\" content=\"2022-11-23T09:21:53+00:00\" \/>\n<meta property=\"og:image\" content=\"https:\/\/www.starofhope.fi\/wp-content\/uploads\/2022\/01\/Jul-scaled.jpg\" \/>\n\t<meta property=\"og:image:width\" content=\"2560\" \/>\n\t<meta property=\"og:image:height\" content=\"1707\" \/>\n\t<meta property=\"og:image:type\" content=\"image\/jpeg\" \/>\n<meta name=\"twitter:card\" content=\"summary_large_image\" \/>\n<meta name=\"twitter:label1\" content=\"Arvioitu lukuaika\" \/>\n\t<meta name=\"twitter:data1\" content=\"1 minuutti\" \/>\n<script type=\"application\/ld+json\" class=\"yoast-schema-graph\">{\"@context\":\"https:\/\/schema.org\",\"@graph\":[{\"@type\":\"WebPage\",\"@id\":\"https:\/\/www.starofhope.fi\/fi\/tuote\/lahjakortti-joulupaketti\/\",\"url\":\"https:\/\/www.starofhope.fi\/fi\/tuote\/lahjakortti-joulupaketti\/\",\"name\":\"Lahjakortti Joulupaketti\u00a0\u00a0 - Hoppets Stj\u00e4rna - Toivon t\u00e4hti\",\"isPartOf\":{\"@id\":\"https:\/\/www.starofhope.fi\/#website\"},\"primaryImageOfPage\":{\"@id\":\"https:\/\/www.starofhope.fi\/fi\/tuote\/lahjakortti-joulupaketti\/#primaryimage\"},\"image\":{\"@id\":\"https:\/\/www.starofhope.fi\/fi\/tuote\/lahjakortti-joulupaketti\/#primaryimage\"},\"thumbnailUrl\":\"https:\/\/www.starofhope.fi\/wp-content\/uploads\/2025\/05\/gavokort-julpaket-hoppets-stjarna-finland.jpg\",\"datePublished\":\"2022-01-17T12:21:18+00:00\",\"dateModified\":\"2022-11-23T09:21:53+00:00\",\"breadcrumb\":{\"@id\":\"https:\/\/www.starofhope.fi\/fi\/tuote\/lahjakortti-joulupaketti\/#breadcrumb\"},\"inLanguage\":\"fi\",\"potentialAction\":[{\"@type\":\"ReadAction\",\"target\":[\"https:\/\/www.starofhope.fi\/fi\/tuote\/lahjakortti-joulupaketti\/\"]}]},{\"@type\":\"ImageObject\",\"inLanguage\":\"fi\",\"@id\":\"https:\/\/www.starofhope.fi\/fi\/tuote\/lahjakortti-joulupaketti\/#primaryimage\",\"url\":\"https:\/\/www.starofhope.fi\/wp-content\/uploads\/2025\/05\/gavokort-julpaket-hoppets-stjarna-finland.jpg\",\"contentUrl\":\"https:\/\/www.starofhope.fi\/wp-content\/uploads\/2025\/05\/gavokort-julpaket-hoppets-stjarna-finland.jpg\",\"width\":300,\"height\":300,\"caption\":\"En pojke fr\u00e5n balvi somf\u00e5r julpaket donation fr\u00e5n Hoppets stj\u00e4rna.\"},{\"@type\":\"BreadcrumbList\",\"@id\":\"https:\/\/www.starofhope.fi\/fi\/tuote\/lahjakortti-joulupaketti\/#breadcrumb\",\"itemListElement\":[{\"@type\":\"ListItem\",\"position\":1,\"name\":\"Hem\",\"item\":\"https:\/\/www.starofhope.fi\/fi\/\"},{\"@type\":\"ListItem\",\"position\":2,\"name\":\"Verkkokauppa\",\"item\":\"https:\/\/www.starofhope.fi\/fi\/verkkokauppa\/\"},{\"@type\":\"ListItem\",\"position\":3,\"name\":\"Lahjakortti Joulupaketti\u00a0\u00a0\"}]},{\"@type\":\"WebSite\",\"@id\":\"https:\/\/www.starofhope.fi\/#website\",\"url\":\"https:\/\/www.starofhope.fi\/\",\"name\":\"Hoppets Stj\u00e4rna - Toivon t\u00e4hti\",\"description\":\"Allm\u00e4nnyttig registrerad f\u00f6rening. V\u00e5r verksamhet finansieras helt genom donationer.\",\"publisher\":{\"@id\":\"https:\/\/www.starofhope.fi\/#organization\"},\"potentialAction\":[{\"@type\":\"SearchAction\",\"target\":{\"@type\":\"EntryPoint\",\"urlTemplate\":\"https:\/\/www.starofhope.fi\/?s={search_term_string}\"},\"query-input\":{\"@type\":\"PropertyValueSpecification\",\"valueRequired\":true,\"valueName\":\"search_term_string\"}}],\"inLanguage\":\"fi\"},{\"@type\":\"Organization\",\"@id\":\"https:\/\/www.starofhope.fi\/#organization\",\"name\":\"Hoppets Stj\u00e4rna - Toivon t\u00e4hti\",\"url\":\"https:\/\/www.starofhope.fi\/\",\"logo\":{\"@type\":\"ImageObject\",\"inLanguage\":\"fi\",\"@id\":\"https:\/\/www.starofhope.fi\/#\/schema\/logo\/image\/\",\"url\":\"https:\/\/www.starofhope.fi\/wp-content\/uploads\/2022\/01\/hoppets-stjarna-toivon-tahti-web.png\",\"contentUrl\":\"https:\/\/www.starofhope.fi\/wp-content\/uploads\/2022\/01\/hoppets-stjarna-toivon-tahti-web.png\",\"width\":225,\"height\":82,\"caption\":\"Hoppets Stj\u00e4rna - Toivon t\u00e4hti\"},\"image\":{\"@id\":\"https:\/\/www.starofhope.fi\/#\/schema\/logo\/image\/\"},\"sameAs\":[\"https:\/\/www.facebook.com\/hoppetsstjarnafinland\"]}]}<\/script>\n<!-- \/ Yoast SEO plugin. -->","yoast_head_json":{"title":"Lahjakortti Joulupaketti\u00a0\u00a0 - Hoppets Stj\u00e4rna - Toivon t\u00e4hti","robots":{"index":"index","follow":"follow","max-snippet":"max-snippet:-1","max-image-preview":"max-image-preview:large","max-video-preview":"max-video-preview:-1"},"canonical":"https:\/\/www.starofhope.fi\/fi\/tuote\/lahjakortti-joulupaketti\/","og_locale":"fi_FI","og_type":"article","og_title":"Lahjakortti Joulupaketti\u00a0\u00a0 - Hoppets Stj\u00e4rna - Toivon t\u00e4hti","og_description":"T\u00e4m\u00e4n lahjan kautta perhe saa tuntea, ett\u00e4 on olemassa ihmisi\u00e4 jotka ajattelevat heit\u00e4 ja v\u00e4litt\u00e4v\u00e4t heist\u00e4.","og_url":"https:\/\/www.starofhope.fi\/fi\/tuote\/lahjakortti-joulupaketti\/","og_site_name":"Hoppets Stj\u00e4rna - Toivon t\u00e4hti","article_publisher":"https:\/\/www.facebook.com\/hoppetsstjarnafinland","article_modified_time":"2022-11-23T09:21:53+00:00","og_image":[{"width":2560,"height":1707,"url":"https:\/\/www.starofhope.fi\/wp-content\/uploads\/2022\/01\/Jul-scaled.jpg","type":"image\/jpeg"}],"twitter_card":"summary_large_image","twitter_misc":{"Arvioitu lukuaika":"1 minuutti"},"schema":{"@context":"https:\/\/schema.org","@graph":[{"@type":"WebPage","@id":"https:\/\/www.starofhope.fi\/fi\/tuote\/lahjakortti-joulupaketti\/","url":"https:\/\/www.starofhope.fi\/fi\/tuote\/lahjakortti-joulupaketti\/","name":"Lahjakortti Joulupaketti\u00a0\u00a0 - Hoppets Stj\u00e4rna - Toivon t\u00e4hti","isPartOf":{"@id":"https:\/\/www.starofhope.fi\/#website"},"primaryImageOfPage":{"@id":"https:\/\/www.starofhope.fi\/fi\/tuote\/lahjakortti-joulupaketti\/#primaryimage"},"image":{"@id":"https:\/\/www.starofhope.fi\/fi\/tuote\/lahjakortti-joulupaketti\/#primaryimage"},"thumbnailUrl":"https:\/\/www.starofhope.fi\/wp-content\/uploads\/2025\/05\/gavokort-julpaket-hoppets-stjarna-finland.jpg","datePublished":"2022-01-17T12:21:18+00:00","dateModified":"2022-11-23T09:21:53+00:00","breadcrumb":{"@id":"https:\/\/www.starofhope.fi\/fi\/tuote\/lahjakortti-joulupaketti\/#breadcrumb"},"inLanguage":"fi","potentialAction":[{"@type":"ReadAction","target":["https:\/\/www.starofhope.fi\/fi\/tuote\/lahjakortti-joulupaketti\/"]}]},{"@type":"ImageObject","inLanguage":"fi","@id":"https:\/\/www.starofhope.fi\/fi\/tuote\/lahjakortti-joulupaketti\/#primaryimage","url":"https:\/\/www.starofhope.fi\/wp-content\/uploads\/2025\/05\/gavokort-julpaket-hoppets-stjarna-finland.jpg","contentUrl":"https:\/\/www.starofhope.fi\/wp-content\/uploads\/2025\/05\/gavokort-julpaket-hoppets-stjarna-finland.jpg","width":300,"height":300,"caption":"En pojke fr\u00e5n balvi somf\u00e5r julpaket donation fr\u00e5n Hoppets stj\u00e4rna."},{"@type":"BreadcrumbList","@id":"https:\/\/www.starofhope.fi\/fi\/tuote\/lahjakortti-joulupaketti\/#breadcrumb","itemListElement":[{"@type":"ListItem","position":1,"name":"Hem","item":"https:\/\/www.starofhope.fi\/fi\/"},{"@type":"ListItem","position":2,"name":"Verkkokauppa","item":"https:\/\/www.starofhope.fi\/fi\/verkkokauppa\/"},{"@type":"ListItem","position":3,"name":"Lahjakortti Joulupaketti\u00a0\u00a0"}]},{"@type":"WebSite","@id":"https:\/\/www.starofhope.fi\/#website","url":"https:\/\/www.starofhope.fi\/","name":"Hoppets Stj\u00e4rna - Toivon t\u00e4hti","description":"Allm\u00e4nnyttig registrerad f\u00f6rening. V\u00e5r verksamhet finansieras helt genom donationer.","publisher":{"@id":"https:\/\/www.starofhope.fi\/#organization"},"potentialAction":[{"@type":"SearchAction","target":{"@type":"EntryPoint","urlTemplate":"https:\/\/www.starofhope.fi\/?s={search_term_string}"},"query-input":{"@type":"PropertyValueSpecification","valueRequired":true,"valueName":"search_term_string"}}],"inLanguage":"fi"},{"@type":"Organization","@id":"https:\/\/www.starofhope.fi\/#organization","name":"Hoppets Stj\u00e4rna - Toivon t\u00e4hti","url":"https:\/\/www.starofhope.fi\/","logo":{"@type":"ImageObject","inLanguage":"fi","@id":"https:\/\/www.starofhope.fi\/#\/schema\/logo\/image\/","url":"https:\/\/www.starofhope.fi\/wp-content\/uploads\/2022\/01\/hoppets-stjarna-toivon-tahti-web.png","contentUrl":"https:\/\/www.starofhope.fi\/wp-content\/uploads\/2022\/01\/hoppets-stjarna-toivon-tahti-web.png","width":225,"height":82,"caption":"Hoppets Stj\u00e4rna - Toivon t\u00e4hti"},"image":{"@id":"https:\/\/www.starofhope.fi\/#\/schema\/logo\/image\/"},"sameAs":["https:\/\/www.facebook.com\/hoppetsstjarnafinland"]}]}},"_links":{"self":[{"href":"https:\/\/www.starofhope.fi\/fi\/wp-json\/wp\/v2\/product\/1459","targetHints":{"allow":["GET"]}}],"collection":[{"href":"https:\/\/www.starofhope.fi\/fi\/wp-json\/wp\/v2\/product"}],"about":[{"href":"https:\/\/www.starofhope.fi\/fi\/wp-json\/wp\/v2\/types\/product"}],"wp:featuredmedia":[{"embeddable":true,"href":"https:\/\/www.starofhope.fi\/fi\/wp-json\/wp\/v2\/media\/4121"}],"wp:attachment":[{"href":"https:\/\/www.starofhope.fi\/fi\/wp-json\/wp\/v2\/media?parent=1459"}],"wp:term":[{"taxonomy":"product_brand","embeddable":true,"href":"https:\/\/www.starofhope.fi\/fi\/wp-json\/wp\/v2\/product_brand?post=1459"},{"taxonomy":"product_cat","embeddable":true,"href":"https:\/\/www.starofhope.fi\/fi\/wp-json\/wp\/v2\/product_cat?post=1459"},{"taxonomy":"product_tag","embeddable":true,"href":"https:\/\/www.starofhope.fi\/fi\/wp-json\/wp\/v2\/product_tag?post=1459"}],"curies":[{"name":"wp","href":"https:\/\/api.w.org\/{rel}","templated":true}]}}