{"id":1400,"date":"2021-07-22T13:58:26","date_gmt":"2021-07-22T10:58:26","guid":{"rendered":"http:\/\/hoppetstjarna.netserver.fi\/product\/projekti-3\/"},"modified":"2025-07-18T13:21:55","modified_gmt":"2025-07-18T10:21:55","slug":"projektti-argentiina","status":"publish","type":"product","link":"https:\/\/www.starofhope.fi\/fi\/tuote\/projektti-argentiina\/","title":{"rendered":"Nal\u00e1, Argentiina"},"content":{"rendered":"<h3><span dir=\"ltr\" role=\"presentation\">Auta Argentiinan alkuper\u00e4iskansaa!<\/span><\/h3>\n<p><strong><span dir=\"ltr\" role=\"presentation\">S\u00e1enz Pe\u00f1an kaupunki<\/span> <span dir=\"ltr\" role=\"presentation\">ja Nal\u00e0<\/span><\/strong><br role=\"presentation\" \/><span dir=\"ltr\" role=\"presentation\">S\u00e1enz Pe\u00f1a sijaitsee Pohjois-<\/span><span dir=\"ltr\" role=\"presentation\">Argentiinassa Chacon provin<\/span><span dir=\"ltr\" role=\"presentation\">ssissa. <\/span><span dir=\"ltr\" role=\"presentation\">\u201dGran Chaco\u201d, laaja tasankoalue <\/span><span dir=\"ltr\" role=\"presentation\">pampan pohjoispuolella ja Par\u00e1na<\/span><span dir=\"ltr\" role=\"presentation\">joestal\u00e4nteen, levitt\u00e4ytyy Argentiinan <\/span><span dir=\"ltr\" role=\"presentation\">lis\u00e4ksi my\u00f6s Para<\/span><span dir=\"ltr\" role=\"presentation\">guayhin ja Boliviaan. <\/span><span dir=\"ltr\" role=\"presentation\">Provinssi on suurimmaksi osaksi ava<\/span><span dir=\"ltr\" role=\"presentation\">raa,<\/span> <span dir=\"ltr\" role=\"presentation\">osin mets\u00e4ist\u00e4 savannimaisemaa. <\/span><span dir=\"ltr\" role=\"presentation\">Alueen p\u00e4\u00e4elinkeinoja ovat maat<\/span><span dir=\"ltr\" role=\"presentation\">a<\/span><span dir=\"ltr\" role=\"presentation\">lous <\/span><span dir=\"ltr\" role=\"presentation\">ja karjanhoito. Viel\u00e4 j\u00e4ljell\u00e4 olevasta alkuper\u00e4iskansasta<\/span><span dir=\"ltr\" role=\"presentation\">\u00a0suurin osa asuu <\/span><span dir=\"ltr\" role=\"presentation\">t\u00e4ss\u00e4 provinssissa. Provinssi on yksi <\/span><span dir=\"ltr\" role=\"presentation\">maan k\u00f6yhimmist\u00e4 ja imev\u00e4is<\/span><span dir=\"ltr\" role=\"presentation\">kuolleisuus t\u00e4\u00e4ll\u00e4 on maan korkein.<\/span><\/p>\n<p><span dir=\"ltr\" role=\"presentation\">Argentiina<\/span><span dir=\"ltr\" role=\"presentation\">laisittain S\u00e1enz Pe\u00f1a on <\/span><span dir=\"ltr\" role=\"presentation\">pieni kaupunki. T\u00e4\u00e4ll\u00e4 asuu n.1<\/span><span dir=\"ltr\" role=\"presentation\">00 000 <\/span><span dir=\"ltr\" role=\"presentation\">ihmist\u00e4. Kaupungin liepeill\u00e4 on monia <\/span><span dir=\"ltr\" role=\"presentation\">hyvin k\u00f6yhi\u00e4 alueita, yksi n\u00e4ist\u00e4 Nal\u00e0. <\/span><span dir=\"ltr\" role=\"presentation\">Kaupungin <\/span><span dir=\"ltr\" role=\"presentation\">laitamilla arvioi<\/span><span dir=\"ltr\" role=\"presentation\">daan asuvan v\u00e4hint\u00e4\u00e4n <\/span><span dir=\"ltr\" role=\"presentation\">3000 Toban alkuper\u00e4iskansaan kuuluvaa henkil\u00f6\u00e4. Maantieteellisen <\/span><span dir=\"ltr\" role=\"presentation\">sijaintinsa ja ilmastonsa takia alue on <\/span><span dir=\"ltr\" role=\"presentation\">hyvin tomuinen \u2013<\/span> <span dir=\"ltr\" role=\"presentation\">ja sateen saapuessa <\/span><span dir=\"ltr\" role=\"presentation\">tomu muuttuu nopeasti liejuksi. <\/span><span dir=\"ltr\" role=\"presentation\">Alueella on joitakin tiil<\/span><span dir=\"ltr\" role=\"presentation\">italoja, jotka on <\/span><span dir=\"ltr\" role=\"presentation\">rakennettu savesta tehdyist\u00e4 tiilist\u00e4, <\/span><span dir=\"ltr\" role=\"presentation\">mutta useimmat asuvat vaatimatto<\/span><span dir=\"ltr\" role=\"presentation\">missa savimajoissa (chozas), joissa <\/span><span dir=\"ltr\" role=\"presentation\">on tervapahvikatto. T\u00e4\u00e4lt\u00e4 puuttuu <\/span><span dir=\"ltr\" role=\"presentation\">paljon sellaista, jota me kenties <\/span><span dir=\"ltr\" role=\"presentation\">pid\u00e4mme itsest\u00e4\u00e4n<\/span><span dir=\"ltr\" role=\"presentation\">selvyten\u00e4; t\u00e4\u00e4ll\u00e4 ei <\/span><span dir=\"ltr\" role=\"presentation\">ole viem\u00e4r\u00f6inti\u00e4 ja \u201dWC\u201d on maahan <\/span><span dir=\"ltr\" role=\"presentation\">kaivettu kuoppa, jonka p\u00e4\u00e4ll\u00e4 on pari <\/span><span dir=\"ltr\" role=\"presentation\">lautaa. <\/span><span dir=\"ltr\" role=\"presentation\">Nal\u00e0ssa voi noutaa vett\u00e4 hanoista, <\/span><span dir=\"ltr\" role=\"presentation\">jotka on hankittu<\/span> <span dir=\"ltr\" role=\"presentation\">ker\u00e4yksell\u00e4 yhteis<\/span><span dir=\"ltr\" role=\"presentation\">ty\u00f6ss\u00e4 Toivon t\u00e4hden kanssa.<\/span><\/p>\n<p>Argentiinan taloudellinen tilanne on eritt\u00e4in haastava. Inflaatio on edelleen \u00e4\u00e4rimm\u00e4isen korkea, mik\u00e4 nostaa perushy\u00f6dykkeiden kuten ruoan ja l\u00e4\u00e4kkeiden, hintoja, ja perheill\u00e4 on yh\u00e4 vaikeampaa saada rahat riitt\u00e4m\u00e4\u00e4n. Ty\u00f6tt\u00f6myys, joka on kasvussa, pahentaa tilannetta ja monien on vaikea l\u00f6yt\u00e4\u00e4 t\u00f6it\u00e4. Korkea ty\u00f6tt\u00f6myys johtaa my\u00f6s siihen ett\u00e4 monet muuttavat johonkin Argentiinan suuremmista kaupungeista paremman tulevaisuuden toivossa. Hallituksen s\u00e4\u00e4st\u00f6toimet jotka on tehty talouden vakauttamiseksi ovat kyll\u00e4 johtaneet inflaation liev\u00e4\u00e4n laskuun, mutta ne ovat my\u00f6s tuoneet mukanaan kipeit\u00e4 seurauksia k\u00f6yhyyden ja turvattomuuden lis\u00e4\u00e4ntymisen muodossa. Useita valtion sosiaaliohjelmia jotka aiemmin tukivat kaikkein haavoittuvimpia on my\u00f6s leikattu, mik\u00e4 pahentaa k\u00f6yhyytt\u00e4 ja eriarvoisuutta maassa entisest\u00e4\u00e4n. Nykyinen talouskriisi on iskenyt tukiperheisiimme kovaa ja monet kamppailevat saadakseen riitt\u00e4v\u00e4sti ruokaa ja muita v\u00e4ltt\u00e4m\u00e4tt\u00f6myyksi\u00e4.<\/p>\n<p><strong><span dir=\"ltr\" role=\"presentation\">Koulunk\u00e4ynti, ruoka ja terveydenhoito<\/span><\/strong><br role=\"presentation\" \/><span dir=\"ltr\" role=\"presentation\">Nalassa on yksi esikoulu ja yksi peruskoulu. <\/span><span dir=\"ltr\" role=\"presentation\">Argentiinassa on 9<\/span><span dir=\"ltr\" role=\"presentation\">-vuotinen oppivelvollisuus, <\/span><span dir=\"ltr\" role=\"presentation\">mutta vaikka koulu on ilmainen, intiaaniv\u00e4est\u00f6n <\/span><span dir=\"ltr\" role=\"presentation\">keskuudessa lasten l\u00e4hett\u00e4minen kouluun ei ole <\/span><span dir=\"ltr\" role=\"presentation\">mitenk\u00e4\u00e4n itsest\u00e4\u00e4n selv\u00e4\u00e4. Monen on vaikea <\/span><span dir=\"ltr\" role=\"presentation\">n\u00e4hd\u00e4 mit\u00e4 hy\u00f6ty\u00e4 koulunk\u00e4ynnist\u00e4 on, ja lapsia <\/span><span dir=\"ltr\" role=\"presentation\">tarvitaan auttamaan perheen elatuksen <\/span><span dir=\"ltr\" role=\"presentation\">hankkimisessa. Ty\u00f6skentelemme siksi paljon per<\/span><span dir=\"ltr\" role=\"presentation\">heiden keskuudessa jakaen tietoa lasten oikeu<\/span><span dir=\"ltr\" role=\"presentation\">desta k\u00e4<\/span><span dir=\"ltr\" role=\"presentation\">yd\u00e4 koulua ja mit\u00e4 koulutus voi merkit\u00e4, ei <\/span><span dir=\"ltr\" role=\"presentation\">pelk\u00e4st\u00e4\u00e4n lapselle vaan my\u00f6s koko perheelle <\/span><span dir=\"ltr\" role=\"presentation\">sek\u00e4 yhteiskunnalle yleens\u00e4.<\/span><br role=\"presentation\" \/><span dir=\"ltr\" role=\"presentation\">Sponsorituen ansiosta lapset saavat apua <\/span><span dir=\"ltr\" role=\"presentation\">koulutarvikkeiden ja pakollisen koulupuvun <\/span><span dir=\"ltr\" role=\"presentation\">ostamiseen. Joka kuukausi perhe saa paketillisen <\/span><span dir=\"ltr\" role=\"presentation\">perustuotteita kuten jauhoja, ruoka\u00f6ljy\u00e4, teet\u00e4, <\/span><span dir=\"ltr\" role=\"presentation\">saippuaa, jne. Lapset saavat my\u00f6s hammas- ja <\/span><span dir=\"ltr\" role=\"presentation\">terveydenhoitoa terveyskeskuksessa l\u00e4heisess\u00e4 <\/span><span dir=\"ltr\" role=\"presentation\">Nam Qomin kyl\u00e4ss\u00e4. Lapset aloittavat esikoulun <\/span><span dir=\"ltr\" role=\"presentation\">4-5-vuotiaana. Siell\u00e4 he oppivat ennen muuta <\/span><span dir=\"ltr\" role=\"presentation\">espanjaa \u2013 peruskoulun opetuskielt\u00e4. Toivon t\u00e4hti <\/span><span dir=\"ltr\" role=\"presentation\">on kouluttanut useita kaksikielisi\u00e4 opettajia, jotka <\/span><span dir=\"ltr\" role=\"presentation\">ovat k\u00e4ytett\u00e4viss\u00e4 sek\u00e4 esikouluissa ett\u00e4 perus<\/span><span dir=\"ltr\" role=\"presentation\">kouluissa alkuper\u00e4iskansan lapsien tukemiseen.<\/span><br role=\"presentation\" \/><span dir=\"ltr\" role=\"presentation\">Vuoden kest\u00e4v\u00e4n esikoulun j\u00e4lkeen lapset aloittavat <\/span><span dir=\"ltr\" role=\"presentation\">peruskoulun. He l\u00e4htev\u00e4t koulusta 14 &#8211; 18-vuotiaana, <\/span><span dir=\"ltr\" role=\"presentation\">riippuen siit\u00e4 milloin ovat aloittaneet. T\u00e4ll\u00f6in he usein <\/span><span dir=\"ltr\" role=\"presentation\">j\u00e4tt\u00e4v\u00e4t tuki<\/span><span dir=\"ltr\" role=\"presentation\">ohjelmamme. Heille, jotka haluavat jatkaa opintojaan tarjoutuu t\u00e4h\u00e4n mahdollisuus lahjoittajiemme ansiosta.<\/span><\/p>\n<p><strong><span dir=\"ltr\" role=\"presentation\">Tukesi merkitsee <\/span><span dir=\"ltr\" role=\"presentation\">paljon! <\/span><span dir=\"ltr\" role=\"presentation\">Auta Argentiinan alkuper\u00e4iskansaa!<\/span><\/strong><\/p>\n<div class=\"widget_wc-donation-widget\" id=\"wc_donation_on_shortcode_2559\"><style>\n\t:root {\n\t\t--wc-bg-color: #B54521;\n\t\t--wc-txt-color: #FFFFFF;\n\t}\n\n\t\t\t\t#wc_donation_on_shortcode_2559 .price-wrapper::after {\n\t\t\t\tbackground: #333333;\n\t\t\t\tcolor: #FFFFFF\t\t\t}\n\t\t\t\t\t#wc_donation_on_shortcode_2559 .wc-input-text {\n\t\t\tborder-color: #B54521!important\n\t\t}\n\n\t\t#wc_donation_on_shortcode_2559 .checkmark {\n\t\t\tborder-color: #333333!important\n\t\t}\n\t\t#wc_donation_on_shortcode_2559 .wc-label-radio input:checked ~ .checkmark {\n\t\t\tbackground-color: #333333\t\t}\n\t\t#wc_donation_on_shortcode_2559 .wc-label-radio .checkmark:after {\n\t\t\tborder-color: #FFFFFF!important\n\t\t}\n\t\t#wc_donation_on_shortcode_2559 .wc-label-button {\n\t\t\tborder-color: #B54521!important;\n\t\t\tcolor: #B54521!important\n\t\t}\n\t\t#wc_donation_on_shortcode_2559 label.wc-label-button.wc-active {\n\t\t\tbackground-color: #B54521!important;\n\t\t\tcolor: #FFFFFF!important\n\t\t}\n\t\t#wc_donation_on_shortcode_2559 .wc_progressBarContainer > ul > li.wc_progress div.progressbar {\n\t\t\tbackground: #333333\t\t}\n\t\t<\/style>\n<div class=\"wc-donation-in-action\" data-donation-type=\"free-value\">\n\t<div class=\"campaign-title\">\n\t\t<h4>Lahjoitus &#8211; Nal\u00e1, Argentiina<\/h4>\n\t<\/div>\t\n\t<div class=\"block-campaign-thumbnail\">\n\t\t\t\t\t<img loading=\"lazy\" decoding=\"async\" width=\"160\" height=\"160\" src=\"https:\/\/www.starofhope.fi\/wp-content\/plugins\/donation-for-woocommerce\/assets\/images\/no-image-cart-campaign.png\" class=\"attachment-160x160 size-160x160 wp-post-image\">\n\t\t\t<\/div>\n\t<div class=\"in-action-elements\">\n\t\t<style>\n\t.dashicons-money-alt:before {\n\t\tfont-size: 36px !important;\n\t\tpadding-bottom: 20px !important;\n\t}\n<\/style>\n<div class=\"row1\">\n\t<h3 class=\"wc-donation-title \">\n\t\t\t\tTee kertalahjoitus\t<\/h3>\n\t\t\t\t<div class=\"price-wrapper after\" currency=\"&euro;\">\n\t\t\t\t<input type=\"text\" data-min=\"0\" data-max=\"1000\" data-campaign_id=\"2559\" data-rand_id=\"982\" onKeyup=\"return NumbersOnly(this, event, true);\" class=\"grab-donation wc-input-text donate_2559_982 after\" Placeholder=\"T\u00e4ytt\u00e4\u00e4 0 - 1000\" name=\"wc-donation-price\" >\n\t\t\t\t<!-- <div class=\"wc-donation-tooltip\" style=\"display: none;\">\n\t\t\t\t\t<span class=\"wc-donation-tooltip-icon\">i<\/span>\n\t\t\t\t\t<span class=\"wc-donation-tooltip-text\">T\u00e4ytt\u00e4\u00e4 0 - 1000<\/span>\n\t\t\t\t<\/div> -->\n\t\t\t<\/div>\n\t\t\t<input type=\"hidden\" id=\"wc-donation-price-2559_982\" class=\"donate_2559_982\" name=\"wc-donation-price\" value=\"\"><input type=\"hidden\" id=\"wc-donation-cause-2559_982\" class=\"donate_cause_2559_982\" name=\"wc-donation-cause\" value=\"\"><\/div>\n<div class=\"row2\">\n\t\t\n\n\t<input type=\"hidden\" name=\"wc_donation_camp\" id=\"wc_donation_camp_2559_982\" class=\"wc_donation_camp\" value=\"2559\">\n\t<input type=\"hidden\" name=\"wc_rand_id\" class=\"wp_rand\" value=\"982\">\n\t<button class=\"button wc-donation-f-submit-donation\" data-min-value=\"0\" data-max-value=\"1000\" data-type=\"shortcode\" style=\"background-color:#B54521;border-color:#B54521;color:#FFFFFF;\" id='wc-donation-f-submit-donation' value='Donate'>Lahjoita<\/button>\n\t<\/div>\n\t<\/div>\n<\/div>\n<div style=\"clear:both;height:1px;\">&nbsp;<\/div>\n<\/div>\n","protected":false},"excerpt":{"rendered":"<p><span dir=\"ltr\" role=\"presentation\">1200 km Argentiin<\/span><span dir=\"ltr\" role=\"presentation\">an p\u00e4\u00e4kaupungista Chacon provins<\/span><span dir=\"ltr\" role=\"presentation\">si<\/span><span dir=\"ltr\" role=\"presentation\">ssa s<\/span><span dir=\"ltr\" role=\"presentation\">i<\/span><span dir=\"ltr\" role=\"presentation\">jaitsee <\/span><span dir=\"ltr\" role=\"presentation\">S\u00e1enz Pe\u00f1an kaupunki. Aivan sen liepeill\u00e4 on Nal\u00e0n esikaupunki, miss\u00e4 <\/span><span dir=\"ltr\" role=\"presentation\">hankkeemme sijaitsee. Nal\u00e0ssa ty\u00f6skentelemme p\u00e4\u00e4asiassa <\/span><span dir=\"ltr\" role=\"presentation\">Toba-v\u00e4hemmist\u00f6ryhm\u00e4n keskuudessa. Tobat ovat yksi Argentiinan <\/span><span dir=\"ltr\" role=\"presentation\">alkuper\u00e4i<\/span><span dir=\"ltr\" role=\"presentation\">s<\/span><span dir=\"ltr\" role=\"presentation\">kansoista.<\/span><\/p>\n","protected":false},"featured_media":4069,"template":"","meta":[],"product_brand":[],"product_cat":[36],"product_tag":[],"class_list":{"0":"post-1400","1":"product","2":"type-product","3":"status-publish","4":"has-post-thumbnail","6":"product_cat-projektimme","7":"tm-no-options","9":"first","10":"instock","11":"shipping-taxable","12":"purchasable","13":"product-type-variable-subscription"},"yoast_head":"<!-- This site is optimized with the Yoast SEO plugin v26.9 - https:\/\/yoast.com\/product\/yoast-seo-wordpress\/ -->\n<title>Nal\u00e1, Argentiina - Hoppets Stj\u00e4rna - Toivon t\u00e4hti<\/title>\n<meta name=\"robots\" content=\"index, follow, max-snippet:-1, max-image-preview:large, max-video-preview:-1\" \/>\n<link rel=\"canonical\" href=\"https:\/\/www.starofhope.fi\/fi\/tuote\/projektti-argentiina\/\" \/>\n<meta property=\"og:locale\" content=\"fi_FI\" \/>\n<meta property=\"og:type\" content=\"article\" \/>\n<meta property=\"og:title\" content=\"Nal\u00e1, Argentiina - Hoppets Stj\u00e4rna - Toivon t\u00e4hti\" \/>\n<meta property=\"og:description\" content=\"1200 km Argentiinan p\u00e4\u00e4kaupungista Chacon provinssissa sijaitsee S\u00e1enz Pe\u00f1an kaupunki. Aivan sen liepeill\u00e4 on Nal\u00e0n esikaupunki, miss\u00e4 hankkeemme sijaitsee. Nal\u00e0ssa ty\u00f6skentelemme p\u00e4\u00e4asiassa Toba-v\u00e4hemmist\u00f6ryhm\u00e4n keskuudessa. Tobat ovat yksi Argentiinan alkuper\u00e4iskansoista.\" \/>\n<meta property=\"og:url\" content=\"https:\/\/www.starofhope.fi\/fi\/tuote\/projektti-argentiina\/\" \/>\n<meta property=\"og:site_name\" content=\"Hoppets Stj\u00e4rna - Toivon t\u00e4hti\" \/>\n<meta property=\"article:publisher\" content=\"https:\/\/www.facebook.com\/hoppetsstjarnafinland\" \/>\n<meta property=\"article:modified_time\" content=\"2025-07-18T10:21:55+00:00\" \/>\n<meta property=\"og:image\" content=\"https:\/\/www.starofhope.fi\/wp-content\/uploads\/2025\/05\/nala-argentina-familj-hoppets-stjarna-finland.jpg\" \/>\n\t<meta property=\"og:image:width\" content=\"768\" \/>\n\t<meta property=\"og:image:height\" content=\"514\" \/>\n\t<meta property=\"og:image:type\" content=\"image\/jpeg\" \/>\n<meta name=\"twitter:card\" content=\"summary_large_image\" \/>\n<meta name=\"twitter:label1\" content=\"Arvioitu lukuaika\" \/>\n\t<meta name=\"twitter:data1\" content=\"3 minuuttia\" \/>\n<script type=\"application\/ld+json\" class=\"yoast-schema-graph\">{\"@context\":\"https:\/\/schema.org\",\"@graph\":[{\"@type\":\"WebPage\",\"@id\":\"https:\/\/www.starofhope.fi\/fi\/tuote\/projektti-argentiina\/\",\"url\":\"https:\/\/www.starofhope.fi\/fi\/tuote\/projektti-argentiina\/\",\"name\":\"Nal\u00e1, Argentiina - Hoppets Stj\u00e4rna - Toivon t\u00e4hti\",\"isPartOf\":{\"@id\":\"https:\/\/www.starofhope.fi\/#website\"},\"primaryImageOfPage\":{\"@id\":\"https:\/\/www.starofhope.fi\/fi\/tuote\/projektti-argentiina\/#primaryimage\"},\"image\":{\"@id\":\"https:\/\/www.starofhope.fi\/fi\/tuote\/projektti-argentiina\/#primaryimage\"},\"thumbnailUrl\":\"https:\/\/www.starofhope.fi\/wp-content\/uploads\/2025\/05\/nala-argentina-familj-hoppets-stjarna-finland.jpg\",\"datePublished\":\"2021-07-22T10:58:26+00:00\",\"dateModified\":\"2025-07-18T10:21:55+00:00\",\"breadcrumb\":{\"@id\":\"https:\/\/www.starofhope.fi\/fi\/tuote\/projektti-argentiina\/#breadcrumb\"},\"inLanguage\":\"fi\",\"potentialAction\":[{\"@type\":\"ReadAction\",\"target\":[\"https:\/\/www.starofhope.fi\/fi\/tuote\/projektti-argentiina\/\"]}]},{\"@type\":\"ImageObject\",\"inLanguage\":\"fi\",\"@id\":\"https:\/\/www.starofhope.fi\/fi\/tuote\/projektti-argentiina\/#primaryimage\",\"url\":\"https:\/\/www.starofhope.fi\/wp-content\/uploads\/2025\/05\/nala-argentina-familj-hoppets-stjarna-finland.jpg\",\"contentUrl\":\"https:\/\/www.starofhope.fi\/wp-content\/uploads\/2025\/05\/nala-argentina-familj-hoppets-stjarna-finland.jpg\",\"width\":768,\"height\":514,\"caption\":\"Ett foto av en familj i Argentina.\"},{\"@type\":\"BreadcrumbList\",\"@id\":\"https:\/\/www.starofhope.fi\/fi\/tuote\/projektti-argentiina\/#breadcrumb\",\"itemListElement\":[{\"@type\":\"ListItem\",\"position\":1,\"name\":\"Hem\",\"item\":\"https:\/\/www.starofhope.fi\/fi\/\"},{\"@type\":\"ListItem\",\"position\":2,\"name\":\"Verkkokauppa\",\"item\":\"https:\/\/www.starofhope.fi\/fi\/verkkokauppa\/\"},{\"@type\":\"ListItem\",\"position\":3,\"name\":\"Nal\u00e1, Argentiina\"}]},{\"@type\":\"WebSite\",\"@id\":\"https:\/\/www.starofhope.fi\/#website\",\"url\":\"https:\/\/www.starofhope.fi\/\",\"name\":\"Hoppets Stj\u00e4rna - Toivon t\u00e4hti\",\"description\":\"Allm\u00e4nnyttig registrerad f\u00f6rening. V\u00e5r verksamhet finansieras helt genom donationer.\",\"publisher\":{\"@id\":\"https:\/\/www.starofhope.fi\/#organization\"},\"potentialAction\":[{\"@type\":\"SearchAction\",\"target\":{\"@type\":\"EntryPoint\",\"urlTemplate\":\"https:\/\/www.starofhope.fi\/?s={search_term_string}\"},\"query-input\":{\"@type\":\"PropertyValueSpecification\",\"valueRequired\":true,\"valueName\":\"search_term_string\"}}],\"inLanguage\":\"fi\"},{\"@type\":\"Organization\",\"@id\":\"https:\/\/www.starofhope.fi\/#organization\",\"name\":\"Hoppets Stj\u00e4rna - Toivon t\u00e4hti\",\"url\":\"https:\/\/www.starofhope.fi\/\",\"logo\":{\"@type\":\"ImageObject\",\"inLanguage\":\"fi\",\"@id\":\"https:\/\/www.starofhope.fi\/#\/schema\/logo\/image\/\",\"url\":\"https:\/\/www.starofhope.fi\/wp-content\/uploads\/2022\/01\/hoppets-stjarna-toivon-tahti-web.png\",\"contentUrl\":\"https:\/\/www.starofhope.fi\/wp-content\/uploads\/2022\/01\/hoppets-stjarna-toivon-tahti-web.png\",\"width\":225,\"height\":82,\"caption\":\"Hoppets Stj\u00e4rna - Toivon t\u00e4hti\"},\"image\":{\"@id\":\"https:\/\/www.starofhope.fi\/#\/schema\/logo\/image\/\"},\"sameAs\":[\"https:\/\/www.facebook.com\/hoppetsstjarnafinland\"]}]}<\/script>\n<!-- \/ Yoast SEO plugin. -->","yoast_head_json":{"title":"Nal\u00e1, Argentiina - Hoppets Stj\u00e4rna - Toivon t\u00e4hti","robots":{"index":"index","follow":"follow","max-snippet":"max-snippet:-1","max-image-preview":"max-image-preview:large","max-video-preview":"max-video-preview:-1"},"canonical":"https:\/\/www.starofhope.fi\/fi\/tuote\/projektti-argentiina\/","og_locale":"fi_FI","og_type":"article","og_title":"Nal\u00e1, Argentiina - Hoppets Stj\u00e4rna - Toivon t\u00e4hti","og_description":"1200 km Argentiinan p\u00e4\u00e4kaupungista Chacon provinssissa sijaitsee S\u00e1enz Pe\u00f1an kaupunki. Aivan sen liepeill\u00e4 on Nal\u00e0n esikaupunki, miss\u00e4 hankkeemme sijaitsee. Nal\u00e0ssa ty\u00f6skentelemme p\u00e4\u00e4asiassa Toba-v\u00e4hemmist\u00f6ryhm\u00e4n keskuudessa. Tobat ovat yksi Argentiinan alkuper\u00e4iskansoista.","og_url":"https:\/\/www.starofhope.fi\/fi\/tuote\/projektti-argentiina\/","og_site_name":"Hoppets Stj\u00e4rna - Toivon t\u00e4hti","article_publisher":"https:\/\/www.facebook.com\/hoppetsstjarnafinland","article_modified_time":"2025-07-18T10:21:55+00:00","og_image":[{"width":768,"height":514,"url":"https:\/\/www.starofhope.fi\/wp-content\/uploads\/2025\/05\/nala-argentina-familj-hoppets-stjarna-finland.jpg","type":"image\/jpeg"}],"twitter_card":"summary_large_image","twitter_misc":{"Arvioitu lukuaika":"3 minuuttia"},"schema":{"@context":"https:\/\/schema.org","@graph":[{"@type":"WebPage","@id":"https:\/\/www.starofhope.fi\/fi\/tuote\/projektti-argentiina\/","url":"https:\/\/www.starofhope.fi\/fi\/tuote\/projektti-argentiina\/","name":"Nal\u00e1, Argentiina - Hoppets Stj\u00e4rna - Toivon t\u00e4hti","isPartOf":{"@id":"https:\/\/www.starofhope.fi\/#website"},"primaryImageOfPage":{"@id":"https:\/\/www.starofhope.fi\/fi\/tuote\/projektti-argentiina\/#primaryimage"},"image":{"@id":"https:\/\/www.starofhope.fi\/fi\/tuote\/projektti-argentiina\/#primaryimage"},"thumbnailUrl":"https:\/\/www.starofhope.fi\/wp-content\/uploads\/2025\/05\/nala-argentina-familj-hoppets-stjarna-finland.jpg","datePublished":"2021-07-22T10:58:26+00:00","dateModified":"2025-07-18T10:21:55+00:00","breadcrumb":{"@id":"https:\/\/www.starofhope.fi\/fi\/tuote\/projektti-argentiina\/#breadcrumb"},"inLanguage":"fi","potentialAction":[{"@type":"ReadAction","target":["https:\/\/www.starofhope.fi\/fi\/tuote\/projektti-argentiina\/"]}]},{"@type":"ImageObject","inLanguage":"fi","@id":"https:\/\/www.starofhope.fi\/fi\/tuote\/projektti-argentiina\/#primaryimage","url":"https:\/\/www.starofhope.fi\/wp-content\/uploads\/2025\/05\/nala-argentina-familj-hoppets-stjarna-finland.jpg","contentUrl":"https:\/\/www.starofhope.fi\/wp-content\/uploads\/2025\/05\/nala-argentina-familj-hoppets-stjarna-finland.jpg","width":768,"height":514,"caption":"Ett foto av en familj i Argentina."},{"@type":"BreadcrumbList","@id":"https:\/\/www.starofhope.fi\/fi\/tuote\/projektti-argentiina\/#breadcrumb","itemListElement":[{"@type":"ListItem","position":1,"name":"Hem","item":"https:\/\/www.starofhope.fi\/fi\/"},{"@type":"ListItem","position":2,"name":"Verkkokauppa","item":"https:\/\/www.starofhope.fi\/fi\/verkkokauppa\/"},{"@type":"ListItem","position":3,"name":"Nal\u00e1, Argentiina"}]},{"@type":"WebSite","@id":"https:\/\/www.starofhope.fi\/#website","url":"https:\/\/www.starofhope.fi\/","name":"Hoppets Stj\u00e4rna - Toivon t\u00e4hti","description":"Allm\u00e4nnyttig registrerad f\u00f6rening. V\u00e5r verksamhet finansieras helt genom donationer.","publisher":{"@id":"https:\/\/www.starofhope.fi\/#organization"},"potentialAction":[{"@type":"SearchAction","target":{"@type":"EntryPoint","urlTemplate":"https:\/\/www.starofhope.fi\/?s={search_term_string}"},"query-input":{"@type":"PropertyValueSpecification","valueRequired":true,"valueName":"search_term_string"}}],"inLanguage":"fi"},{"@type":"Organization","@id":"https:\/\/www.starofhope.fi\/#organization","name":"Hoppets Stj\u00e4rna - Toivon t\u00e4hti","url":"https:\/\/www.starofhope.fi\/","logo":{"@type":"ImageObject","inLanguage":"fi","@id":"https:\/\/www.starofhope.fi\/#\/schema\/logo\/image\/","url":"https:\/\/www.starofhope.fi\/wp-content\/uploads\/2022\/01\/hoppets-stjarna-toivon-tahti-web.png","contentUrl":"https:\/\/www.starofhope.fi\/wp-content\/uploads\/2022\/01\/hoppets-stjarna-toivon-tahti-web.png","width":225,"height":82,"caption":"Hoppets Stj\u00e4rna - Toivon t\u00e4hti"},"image":{"@id":"https:\/\/www.starofhope.fi\/#\/schema\/logo\/image\/"},"sameAs":["https:\/\/www.facebook.com\/hoppetsstjarnafinland"]}]}},"_links":{"self":[{"href":"https:\/\/www.starofhope.fi\/fi\/wp-json\/wp\/v2\/product\/1400","targetHints":{"allow":["GET"]}}],"collection":[{"href":"https:\/\/www.starofhope.fi\/fi\/wp-json\/wp\/v2\/product"}],"about":[{"href":"https:\/\/www.starofhope.fi\/fi\/wp-json\/wp\/v2\/types\/product"}],"wp:featuredmedia":[{"embeddable":true,"href":"https:\/\/www.starofhope.fi\/fi\/wp-json\/wp\/v2\/media\/4069"}],"wp:attachment":[{"href":"https:\/\/www.starofhope.fi\/fi\/wp-json\/wp\/v2\/media?parent=1400"}],"wp:term":[{"taxonomy":"product_brand","embeddable":true,"href":"https:\/\/www.starofhope.fi\/fi\/wp-json\/wp\/v2\/product_brand?post=1400"},{"taxonomy":"product_cat","embeddable":true,"href":"https:\/\/www.starofhope.fi\/fi\/wp-json\/wp\/v2\/product_cat?post=1400"},{"taxonomy":"product_tag","embeddable":true,"href":"https:\/\/www.starofhope.fi\/fi\/wp-json\/wp\/v2\/product_tag?post=1400"}],"curies":[{"name":"wp","href":"https:\/\/api.w.org\/{rel}","templated":true}]}}