{"id":1399,"date":"2021-07-22T13:58:46","date_gmt":"2021-07-22T10:58:46","guid":{"rendered":"http:\/\/hoppetstjarna.netserver.fi\/product\/projekt-4\/"},"modified":"2025-07-18T13:20:15","modified_gmt":"2025-07-18T10:20:15","slug":"projektti-haiti","status":"publish","type":"product","link":"https:\/\/www.starofhope.fi\/fi\/tuote\/projektti-haiti\/","title":{"rendered":"Bois Negresse, Haiti"},"content":{"rendered":"<p><strong><span dir=\"ltr\" role=\"presentation\">Bois Negressen arki<\/span><\/strong><br role=\"presentation\" \/><span dir=\"ltr\" role=\"presentation\">Perheiden arki Bois Negres<\/span><span dir=\"ltr\" role=\"presentation\">sess\u00e4 on <\/span><span dir=\"ltr\" role=\"presentation\">jatkuvaa kamppailua. Vanhe<\/span><span dir=\"ltr\" role=\"presentation\">mpien <\/span><span dir=\"ltr\" role=\"presentation\">tulot eiv\u00e4t riit\u00e4 edes ruokaan aliravit<\/span><span dir=\"ltr\" role=\"presentation\">semuksen torjumiseksi. Kyl\u00e4ss\u00e4 ei <\/span><span dir=\"ltr\" role=\"presentation\">ole juoksevaa vett\u00e4 ja puhdasta <\/span><span dir=\"ltr\" role=\"presentation\">vett\u00e4 on hyvin niu<\/span><span dir=\"ltr\" role=\"presentation\">kasti. Saatavilla on <\/span><span dir=\"ltr\" role=\"presentation\">vain sadevett\u00e4. Kyl\u00e4yhteis\u00f6\u00e4 <\/span><span dir=\"ltr\" role=\"presentation\">koettelee kolera, joka on veden <\/span><span dir=\"ltr\" role=\"presentation\">kautta levi\u00e4v\u00e4 sairaus. Kyl\u00e4st\u00e4 <\/span><span dir=\"ltr\" role=\"presentation\">puuttuu my\u00f6s s\u00e4hk\u00f6, eik\u00e4 mink\u00e4\u00e4n<\/span><span dir=\"ltr\" role=\"presentation\">laista sairaanhoitoa ole saatavilla. <\/span><span dir=\"ltr\" role=\"presentation\">Ylh\u00e4\u00e4ll\u00e4 vuoristossa on kylm\u00e4 <\/span><span dir=\"ltr\" role=\"presentation\">varsinkin y\u00f6ll\u00e4, eik\u00e4 perheill\u00e4 usein<\/span><span dir=\"ltr\" role=\"presentation\">kaan ole l\u00e4mpimi\u00e4 vaatteita. Lapset <\/span><span dir=\"ltr\" role=\"presentation\">ovat usein sairaita ja aliravittuja.<\/span><\/p>\n<p><span dir=\"ltr\" role=\"presentation\">Bois Negressen kyl\u00e4 sijaitsee kau<\/span><span dir=\"ltr\" role=\"presentation\">niilla paikalla kansallispuistossa, <\/span><span dir=\"ltr\" role=\"presentation\">jossa kasvaa havumets\u00e4\u00e4 ja ilma<\/span> <span dir=\"ltr\" role=\"presentation\">on <\/span><span dir=\"ltr\" role=\"presentation\">raikas ja kuulas. V\u00e4est\u00f6 el\u00e4\u00e4 p\u00e4\u00e4<\/span><span dir=\"ltr\" role=\"presentation\">asiassa maataloudesta. S\u00e4\u00e4nn\u00f6lli<\/span><span dir=\"ltr\" role=\"presentation\">sesti toistuvat rankkasateiden <\/span><span dir=\"ltr\" role=\"presentation\">aiheuttamat tulvat huuhtovat valitet<\/span><span dir=\"ltr\" role=\"presentation\">tavasti usein menness\u00e4\u00e4n sek\u00e4 <\/span><span dir=\"ltr\" role=\"presentation\">sadon ett\u00e4 ruokamullan, joskus <\/span><span dir=\"ltr\" role=\"presentation\">my\u00f6s karjan. Rahaa ei useinkaan <\/span><span dir=\"ltr\" role=\"presentation\">l\u00f6ydy siemenviljan ostoon. <\/span><span dir=\"ltr\" role=\"presentation\">Viljelymaata on vain rajoitetusti, <\/span><span dir=\"ltr\" role=\"presentation\">koska kansallispuisto suojelee<\/span><br role=\"presentation\" \/><span dir=\"ltr\" role=\"presentation\">aluetta h\u00e4vitykselt\u00e4. <\/span><\/p>\n<p><span dir=\"ltr\" role=\"presentation\">Perheet asuvat <\/span><span dir=\"ltr\" role=\"presentation\">vaatimattomissa pelti-<\/span> <span dir=\"ltr\" role=\"presentation\">tai tiilitaloissa. <\/span><span dir=\"ltr\" role=\"presentation\">Osalla perheist\u00e4 on kanoja, vuohia <\/span><span dir=\"ltr\" role=\"presentation\">tai lampaita, joista on perheille <\/span><span dir=\"ltr\" role=\"presentation\">suurta apua.<\/span><\/p>\n<p><strong><span dir=\"ltr\" role=\"presentation\">Koulunk\u00e4ynnist\u00e4 t\u00e4rke\u00e4\u00e4 <\/span><span dir=\"ltr\" role=\"presentation\">apua<\/span><\/strong><br role=\"presentation\" \/><span dir=\"ltr\" role=\"presentation\">Lapsille koulunk\u00e4ynti on lottovoitto. <\/span><span dir=\"ltr\" role=\"presentation\">Toivon t\u00e4hden koulussa lapset <\/span><span dir=\"ltr\" role=\"presentation\">saavat opetusta sek\u00e4 tarvitsemansa <\/span><span dir=\"ltr\" role=\"presentation\">koulutarvikkeet ja koulupuvun. Yht\u00e4 <\/span><span dir=\"ltr\" role=\"presentation\">t\u00e4rke\u00e4\u00e4 kuin kouluopetus on lapsille <\/span><span dir=\"ltr\" role=\"presentation\">tarjottava p\u00e4ivitt\u00e4inen l\u00e4mmin ateria <\/span><span dir=\"ltr\" role=\"presentation\">ja perusterveydenhoito. Koul<\/span><span dir=\"ltr\" role=\"presentation\">uruoka <\/span><span dir=\"ltr\" role=\"presentation\">on usein ainoa lasten saama <\/span><span dir=\"ltr\" role=\"presentation\">l\u00e4mmin ruoka, ja se motivoi <\/span><span dir=\"ltr\" role=\"presentation\">vanhempia l\u00e4hett\u00e4m\u00e4\u00e4n lapset <\/span><span dir=\"ltr\" role=\"presentation\">kouluun sen sijaan ett\u00e4 he pit\u00e4isiv\u00e4t <\/span><span dir=\"ltr\" role=\"presentation\">lapset kotona hyvinkin tarpeellisena <\/span><span dir=\"ltr\" role=\"presentation\">ty\u00f6voimana. Koulussa lap<\/span><span dir=\"ltr\" role=\"presentation\">set saavat <\/span><span dir=\"ltr\" role=\"presentation\">my\u00f6s lev\u00e4t\u00e4 ja leikki\u00e4 v\u00e4litunneilla. <\/span><span dir=\"ltr\" role=\"presentation\">T\u00e4h\u00e4n heill\u00e4 ei ole samanlaisia <\/span><span dir=\"ltr\" role=\"presentation\">mahdollisuuksia kotona, jossa <\/span><span dir=\"ltr\" role=\"presentation\">velvollisuudet ja<\/span> <span dir=\"ltr\" role=\"presentation\">teht\u00e4v\u00e4t odottavat.<\/span><\/p>\n<p><span dir=\"ltr\" role=\"presentation\">Koulu tarjoaa opetusta yhdeks\u00e4ss\u00e4 peruskoululuo<\/span><span dir=\"ltr\" role=\"presentation\">kassa. Kummituki antaa lapsille mahdollisuuden <\/span><span dir=\"ltr\" role=\"presentation\">k\u00e4yd\u00e4 peruskoulunsa loppuun. Lapset tulevat niin <\/span><span dir=\"ltr\" role=\"presentation\">k\u00f6yhist\u00e4 oloista, ett\u00e4 koulunk\u00e4ynti olisi mahdotonta <\/span><span dir=\"ltr\" role=\"presentation\">ilman kummitukea. <\/span><\/p>\n<p><strong><span dir=\"ltr\" role=\"presentation\">Tukivarojen valvonta<\/span><\/strong><br role=\"presentation\" \/><span dir=\"ltr\" role=\"presentation\">Yhteisty\u00f6kumppanimme Haitissa valvoo koulun <\/span><span dir=\"ltr\" role=\"presentation\">ty\u00f6t\u00e4 ja tuen k\u00e4ytt\u00f6\u00e4. Vierailemme koulussa itse <\/span><span dir=\"ltr\" role=\"presentation\">varmistuaksemme siit\u00e4, ett\u00e4 ty\u00f6 sujuu ja tukivaroja <\/span><span dir=\"ltr\" role=\"presentation\">k\u00e4ytet\u00e4\u00e4n parhaalla mahdollisella tavalla. <\/span><span dir=\"ltr\" role=\"presentation\">Toivon t\u00e4hti saa taloudellisia ja toimintaraportteja <\/span><span dir=\"ltr\" role=\"presentation\">Haitista ja ulkopuoliset suorittavat tilintarkastusta <\/span><span dir=\"ltr\" role=\"presentation\">s\u00e4\u00e4nn\u00f6llisesti.<\/span><\/p>\n<p><strong><span dir=\"ltr\" role=\"presentation\">Kiitos <\/span><span dir=\"ltr\" role=\"presentation\">ett\u00e4 haluat tukea <\/span><span dir=\"ltr\" role=\"presentation\">lasten koulunk\u00e4ynti\u00e4 <\/span><span dir=\"ltr\" role=\"presentation\">Haitissa!<\/span><\/strong><\/p>\n<div class=\"widget_wc-donation-widget\" id=\"wc_donation_on_shortcode_2556\"><style>\n\t:root {\n\t\t--wc-bg-color: #B54521;\n\t\t--wc-txt-color: #FFFFFF;\n\t}\n\n\t\t\t\t#wc_donation_on_shortcode_2556 .price-wrapper::after {\n\t\t\t\tbackground: #333333;\n\t\t\t\tcolor: #FFFFFF\t\t\t}\n\t\t\t\t\t#wc_donation_on_shortcode_2556 .wc-input-text {\n\t\t\tborder-color: #B54521!important\n\t\t}\n\n\t\t#wc_donation_on_shortcode_2556 .checkmark {\n\t\t\tborder-color: #333333!important\n\t\t}\n\t\t#wc_donation_on_shortcode_2556 .wc-label-radio input:checked ~ .checkmark {\n\t\t\tbackground-color: #333333\t\t}\n\t\t#wc_donation_on_shortcode_2556 .wc-label-radio .checkmark:after {\n\t\t\tborder-color: #FFFFFF!important\n\t\t}\n\t\t#wc_donation_on_shortcode_2556 .wc-label-button {\n\t\t\tborder-color: #B54521!important;\n\t\t\tcolor: #B54521!important\n\t\t}\n\t\t#wc_donation_on_shortcode_2556 label.wc-label-button.wc-active {\n\t\t\tbackground-color: #B54521!important;\n\t\t\tcolor: #FFFFFF!important\n\t\t}\n\t\t#wc_donation_on_shortcode_2556 .wc_progressBarContainer > ul > li.wc_progress div.progressbar {\n\t\t\tbackground: #333333\t\t}\n\t\t<\/style>\n<div class=\"wc-donation-in-action\" data-donation-type=\"free-value\">\n\t<div class=\"campaign-title\">\n\t\t<h4>Lahjoitus &#8211; Bois Negresse, Haiti<\/h4>\n\t<\/div>\t\n\t<div class=\"block-campaign-thumbnail\">\n\t\t\t\t\t<img loading=\"lazy\" decoding=\"async\" width=\"160\" height=\"160\" src=\"https:\/\/www.starofhope.fi\/wp-content\/plugins\/donation-for-woocommerce\/assets\/images\/no-image-cart-campaign.png\" class=\"attachment-160x160 size-160x160 wp-post-image\">\n\t\t\t<\/div>\n\t<div class=\"in-action-elements\">\n\t\t<style>\n\t.dashicons-money-alt:before {\n\t\tfont-size: 36px !important;\n\t\tpadding-bottom: 20px !important;\n\t}\n<\/style>\n<div class=\"row1\">\n\t<h3 class=\"wc-donation-title \">\n\t\t\t\tTee kertalahjoitus\t<\/h3>\n\t\t\t\t<div class=\"price-wrapper after\" currency=\"&euro;\">\n\t\t\t\t<input type=\"text\" data-min=\"0\" data-max=\"1000\" data-campaign_id=\"2556\" data-rand_id=\"700\" onKeyup=\"return NumbersOnly(this, event, true);\" class=\"grab-donation wc-input-text donate_2556_700 after\" Placeholder=\"T\u00e4ytt\u00e4\u00e4 0 - 1000\" name=\"wc-donation-price\" >\n\t\t\t\t<!-- <div class=\"wc-donation-tooltip\" style=\"display: none;\">\n\t\t\t\t\t<span class=\"wc-donation-tooltip-icon\">i<\/span>\n\t\t\t\t\t<span class=\"wc-donation-tooltip-text\">T\u00e4ytt\u00e4\u00e4 0 - 1000<\/span>\n\t\t\t\t<\/div> -->\n\t\t\t<\/div>\n\t\t\t<input type=\"hidden\" id=\"wc-donation-price-2556_700\" class=\"donate_2556_700\" name=\"wc-donation-price\" value=\"\"><input type=\"hidden\" id=\"wc-donation-cause-2556_700\" class=\"donate_cause_2556_700\" name=\"wc-donation-cause\" value=\"\"><\/div>\n<div class=\"row2\">\n\t\t\n\n\t<input type=\"hidden\" name=\"wc_donation_camp\" id=\"wc_donation_camp_2556_700\" class=\"wc_donation_camp\" value=\"2556\">\n\t<input type=\"hidden\" name=\"wc_rand_id\" class=\"wp_rand\" value=\"700\">\n\t<button class=\"button wc-donation-f-submit-donation\" data-min-value=\"0\" data-max-value=\"1000\" data-type=\"shortcode\" style=\"background-color:#B54521;border-color:#B54521;color:#FFFFFF;\" id='wc-donation-f-submit-donation' value='Donate'>Lahjoita<\/button>\n\t<\/div>\n\t<\/div>\n<\/div>\n<div style=\"clear:both;height:1px;\">&nbsp;<\/div>\n<\/div>\n","protected":false},"excerpt":{"rendered":"<p><span dir=\"ltr\" role=\"presentation\">Bois Negressen kyl\u00e4 sijaitsee noin kolmen tunnin auto-mat<\/span><span dir=\"ltr\" role=\"presentation\">kan<\/span><br role=\"presentation\" \/><span dir=\"ltr\" role=\"presentation\">p\u00e4\u00e4ss\u00e4 Haitin p\u00e4\u00e4kaupungista Port-au-Princesta it\u00e4\u00e4n. Tiet kie-<\/span><br role=\"presentation\" \/><span dir=\"ltr\" role=\"presentation\">murtelevat vuorenrinteit\u00e4 yl\u00f6sp\u00e4in jopa 1600 metrin korkeuteen.<\/span><br role=\"presentation\" \/><span dir=\"ltr\" role=\"presentation\">Huonokuntoisilla teill\u00e4 liikkumiseen tar<\/span><span dir=\"ltr\" role=\"presentation\">vitaan maastoauto. T\u00e4ss\u00e4<\/span><br role=\"presentation\" \/><span dir=\"ltr\" role=\"presentation\">syrj\u00e4isess\u00e4 paikassa Toivon t\u00e4hti on yll\u00e4pit\u00e4nyt koulua vuodesta<\/span><br role=\"presentation\" \/><span dir=\"ltr\" role=\"presentation\">1989 l\u00e4htien. Kouluun tulee joka p\u00e4iv\u00e4 noin 400 lasta.<\/span><\/p>\n","protected":false},"featured_media":4067,"template":"","meta":[],"product_brand":[],"product_cat":[36],"product_tag":[],"class_list":{"0":"post-1399","1":"product","2":"type-product","3":"status-publish","4":"has-post-thumbnail","6":"product_cat-projektimme","7":"tm-no-options","9":"first","10":"instock","11":"shipping-taxable","12":"purchasable","13":"product-type-variable-subscription"},"yoast_head":"<!-- This site is optimized with the Yoast SEO plugin v26.9 - https:\/\/yoast.com\/product\/yoast-seo-wordpress\/ -->\n<title>Bois Negresse, Haiti - Hoppets Stj\u00e4rna - Toivon t\u00e4hti<\/title>\n<meta name=\"robots\" content=\"index, follow, max-snippet:-1, max-image-preview:large, max-video-preview:-1\" \/>\n<link rel=\"canonical\" href=\"https:\/\/www.starofhope.fi\/fi\/tuote\/projektti-haiti\/\" \/>\n<meta property=\"og:locale\" content=\"fi_FI\" \/>\n<meta property=\"og:type\" content=\"article\" \/>\n<meta property=\"og:title\" content=\"Bois Negresse, Haiti - Hoppets Stj\u00e4rna - Toivon t\u00e4hti\" \/>\n<meta property=\"og:description\" content=\"Bois Negressen kyl\u00e4 sijaitsee noin kolmen tunnin auto-matkanp\u00e4\u00e4ss\u00e4 Haitin p\u00e4\u00e4kaupungista Port-au-Princesta it\u00e4\u00e4n. Tiet kie-murtelevat vuorenrinteit\u00e4 yl\u00f6sp\u00e4in jopa 1600 metrin korkeuteen.Huonokuntoisilla teill\u00e4 liikkumiseen tarvitaan maastoauto. T\u00e4ss\u00e4syrj\u00e4isess\u00e4 paikassa Toivon t\u00e4hti on yll\u00e4pit\u00e4nyt koulua vuodesta1989 l\u00e4htien. Kouluun tulee joka p\u00e4iv\u00e4 noin 400 lasta.\" \/>\n<meta property=\"og:url\" content=\"https:\/\/www.starofhope.fi\/fi\/tuote\/projektti-haiti\/\" \/>\n<meta property=\"og:site_name\" content=\"Hoppets Stj\u00e4rna - Toivon t\u00e4hti\" \/>\n<meta property=\"article:publisher\" content=\"https:\/\/www.facebook.com\/hoppetsstjarnafinland\" \/>\n<meta property=\"article:modified_time\" content=\"2025-07-18T10:20:15+00:00\" \/>\n<meta property=\"og:image\" content=\"https:\/\/www.starofhope.fi\/wp-content\/uploads\/2025\/05\/haiti-bois-negresse-mathjalp-hoppets-stjarna-finland.jpg\" \/>\n\t<meta property=\"og:image:width\" content=\"768\" \/>\n\t<meta property=\"og:image:height\" content=\"512\" \/>\n\t<meta property=\"og:image:type\" content=\"image\/jpeg\" \/>\n<meta name=\"twitter:card\" content=\"summary_large_image\" \/>\n<meta name=\"twitter:label1\" content=\"Arvioitu lukuaika\" \/>\n\t<meta name=\"twitter:data1\" content=\"2 minuuttia\" \/>\n<script type=\"application\/ld+json\" class=\"yoast-schema-graph\">{\"@context\":\"https:\/\/schema.org\",\"@graph\":[{\"@type\":\"WebPage\",\"@id\":\"https:\/\/www.starofhope.fi\/fi\/tuote\/projektti-haiti\/\",\"url\":\"https:\/\/www.starofhope.fi\/fi\/tuote\/projektti-haiti\/\",\"name\":\"Bois Negresse, Haiti - Hoppets Stj\u00e4rna - Toivon t\u00e4hti\",\"isPartOf\":{\"@id\":\"https:\/\/www.starofhope.fi\/#website\"},\"primaryImageOfPage\":{\"@id\":\"https:\/\/www.starofhope.fi\/fi\/tuote\/projektti-haiti\/#primaryimage\"},\"image\":{\"@id\":\"https:\/\/www.starofhope.fi\/fi\/tuote\/projektti-haiti\/#primaryimage\"},\"thumbnailUrl\":\"https:\/\/www.starofhope.fi\/wp-content\/uploads\/2025\/05\/haiti-bois-negresse-mathjalp-hoppets-stjarna-finland.jpg\",\"datePublished\":\"2021-07-22T10:58:46+00:00\",\"dateModified\":\"2025-07-18T10:20:15+00:00\",\"breadcrumb\":{\"@id\":\"https:\/\/www.starofhope.fi\/fi\/tuote\/projektti-haiti\/#breadcrumb\"},\"inLanguage\":\"fi\",\"potentialAction\":[{\"@type\":\"ReadAction\",\"target\":[\"https:\/\/www.starofhope.fi\/fi\/tuote\/projektti-haiti\/\"]}]},{\"@type\":\"ImageObject\",\"inLanguage\":\"fi\",\"@id\":\"https:\/\/www.starofhope.fi\/fi\/tuote\/projektti-haiti\/#primaryimage\",\"url\":\"https:\/\/www.starofhope.fi\/wp-content\/uploads\/2025\/05\/haiti-bois-negresse-mathjalp-hoppets-stjarna-finland.jpg\",\"contentUrl\":\"https:\/\/www.starofhope.fi\/wp-content\/uploads\/2025\/05\/haiti-bois-negresse-mathjalp-hoppets-stjarna-finland.jpg\",\"width\":768,\"height\":512,\"caption\":\"En familj i Haiti, bois negresse f\u00e5r mathj\u00e4lp i form av ris och matolja fr\u00e5n Hoppets stj\u00e4rna.\"},{\"@type\":\"BreadcrumbList\",\"@id\":\"https:\/\/www.starofhope.fi\/fi\/tuote\/projektti-haiti\/#breadcrumb\",\"itemListElement\":[{\"@type\":\"ListItem\",\"position\":1,\"name\":\"Hem\",\"item\":\"https:\/\/www.starofhope.fi\/fi\/\"},{\"@type\":\"ListItem\",\"position\":2,\"name\":\"Verkkokauppa\",\"item\":\"https:\/\/www.starofhope.fi\/fi\/verkkokauppa\/\"},{\"@type\":\"ListItem\",\"position\":3,\"name\":\"Bois Negresse, Haiti\"}]},{\"@type\":\"WebSite\",\"@id\":\"https:\/\/www.starofhope.fi\/#website\",\"url\":\"https:\/\/www.starofhope.fi\/\",\"name\":\"Hoppets Stj\u00e4rna - Toivon t\u00e4hti\",\"description\":\"Allm\u00e4nnyttig registrerad f\u00f6rening. V\u00e5r verksamhet finansieras helt genom donationer.\",\"publisher\":{\"@id\":\"https:\/\/www.starofhope.fi\/#organization\"},\"potentialAction\":[{\"@type\":\"SearchAction\",\"target\":{\"@type\":\"EntryPoint\",\"urlTemplate\":\"https:\/\/www.starofhope.fi\/?s={search_term_string}\"},\"query-input\":{\"@type\":\"PropertyValueSpecification\",\"valueRequired\":true,\"valueName\":\"search_term_string\"}}],\"inLanguage\":\"fi\"},{\"@type\":\"Organization\",\"@id\":\"https:\/\/www.starofhope.fi\/#organization\",\"name\":\"Hoppets Stj\u00e4rna - Toivon t\u00e4hti\",\"url\":\"https:\/\/www.starofhope.fi\/\",\"logo\":{\"@type\":\"ImageObject\",\"inLanguage\":\"fi\",\"@id\":\"https:\/\/www.starofhope.fi\/#\/schema\/logo\/image\/\",\"url\":\"https:\/\/www.starofhope.fi\/wp-content\/uploads\/2022\/01\/hoppets-stjarna-toivon-tahti-web.png\",\"contentUrl\":\"https:\/\/www.starofhope.fi\/wp-content\/uploads\/2022\/01\/hoppets-stjarna-toivon-tahti-web.png\",\"width\":225,\"height\":82,\"caption\":\"Hoppets Stj\u00e4rna - Toivon t\u00e4hti\"},\"image\":{\"@id\":\"https:\/\/www.starofhope.fi\/#\/schema\/logo\/image\/\"},\"sameAs\":[\"https:\/\/www.facebook.com\/hoppetsstjarnafinland\"]}]}<\/script>\n<!-- \/ Yoast SEO plugin. -->","yoast_head_json":{"title":"Bois Negresse, Haiti - Hoppets Stj\u00e4rna - Toivon t\u00e4hti","robots":{"index":"index","follow":"follow","max-snippet":"max-snippet:-1","max-image-preview":"max-image-preview:large","max-video-preview":"max-video-preview:-1"},"canonical":"https:\/\/www.starofhope.fi\/fi\/tuote\/projektti-haiti\/","og_locale":"fi_FI","og_type":"article","og_title":"Bois Negresse, Haiti - Hoppets Stj\u00e4rna - Toivon t\u00e4hti","og_description":"Bois Negressen kyl\u00e4 sijaitsee noin kolmen tunnin auto-matkanp\u00e4\u00e4ss\u00e4 Haitin p\u00e4\u00e4kaupungista Port-au-Princesta it\u00e4\u00e4n. Tiet kie-murtelevat vuorenrinteit\u00e4 yl\u00f6sp\u00e4in jopa 1600 metrin korkeuteen.Huonokuntoisilla teill\u00e4 liikkumiseen tarvitaan maastoauto. T\u00e4ss\u00e4syrj\u00e4isess\u00e4 paikassa Toivon t\u00e4hti on yll\u00e4pit\u00e4nyt koulua vuodesta1989 l\u00e4htien. Kouluun tulee joka p\u00e4iv\u00e4 noin 400 lasta.","og_url":"https:\/\/www.starofhope.fi\/fi\/tuote\/projektti-haiti\/","og_site_name":"Hoppets Stj\u00e4rna - Toivon t\u00e4hti","article_publisher":"https:\/\/www.facebook.com\/hoppetsstjarnafinland","article_modified_time":"2025-07-18T10:20:15+00:00","og_image":[{"width":768,"height":512,"url":"https:\/\/www.starofhope.fi\/wp-content\/uploads\/2025\/05\/haiti-bois-negresse-mathjalp-hoppets-stjarna-finland.jpg","type":"image\/jpeg"}],"twitter_card":"summary_large_image","twitter_misc":{"Arvioitu lukuaika":"2 minuuttia"},"schema":{"@context":"https:\/\/schema.org","@graph":[{"@type":"WebPage","@id":"https:\/\/www.starofhope.fi\/fi\/tuote\/projektti-haiti\/","url":"https:\/\/www.starofhope.fi\/fi\/tuote\/projektti-haiti\/","name":"Bois Negresse, Haiti - Hoppets Stj\u00e4rna - Toivon t\u00e4hti","isPartOf":{"@id":"https:\/\/www.starofhope.fi\/#website"},"primaryImageOfPage":{"@id":"https:\/\/www.starofhope.fi\/fi\/tuote\/projektti-haiti\/#primaryimage"},"image":{"@id":"https:\/\/www.starofhope.fi\/fi\/tuote\/projektti-haiti\/#primaryimage"},"thumbnailUrl":"https:\/\/www.starofhope.fi\/wp-content\/uploads\/2025\/05\/haiti-bois-negresse-mathjalp-hoppets-stjarna-finland.jpg","datePublished":"2021-07-22T10:58:46+00:00","dateModified":"2025-07-18T10:20:15+00:00","breadcrumb":{"@id":"https:\/\/www.starofhope.fi\/fi\/tuote\/projektti-haiti\/#breadcrumb"},"inLanguage":"fi","potentialAction":[{"@type":"ReadAction","target":["https:\/\/www.starofhope.fi\/fi\/tuote\/projektti-haiti\/"]}]},{"@type":"ImageObject","inLanguage":"fi","@id":"https:\/\/www.starofhope.fi\/fi\/tuote\/projektti-haiti\/#primaryimage","url":"https:\/\/www.starofhope.fi\/wp-content\/uploads\/2025\/05\/haiti-bois-negresse-mathjalp-hoppets-stjarna-finland.jpg","contentUrl":"https:\/\/www.starofhope.fi\/wp-content\/uploads\/2025\/05\/haiti-bois-negresse-mathjalp-hoppets-stjarna-finland.jpg","width":768,"height":512,"caption":"En familj i Haiti, bois negresse f\u00e5r mathj\u00e4lp i form av ris och matolja fr\u00e5n Hoppets stj\u00e4rna."},{"@type":"BreadcrumbList","@id":"https:\/\/www.starofhope.fi\/fi\/tuote\/projektti-haiti\/#breadcrumb","itemListElement":[{"@type":"ListItem","position":1,"name":"Hem","item":"https:\/\/www.starofhope.fi\/fi\/"},{"@type":"ListItem","position":2,"name":"Verkkokauppa","item":"https:\/\/www.starofhope.fi\/fi\/verkkokauppa\/"},{"@type":"ListItem","position":3,"name":"Bois Negresse, Haiti"}]},{"@type":"WebSite","@id":"https:\/\/www.starofhope.fi\/#website","url":"https:\/\/www.starofhope.fi\/","name":"Hoppets Stj\u00e4rna - Toivon t\u00e4hti","description":"Allm\u00e4nnyttig registrerad f\u00f6rening. V\u00e5r verksamhet finansieras helt genom donationer.","publisher":{"@id":"https:\/\/www.starofhope.fi\/#organization"},"potentialAction":[{"@type":"SearchAction","target":{"@type":"EntryPoint","urlTemplate":"https:\/\/www.starofhope.fi\/?s={search_term_string}"},"query-input":{"@type":"PropertyValueSpecification","valueRequired":true,"valueName":"search_term_string"}}],"inLanguage":"fi"},{"@type":"Organization","@id":"https:\/\/www.starofhope.fi\/#organization","name":"Hoppets Stj\u00e4rna - Toivon t\u00e4hti","url":"https:\/\/www.starofhope.fi\/","logo":{"@type":"ImageObject","inLanguage":"fi","@id":"https:\/\/www.starofhope.fi\/#\/schema\/logo\/image\/","url":"https:\/\/www.starofhope.fi\/wp-content\/uploads\/2022\/01\/hoppets-stjarna-toivon-tahti-web.png","contentUrl":"https:\/\/www.starofhope.fi\/wp-content\/uploads\/2022\/01\/hoppets-stjarna-toivon-tahti-web.png","width":225,"height":82,"caption":"Hoppets Stj\u00e4rna - Toivon t\u00e4hti"},"image":{"@id":"https:\/\/www.starofhope.fi\/#\/schema\/logo\/image\/"},"sameAs":["https:\/\/www.facebook.com\/hoppetsstjarnafinland"]}]}},"_links":{"self":[{"href":"https:\/\/www.starofhope.fi\/fi\/wp-json\/wp\/v2\/product\/1399","targetHints":{"allow":["GET"]}}],"collection":[{"href":"https:\/\/www.starofhope.fi\/fi\/wp-json\/wp\/v2\/product"}],"about":[{"href":"https:\/\/www.starofhope.fi\/fi\/wp-json\/wp\/v2\/types\/product"}],"wp:featuredmedia":[{"embeddable":true,"href":"https:\/\/www.starofhope.fi\/fi\/wp-json\/wp\/v2\/media\/4067"}],"wp:attachment":[{"href":"https:\/\/www.starofhope.fi\/fi\/wp-json\/wp\/v2\/media?parent=1399"}],"wp:term":[{"taxonomy":"product_brand","embeddable":true,"href":"https:\/\/www.starofhope.fi\/fi\/wp-json\/wp\/v2\/product_brand?post=1399"},{"taxonomy":"product_cat","embeddable":true,"href":"https:\/\/www.starofhope.fi\/fi\/wp-json\/wp\/v2\/product_cat?post=1399"},{"taxonomy":"product_tag","embeddable":true,"href":"https:\/\/www.starofhope.fi\/fi\/wp-json\/wp\/v2\/product_tag?post=1399"}],"curies":[{"name":"wp","href":"https:\/\/api.w.org\/{rel}","templated":true}]}}