{"id":763,"date":"2021-05-09T06:48:13","date_gmt":"2021-05-09T06:48:13","guid":{"rendered":"https:\/\/hoppetstjarna.netserver.fi\/?page_id=763"},"modified":"2022-11-21T08:59:01","modified_gmt":"2022-11-21T06:59:01","slug":"toivon-tahdesta","status":"publish","type":"page","link":"https:\/\/www.starofhope.fi\/fi\/toivon-tahdesta\/","title":{"rendered":"Toivon t\u00e4hdest\u00e4"},"content":{"rendered":"\n\t<section class=\"section\" id=\"section_389102486\">\n\t\t<div class=\"section-bg fill\" >\n\t\t\t\t\t\t\t\t\t\n\t\t\t\n\t<div class=\"is-border\"\n\t\tstyle=\"border-color:rgb(221, 221, 221);border-width:1px 1px 1px 1px;\">\n\t<\/div>\n\n\t\t<\/div>\n\n\t\t\n\n\t\t<div class=\"section-content relative\">\n\t\t\t\n\n  <div class=\"banner has-hover\" id=\"banner-990516016\">\n          <div class=\"banner-inner fill\">\n        <div class=\"banner-bg fill\" >\n            <img loading=\"lazy\" decoding=\"async\" width=\"1020\" height=\"765\" src=\"https:\/\/www.starofhope.fi\/wp-content\/uploads\/2021\/07\/Haiti-morsdag-1024x768.jpg\" class=\"bg attachment-large size-large\" alt=\"\" \/>                        <div class=\"overlay\"><\/div>            \n                    <\/div>\n\t\t\n        <div class=\"banner-layers container\">\n            <div class=\"fill banner-link\"><\/div>            \n   <div id=\"text-box-1725875201\" class=\"text-box banner-layer x50 md-x50 lg-x50 y50 md-y50 lg-y50 res-text\">\n                                <div class=\"text-box-content text dark\">\n              \n              <div class=\"text-inner text-center\">\n                  \n<h2 class=\"uppercase\"><strong>TOIVON T\u00c4HTI<br \/>\n<\/strong><\/h2>\n<p><span style=\"font-size: 150%;\">Toivon t\u00e4hti on poliittisesti ja uskonnollisesti sitoutumaton kansainv\u00e4list\u00e4 kehitysaputy\u00f6t\u00e4 harjoittava j\u00e4rjest\u00f6, joka on jo 30 vuoden ajan tukenut \u00e4\u00e4rimm\u00e4isess\u00e4 k\u00f6yhyydess\u00e4 el\u00e4vien lasten ja nuorten koulutusta.<\/span><\/p>\n              <\/div>\n           <\/div>\n                            \n<style>\n#text-box-1725875201 {\n  width: 90%;\n}\n#text-box-1725875201 .text-box-content {\n  font-size: 100%;\n}\n<\/style>\n    <\/div>\n \n        <\/div>\n      <\/div>\n\n            \n<style>\n#banner-990516016 {\n  padding-top: 443px;\n}\n#banner-990516016 .overlay {\n  background-color: rgba(0,0,0,.5);\n}\n<\/style>\n  <\/div>\n\n\n\t<div id=\"gap-2039831305\" class=\"gap-element clearfix\" style=\"display:block; height:auto;\">\n\t\t\n<style>\n#gap-2039831305 {\n  padding-top: 30px;\n}\n<\/style>\n\t<\/div>\n\t\n<div class=\"row align-center\"  id=\"row-555750643\">\n\n\t<div id=\"col-1052338842\" class=\"col medium-6 small-10 large-6\"  >\n\t\t\t\t<div class=\"col-inner\"  >\n\t\t\t\n\t\t\t\n<h2>Teht\u00e4v\u00e4mme<\/h2>\n<p>Koulutuksen sek\u00e4 yksil\u00f6iden voimaannuttamiseen t\u00e4ht\u00e4\u00e4v\u00e4n toiminnan avulla voimme luoda pysyvi\u00e4 muutoksia lasten ja perheiden el\u00e4m\u00e4ss\u00e4 sek\u00e4 vaikuttaa yhteiskuntarakenteisiin. N\u00e4in tuemme lapsia kasvamaan itsen\u00e4isiksi, vastuuntuntoisiksi aikuisiksi. Samalla kun haluamme vaikuttaa hankkeittemme kautta yhteiskuntiin my\u00f6nteisell\u00e4 ja kest\u00e4v\u00e4ll\u00e4 tavalla, on teht\u00e4v\u00e4mme yht\u00e4 lailla suojella jokaista yksitt\u00e4ist\u00e4 lasta.<\/p>\n<p>Avustusty\u00f6mme tapahtuu ruohonjuuritasolla; uskomme koulutukseen ja siihen ett\u00e4 jokainen lapsi sosiaalisesta, etnisest\u00e4 tai uskonnollisesta taustasta riippumatta on arvokas.<\/p>\n\t\t<\/div>\n\t\t\t\t\t<\/div>\n\n\t\n\n\t<div id=\"col-451057288\" class=\"col medium-6 small-10 large-6\"  >\n\t\t\t\t<div class=\"col-inner\"  >\n\t\t\t\n\t\t\t\n<h2>Toivon t\u00e4hti tekee aina ty\u00f6t\u00e4 yhdess\u00e4 paikallisten yhteisty\u00f6kumppaneiden kanssa.<\/h2>\n<p>Kumppanimme tuntevat todelliset tarpeet ja paikallisen kulttuurin \u2013 he tiet\u00e4v\u00e4t, kuinka voimme antaa apua siten, ett\u00e4 siit\u00e4 on todella hy\u00f6ty\u00e4. Toimivan yhteisty\u00f6n ansiosta saamme jatkuvasti tietoa avuntarpeista kaikissa kohdemaissamme, ja n\u00e4in voimme k\u00e4ytt\u00e4\u00e4 resurssejamme parhaalla mahdollisella tavalla. Jokainen yhteisty\u00f6kumppanimme raportoi meille s\u00e4\u00e4nn\u00f6llisesti ennalta sovitun mukaisesti.<\/p>\n<p>Kansainv\u00e4lisen avustusty\u00f6n lis\u00e4ksi Toivon t\u00e4hdell\u00e4 on t\u00e4rke\u00e4 teht\u00e4v\u00e4 omassa l\u00e4hiymp\u00e4rist\u00f6ss\u00e4mme. Yhdistys ty\u00f6llist\u00e4\u00e4 pitk\u00e4aikaisty\u00f6tt\u00f6mi\u00e4 sek\u00e4 ihmisi\u00e4, jotka ovat kokeneet el\u00e4m\u00e4ss\u00e4\u00e4n kovia. T\u00e4m\u00e4 tapahtuu yhteisty\u00f6ss\u00e4 Ty\u00f6- ja elinkeinotoimistojen sek\u00e4 sosiaalitoimen kanssa. Uskomme, ett\u00e4 jokainen voi tuen ja rohkaisun avulla muuttaa el\u00e4m\u00e4ns\u00e4 suunnan.<\/p>\n<a href=\"https:\/\/www.starofhope.fi\/fi\/kysymyksia-ja-vastauksia\/\" class=\"button secondary\" >\n\t\t<span>Kysymyksi\u00e4 ja vastauksia<\/span>\n\t<\/a>\n\n<a href=\"https:\/\/www.starofhope.fi\/fi\/organisaatio\/\" class=\"button secondary\" >\n\t\t<span>Organisaatio<\/span>\n\t<\/a>\n\n<a href=\"https:\/\/www.starofhope.fi\/fi\/projektimme\" class=\"button secondary\" >\n\t\t<span>Projektimme<\/span>\n\t<\/a>\n\n\t\t<\/div>\n\t\t\t\t\t<\/div>\n\n\t\n\n<style>\n#row-555750643 > .col > .col-inner {\n  padding: 10px 0px 0px 0px;\n}\n<\/style>\n<\/div>\n\t\t<\/div>\n\n\t\t\n<style>\n#section_389102486 {\n  padding-top: 0px;\n  padding-bottom: 0px;\n  background-color: rgb(255,255,255);\n}\n<\/style>\n\t<\/section>\n\t\n","protected":false},"excerpt":{"rendered":"","protected":false},"author":1,"featured_media":0,"parent":0,"menu_order":0,"comment_status":"closed","ping_status":"closed","template":"page-blank.php","meta":{"footnotes":""},"class_list":["post-763","page","type-page","status-publish","hentry"],"yoast_head":"<!-- This site is optimized with the Yoast SEO plugin v26.9 - https:\/\/yoast.com\/product\/yoast-seo-wordpress\/ -->\n<title>Toivon t\u00e4hdest\u00e4 - Hoppets Stj\u00e4rna - Toivon t\u00e4hti<\/title>\n<meta name=\"robots\" content=\"index, follow, max-snippet:-1, max-image-preview:large, max-video-preview:-1\" \/>\n<link rel=\"canonical\" href=\"https:\/\/www.starofhope.fi\/fi\/toivon-tahdesta\/\" \/>\n<meta property=\"og:locale\" content=\"fi_FI\" \/>\n<meta property=\"og:type\" content=\"article\" \/>\n<meta property=\"og:title\" content=\"Toivon t\u00e4hdest\u00e4 - Hoppets Stj\u00e4rna - Toivon t\u00e4hti\" \/>\n<meta property=\"og:url\" content=\"https:\/\/www.starofhope.fi\/fi\/toivon-tahdesta\/\" \/>\n<meta property=\"og:site_name\" content=\"Hoppets Stj\u00e4rna - Toivon t\u00e4hti\" \/>\n<meta property=\"article:publisher\" content=\"https:\/\/www.facebook.com\/hoppetsstjarnafinland\" \/>\n<meta property=\"article:modified_time\" content=\"2022-11-21T06:59:01+00:00\" \/>\n<meta property=\"og:image\" content=\"https:\/\/www.starofhope.fi\/wp-content\/uploads\/2021\/09\/Mat.jpg\" \/>\n\t<meta property=\"og:image:width\" content=\"1632\" \/>\n\t<meta property=\"og:image:height\" content=\"1631\" \/>\n\t<meta property=\"og:image:type\" content=\"image\/jpeg\" \/>\n<meta name=\"twitter:card\" content=\"summary_large_image\" \/>\n<meta name=\"twitter:label1\" content=\"Arvioitu lukuaika\" \/>\n\t<meta name=\"twitter:data1\" content=\"2 minuuttia\" \/>\n<script type=\"application\/ld+json\" class=\"yoast-schema-graph\">{\"@context\":\"https:\/\/schema.org\",\"@graph\":[{\"@type\":\"WebPage\",\"@id\":\"https:\/\/www.starofhope.fi\/fi\/toivon-tahdesta\/\",\"url\":\"https:\/\/www.starofhope.fi\/fi\/toivon-tahdesta\/\",\"name\":\"Toivon t\u00e4hdest\u00e4 - Hoppets Stj\u00e4rna - Toivon t\u00e4hti\",\"isPartOf\":{\"@id\":\"https:\/\/www.starofhope.fi\/#website\"},\"datePublished\":\"2021-05-09T06:48:13+00:00\",\"dateModified\":\"2022-11-21T06:59:01+00:00\",\"breadcrumb\":{\"@id\":\"https:\/\/www.starofhope.fi\/fi\/toivon-tahdesta\/#breadcrumb\"},\"inLanguage\":\"fi\",\"potentialAction\":[{\"@type\":\"ReadAction\",\"target\":[\"https:\/\/www.starofhope.fi\/fi\/toivon-tahdesta\/\"]}]},{\"@type\":\"BreadcrumbList\",\"@id\":\"https:\/\/www.starofhope.fi\/fi\/toivon-tahdesta\/#breadcrumb\",\"itemListElement\":[{\"@type\":\"ListItem\",\"position\":1,\"name\":\"Hem\",\"item\":\"https:\/\/www.starofhope.fi\/fi\/\"},{\"@type\":\"ListItem\",\"position\":2,\"name\":\"Toivon t\u00e4hdest\u00e4\"}]},{\"@type\":\"WebSite\",\"@id\":\"https:\/\/www.starofhope.fi\/#website\",\"url\":\"https:\/\/www.starofhope.fi\/\",\"name\":\"Hoppets Stj\u00e4rna - Toivon t\u00e4hti\",\"description\":\"Allm\u00e4nnyttig registrerad f\u00f6rening. V\u00e5r verksamhet finansieras helt genom donationer.\",\"publisher\":{\"@id\":\"https:\/\/www.starofhope.fi\/#organization\"},\"potentialAction\":[{\"@type\":\"SearchAction\",\"target\":{\"@type\":\"EntryPoint\",\"urlTemplate\":\"https:\/\/www.starofhope.fi\/?s={search_term_string}\"},\"query-input\":{\"@type\":\"PropertyValueSpecification\",\"valueRequired\":true,\"valueName\":\"search_term_string\"}}],\"inLanguage\":\"fi\"},{\"@type\":\"Organization\",\"@id\":\"https:\/\/www.starofhope.fi\/#organization\",\"name\":\"Hoppets Stj\u00e4rna - Toivon t\u00e4hti\",\"url\":\"https:\/\/www.starofhope.fi\/\",\"logo\":{\"@type\":\"ImageObject\",\"inLanguage\":\"fi\",\"@id\":\"https:\/\/www.starofhope.fi\/#\/schema\/logo\/image\/\",\"url\":\"https:\/\/www.starofhope.fi\/wp-content\/uploads\/2022\/01\/hoppets-stjarna-toivon-tahti-web.png\",\"contentUrl\":\"https:\/\/www.starofhope.fi\/wp-content\/uploads\/2022\/01\/hoppets-stjarna-toivon-tahti-web.png\",\"width\":225,\"height\":82,\"caption\":\"Hoppets Stj\u00e4rna - Toivon t\u00e4hti\"},\"image\":{\"@id\":\"https:\/\/www.starofhope.fi\/#\/schema\/logo\/image\/\"},\"sameAs\":[\"https:\/\/www.facebook.com\/hoppetsstjarnafinland\"]}]}<\/script>\n<!-- \/ Yoast SEO plugin. -->","yoast_head_json":{"title":"Toivon t\u00e4hdest\u00e4 - Hoppets Stj\u00e4rna - Toivon t\u00e4hti","robots":{"index":"index","follow":"follow","max-snippet":"max-snippet:-1","max-image-preview":"max-image-preview:large","max-video-preview":"max-video-preview:-1"},"canonical":"https:\/\/www.starofhope.fi\/fi\/toivon-tahdesta\/","og_locale":"fi_FI","og_type":"article","og_title":"Toivon t\u00e4hdest\u00e4 - Hoppets Stj\u00e4rna - Toivon t\u00e4hti","og_url":"https:\/\/www.starofhope.fi\/fi\/toivon-tahdesta\/","og_site_name":"Hoppets Stj\u00e4rna - Toivon t\u00e4hti","article_publisher":"https:\/\/www.facebook.com\/hoppetsstjarnafinland","article_modified_time":"2022-11-21T06:59:01+00:00","og_image":[{"width":1632,"height":1631,"url":"https:\/\/www.starofhope.fi\/wp-content\/uploads\/2021\/09\/Mat.jpg","type":"image\/jpeg"}],"twitter_card":"summary_large_image","twitter_misc":{"Arvioitu lukuaika":"2 minuuttia"},"schema":{"@context":"https:\/\/schema.org","@graph":[{"@type":"WebPage","@id":"https:\/\/www.starofhope.fi\/fi\/toivon-tahdesta\/","url":"https:\/\/www.starofhope.fi\/fi\/toivon-tahdesta\/","name":"Toivon t\u00e4hdest\u00e4 - Hoppets Stj\u00e4rna - Toivon t\u00e4hti","isPartOf":{"@id":"https:\/\/www.starofhope.fi\/#website"},"datePublished":"2021-05-09T06:48:13+00:00","dateModified":"2022-11-21T06:59:01+00:00","breadcrumb":{"@id":"https:\/\/www.starofhope.fi\/fi\/toivon-tahdesta\/#breadcrumb"},"inLanguage":"fi","potentialAction":[{"@type":"ReadAction","target":["https:\/\/www.starofhope.fi\/fi\/toivon-tahdesta\/"]}]},{"@type":"BreadcrumbList","@id":"https:\/\/www.starofhope.fi\/fi\/toivon-tahdesta\/#breadcrumb","itemListElement":[{"@type":"ListItem","position":1,"name":"Hem","item":"https:\/\/www.starofhope.fi\/fi\/"},{"@type":"ListItem","position":2,"name":"Toivon t\u00e4hdest\u00e4"}]},{"@type":"WebSite","@id":"https:\/\/www.starofhope.fi\/#website","url":"https:\/\/www.starofhope.fi\/","name":"Hoppets Stj\u00e4rna - Toivon t\u00e4hti","description":"Allm\u00e4nnyttig registrerad f\u00f6rening. V\u00e5r verksamhet finansieras helt genom donationer.","publisher":{"@id":"https:\/\/www.starofhope.fi\/#organization"},"potentialAction":[{"@type":"SearchAction","target":{"@type":"EntryPoint","urlTemplate":"https:\/\/www.starofhope.fi\/?s={search_term_string}"},"query-input":{"@type":"PropertyValueSpecification","valueRequired":true,"valueName":"search_term_string"}}],"inLanguage":"fi"},{"@type":"Organization","@id":"https:\/\/www.starofhope.fi\/#organization","name":"Hoppets Stj\u00e4rna - Toivon t\u00e4hti","url":"https:\/\/www.starofhope.fi\/","logo":{"@type":"ImageObject","inLanguage":"fi","@id":"https:\/\/www.starofhope.fi\/#\/schema\/logo\/image\/","url":"https:\/\/www.starofhope.fi\/wp-content\/uploads\/2022\/01\/hoppets-stjarna-toivon-tahti-web.png","contentUrl":"https:\/\/www.starofhope.fi\/wp-content\/uploads\/2022\/01\/hoppets-stjarna-toivon-tahti-web.png","width":225,"height":82,"caption":"Hoppets Stj\u00e4rna - Toivon t\u00e4hti"},"image":{"@id":"https:\/\/www.starofhope.fi\/#\/schema\/logo\/image\/"},"sameAs":["https:\/\/www.facebook.com\/hoppetsstjarnafinland"]}]}},"_links":{"self":[{"href":"https:\/\/www.starofhope.fi\/fi\/wp-json\/wp\/v2\/pages\/763","targetHints":{"allow":["GET"]}}],"collection":[{"href":"https:\/\/www.starofhope.fi\/fi\/wp-json\/wp\/v2\/pages"}],"about":[{"href":"https:\/\/www.starofhope.fi\/fi\/wp-json\/wp\/v2\/types\/page"}],"author":[{"embeddable":true,"href":"https:\/\/www.starofhope.fi\/fi\/wp-json\/wp\/v2\/users\/1"}],"replies":[{"embeddable":true,"href":"https:\/\/www.starofhope.fi\/fi\/wp-json\/wp\/v2\/comments?post=763"}],"version-history":[{"count":14,"href":"https:\/\/www.starofhope.fi\/fi\/wp-json\/wp\/v2\/pages\/763\/revisions"}],"predecessor-version":[{"id":2576,"href":"https:\/\/www.starofhope.fi\/fi\/wp-json\/wp\/v2\/pages\/763\/revisions\/2576"}],"wp:attachment":[{"href":"https:\/\/www.starofhope.fi\/fi\/wp-json\/wp\/v2\/media?parent=763"}],"curies":[{"name":"wp","href":"https:\/\/api.w.org\/{rel}","templated":true}]}}