{"id":758,"date":"2021-09-21T19:11:01","date_gmt":"2021-09-21T16:11:01","guid":{"rendered":"https:\/\/hoppetstjarna.netserver.fi\/?page_id=758"},"modified":"2025-10-30T22:15:37","modified_gmt":"2025-10-30T20:15:37","slug":"tietosuojakaytanto","status":"publish","type":"page","link":"https:\/\/www.starofhope.fi\/fi\/tietosuojakaytanto\/","title":{"rendered":"Tietosuojak\u00e4yt\u00e4nt\u00f6"},"content":{"rendered":"<p><strong>Toivon T\u00e4hti \u2013 Tietosuojaseloste<\/strong><\/p>\n<ol>\n<li><strong> Johdanto<\/strong><br \/>\nToivon T\u00e4hti kunnioittaa yksityisyytt\u00e4si. T\u00e4m\u00e4 seloste kuvaa, miten ker\u00e4\u00e4mme, k\u00e4yt\u00e4mme ja suojaamme henkil\u00f6tietoja Euroopan unionin yleisen tietosuoja-asetuksen (GDPR) mukaisesti.<\/li>\n<li><strong> Rekisterinpit\u00e4j\u00e4<\/strong><br \/>\n\u2022 Organisaatio: Toivon T\u00e4hti<br \/>\n\u2022 S\u00e4hk\u00f6posti: info@starofhope.fi<br \/>\n\u2022 Osoite: Tiilitehtaantie 7A, 64200 N\u00e4rpi\u00f6<br \/>\n\u2022 Y-tunnus: 1010376-7<br \/>\n\u2022 Verkkosivusto: <a href=\"http:\/\/www.starofhope.fi\">www.starofhope.fi<\/a><\/li>\n<li><strong> Mit\u00e4 henkil\u00f6tietoja ker\u00e4\u00e4mme<\/strong><br \/>\nVoimme ker\u00e4t\u00e4 seuraavia tietoryhmi\u00e4:<br \/>\n\u2022 Yhteystiedot: nimi, s\u00e4hk\u00f6postiosoite, puhelinnumero.<br \/>\n\u2022 Maksutiedot: lahjoitusten, ostojen ja kuukausilahjoitusten k\u00e4sittely\u00e4 varten verkkokaupassa.<br \/>\n\u2022 Toimitustiedot: osoite, postinumero, paikkakunta ja maa.<br \/>\n\u2022 K\u00e4ytt\u00f6tiedot: IP-osoite, selaintyyppi, k\u00e4ytt\u00f6k\u00e4ytt\u00e4ytyminen analytiikkaty\u00f6kalujen kautta.<br \/>\n\u2022 Viestint\u00e4tiedot: kun tilaat uutiskirjeen tai otat meihin yhteytt\u00e4.<\/li>\n<li><strong> Miten ker\u00e4\u00e4mme tiedot<\/strong><br \/>\n\u2022 Suoraan sinulta, kun t\u00e4yt\u00e4t lomakkeita, ostat tuotteita tai teet lahjoituksen.<br \/>\n\u2022 Ev\u00e4steiden ja seurantatekniikoiden avulla:<br \/>\no Google Analytics<br \/>\no Meta Pixel<br \/>\no Cookiebot<\/li>\n<li><strong> K\u00e4sittelyn tarkoitukset<\/strong><br \/>\n\u2022 Tilausten, lahjoitusten ja kuukausilahjoitusten k\u00e4sittely WooCommercen kautta.<br \/>\n\u2022 Turvallisten maksujen toteuttaminen Paytrailin kautta.<br \/>\n\u2022 Uutiskirjeiden ja ajankohtaisen tiedon l\u00e4hett\u00e4minen tilaajille.<br \/>\n\u2022 Verkkosivustomme ja kampanjoidemme analysointi ja kehitt\u00e4minen.<br \/>\n\u2022 Oikeudellisten velvoitteiden noudattaminen, kuten kirjanpito.<\/li>\n<li><strong> K\u00e4sittelyn oikeusperusteet<\/strong><br \/>\n\u2022 Suostumus: esim. analytiikka- ja markkinointiev\u00e4steet sek\u00e4 uutiskirjeet.<br \/>\n\u2022 Sopimus: lahjoitukset, ostot ja toimitukset.<br \/>\n\u2022 Lakivelvoite: kirjanpitolaki ym.<br \/>\n\u2022 Oikeutettu etu: v\u00e4ltt\u00e4m\u00e4tt\u00f6m\u00e4t k\u00e4ytt\u00f6- ja tietoturvalokit, vianetsint\u00e4 sek\u00e4 v\u00e4\u00e4rink\u00e4yt\u00f6sten\/petosten est\u00e4minen (ilman ei-v\u00e4ltt\u00e4m\u00e4tt\u00f6mien ev\u00e4steiden asettamista).<\/li>\n<li><strong> S\u00e4ilytysajat<\/strong><br \/>\nS\u00e4ilyt\u00e4mme henkil\u00f6tietoja vain niin kauan kuin on tarpeen:<br \/>\n\u2022 Maksu- ja lahjoitustiedot: enint\u00e4\u00e4n 10 vuotta (kirjanpitolaki).<br \/>\n\u2022 Uutiskirjeet: kunnes peruutat tilauksen.<br \/>\n\u2022 Analytiikkatiedot: kunkin ty\u00f6kalun oman s\u00e4ilytysajan mukaisesti (esim. Google Analytics).<\/li>\n<li><strong> Henkil\u00f6tietojen jakaminen<\/strong><br \/>\nVoimme jakaa tietoja seuraaville tahoille:<br \/>\n\u2022 Maksunv\u00e4litt\u00e4j\u00e4: Paytrail (maksut ja lahjoitukset).<br \/>\n\u2022 Verkkokauppa-alusta: WooCommerce (tilausten k\u00e4sittely).<br \/>\n\u2022 Analytiikka- ja markkinointipalvelut: Google, Meta.<br \/>\n\u2022 Tekniset palveluntarjoajat, jotka yll\u00e4pit\u00e4v\u00e4t verkkosivustoamme.<br \/>\nKaikkien osapuolten kanssa on tehty tietojenk\u00e4sittelysopimukset.<\/li>\n<li><strong> Tietojen siirrot EU\/ETA-alueen ulkopuolelle<\/strong><br \/>\nJos henkil\u00f6tietoja siirret\u00e4\u00e4n EU\/ETA-alueen ulkopuolelle (esim. Googlen tai Metan palveluiden kautta), k\u00e4yt\u00e4mme Euroopan komission vakiosopimuslausekkeita ja muita suojatoimia riitt\u00e4v\u00e4n tietosuojatason varmistamiseksi.<\/li>\n<li><strong> Oikeutesi<\/strong><br \/>\nSinulla on oikeus:<br \/>\n\u2022 Pyyt\u00e4\u00e4 p\u00e4\u00e4sy\u00e4 sinua koskeviin henkil\u00f6tietoihin.<br \/>\n\u2022 Pyyt\u00e4\u00e4 virheellisten tietojen oikaisua.<br \/>\n\u2022 Pyyt\u00e4\u00e4 tietojen poistamista (\u201coikeus tulla unohdetuksi\u201d).<br \/>\n\u2022 Pyyt\u00e4\u00e4 k\u00e4sittelyn rajoittamista tai vastustaa k\u00e4sittely\u00e4.<br \/>\n\u2022 Pyyt\u00e4\u00e4 tietojen siirtoa j\u00e4rjestelm\u00e4st\u00e4 toiseen (dataportabiliteetti).<br \/>\n\u2022 Peruuttaa suostumuksesi milloin tahansa.<br \/>\n\u2022 Tehd\u00e4 valitus <strong>Tietosuojavaltuutetun toimistolle<\/strong>, jos katsot, ett\u00e4 henkil\u00f6tietojesi k\u00e4sittely rikkoo tietosuojas\u00e4\u00e4nn\u00f6ksi\u00e4.<br \/>\n\u2022 Vastustaa henkil\u00f6tietojen k\u00e4sittely\u00e4 suoramarkkinointiin, mukaan lukien t\u00e4llaista tarkoitusta varten tehty profilointi.<\/li>\n<li><strong> Turvallisuus<\/strong><br \/>\nK\u00e4yt\u00e4mme teknisi\u00e4 ja organisatorisia turvatoimia, kuten salausta, turvallisia maksuratkaisuja ja k\u00e4ytt\u00f6oikeuksien hallintaa.<\/li>\n<li><strong> Ev\u00e4steet<\/strong><br \/>\nK\u00e4yt\u00e4mme ev\u00e4steit\u00e4:<br \/>\n\u2022 Sivuston perustoimintojen mahdollistamiseen.<br \/>\n\u2022 Liikenteen ja k\u00e4ytt\u00e4ytymisen analysointiin.<br \/>\n\u2022 Sis\u00e4ll\u00f6n ja markkinoinnin r\u00e4\u00e4t\u00e4l\u00f6intiin.<br \/>\nVoit hallita suostumustasi milloin tahansa verkkosivustomme Cookiebot-bannerin kautta.<\/li>\n<li><strong> Muutokset<\/strong><br \/>\nVoimme p\u00e4ivitt\u00e4\u00e4 t\u00e4t\u00e4 selostetta. Uusin versio on aina saatavilla verkkosivustollamme.<\/li>\n<li><strong> Yhteystiedot<\/strong><br \/>\nToivon T\u00e4hti<br \/>\ninfo@starofhope.fi<br \/>\n+358 6 225 3698<br \/>\nTiilitehtaantie 7A<br \/>\n64200 N\u00e4rpi\u00f6<br \/>\nSuomi<\/li>\n<\/ol>\n","protected":false},"excerpt":{"rendered":"<p>Toivon T\u00e4hti \u2013 Tietosuojaseloste Johdanto Toivon T\u00e4hti kunnioittaa yksityisyytt\u00e4si. T\u00e4m\u00e4 seloste kuvaa, miten ker\u00e4\u00e4mme, k\u00e4yt\u00e4mme ja suojaamme henkil\u00f6tietoja Euroopan unionin yleisen tietosuoja-asetuksen (GDPR) mukaisesti. Rekisterinpit\u00e4j\u00e4 \u2022 Organisaatio: Toivon T\u00e4hti \u2022 S\u00e4hk\u00f6posti: info@starofhope.fi \u2022 Osoite: Tiilitehtaantie 7A, 64200 N\u00e4rpi\u00f6 \u2022 Y-tunnus: 1010376-7 \u2022 Verkkosivusto: www.starofhope.fi Mit\u00e4 henkil\u00f6tietoja ker\u00e4\u00e4mme Voimme ker\u00e4t\u00e4 seuraavia tietoryhmi\u00e4: \u2022 Yhteystiedot: nimi, s\u00e4hk\u00f6postiosoite,.. [L\u00e4s mera]\n","protected":false},"author":1,"featured_media":0,"parent":0,"menu_order":0,"comment_status":"closed","ping_status":"open","template":"","meta":{"footnotes":""},"class_list":["post-758","page","type-page","status-publish","hentry"],"yoast_head":"<!-- This site is optimized with the Yoast SEO plugin v26.9 - https:\/\/yoast.com\/product\/yoast-seo-wordpress\/ -->\n<title>Tietosuojak\u00e4yt\u00e4nt\u00f6 - Hoppets Stj\u00e4rna - Toivon t\u00e4hti<\/title>\n<meta name=\"robots\" content=\"index, follow, max-snippet:-1, max-image-preview:large, max-video-preview:-1\" \/>\n<link rel=\"canonical\" href=\"https:\/\/www.starofhope.fi\/fi\/tietosuojakaytanto\/\" \/>\n<meta property=\"og:locale\" content=\"fi_FI\" \/>\n<meta property=\"og:type\" content=\"article\" \/>\n<meta property=\"og:title\" content=\"Tietosuojak\u00e4yt\u00e4nt\u00f6 - Hoppets Stj\u00e4rna - Toivon t\u00e4hti\" \/>\n<meta property=\"og:description\" content=\"Toivon T\u00e4hti \u2013 Tietosuojaseloste Johdanto Toivon T\u00e4hti kunnioittaa yksityisyytt\u00e4si. T\u00e4m\u00e4 seloste kuvaa, miten ker\u00e4\u00e4mme, k\u00e4yt\u00e4mme ja suojaamme henkil\u00f6tietoja Euroopan unionin yleisen tietosuoja-asetuksen (GDPR) mukaisesti. Rekisterinpit\u00e4j\u00e4 \u2022 Organisaatio: Toivon T\u00e4hti \u2022 S\u00e4hk\u00f6posti: info@starofhope.fi \u2022 Osoite: Tiilitehtaantie 7A, 64200 N\u00e4rpi\u00f6 \u2022 Y-tunnus: 1010376-7 \u2022 Verkkosivusto: www.starofhope.fi Mit\u00e4 henkil\u00f6tietoja ker\u00e4\u00e4mme Voimme ker\u00e4t\u00e4 seuraavia tietoryhmi\u00e4: \u2022 Yhteystiedot: nimi, s\u00e4hk\u00f6postiosoite,.. [L\u00e4s mera]\" \/>\n<meta property=\"og:url\" content=\"https:\/\/www.starofhope.fi\/fi\/tietosuojakaytanto\/\" \/>\n<meta property=\"og:site_name\" content=\"Hoppets Stj\u00e4rna - Toivon t\u00e4hti\" \/>\n<meta property=\"article:publisher\" content=\"https:\/\/www.facebook.com\/hoppetsstjarnafinland\" \/>\n<meta property=\"article:modified_time\" content=\"2025-10-30T20:15:37+00:00\" \/>\n<meta property=\"og:image\" content=\"https:\/\/www.starofhope.fi\/wp-content\/uploads\/2021\/09\/Mat.jpg\" \/>\n\t<meta property=\"og:image:width\" content=\"1632\" \/>\n\t<meta property=\"og:image:height\" content=\"1631\" \/>\n\t<meta property=\"og:image:type\" content=\"image\/jpeg\" \/>\n<meta name=\"twitter:card\" content=\"summary_large_image\" \/>\n<meta name=\"twitter:label1\" content=\"Arvioitu lukuaika\" \/>\n\t<meta name=\"twitter:data1\" content=\"3 minuuttia\" \/>\n<script type=\"application\/ld+json\" class=\"yoast-schema-graph\">{\"@context\":\"https:\/\/schema.org\",\"@graph\":[{\"@type\":\"WebPage\",\"@id\":\"https:\/\/www.starofhope.fi\/fi\/tietosuojakaytanto\/\",\"url\":\"https:\/\/www.starofhope.fi\/fi\/tietosuojakaytanto\/\",\"name\":\"Tietosuojak\u00e4yt\u00e4nt\u00f6 - Hoppets Stj\u00e4rna - Toivon t\u00e4hti\",\"isPartOf\":{\"@id\":\"https:\/\/www.starofhope.fi\/#website\"},\"datePublished\":\"2021-09-21T16:11:01+00:00\",\"dateModified\":\"2025-10-30T20:15:37+00:00\",\"breadcrumb\":{\"@id\":\"https:\/\/www.starofhope.fi\/fi\/tietosuojakaytanto\/#breadcrumb\"},\"inLanguage\":\"fi\",\"potentialAction\":[{\"@type\":\"ReadAction\",\"target\":[\"https:\/\/www.starofhope.fi\/fi\/tietosuojakaytanto\/\"]}]},{\"@type\":\"BreadcrumbList\",\"@id\":\"https:\/\/www.starofhope.fi\/fi\/tietosuojakaytanto\/#breadcrumb\",\"itemListElement\":[{\"@type\":\"ListItem\",\"position\":1,\"name\":\"Hem\",\"item\":\"https:\/\/www.starofhope.fi\/fi\/\"},{\"@type\":\"ListItem\",\"position\":2,\"name\":\"Tietosuojak\u00e4yt\u00e4nt\u00f6\"}]},{\"@type\":\"WebSite\",\"@id\":\"https:\/\/www.starofhope.fi\/#website\",\"url\":\"https:\/\/www.starofhope.fi\/\",\"name\":\"Hoppets Stj\u00e4rna - Toivon t\u00e4hti\",\"description\":\"Allm\u00e4nnyttig registrerad f\u00f6rening. V\u00e5r verksamhet finansieras helt genom donationer.\",\"publisher\":{\"@id\":\"https:\/\/www.starofhope.fi\/#organization\"},\"potentialAction\":[{\"@type\":\"SearchAction\",\"target\":{\"@type\":\"EntryPoint\",\"urlTemplate\":\"https:\/\/www.starofhope.fi\/?s={search_term_string}\"},\"query-input\":{\"@type\":\"PropertyValueSpecification\",\"valueRequired\":true,\"valueName\":\"search_term_string\"}}],\"inLanguage\":\"fi\"},{\"@type\":\"Organization\",\"@id\":\"https:\/\/www.starofhope.fi\/#organization\",\"name\":\"Hoppets Stj\u00e4rna - Toivon t\u00e4hti\",\"url\":\"https:\/\/www.starofhope.fi\/\",\"logo\":{\"@type\":\"ImageObject\",\"inLanguage\":\"fi\",\"@id\":\"https:\/\/www.starofhope.fi\/#\/schema\/logo\/image\/\",\"url\":\"https:\/\/www.starofhope.fi\/wp-content\/uploads\/2022\/01\/hoppets-stjarna-toivon-tahti-web.png\",\"contentUrl\":\"https:\/\/www.starofhope.fi\/wp-content\/uploads\/2022\/01\/hoppets-stjarna-toivon-tahti-web.png\",\"width\":225,\"height\":82,\"caption\":\"Hoppets Stj\u00e4rna - Toivon t\u00e4hti\"},\"image\":{\"@id\":\"https:\/\/www.starofhope.fi\/#\/schema\/logo\/image\/\"},\"sameAs\":[\"https:\/\/www.facebook.com\/hoppetsstjarnafinland\"]}]}<\/script>\n<!-- \/ Yoast SEO plugin. -->","yoast_head_json":{"title":"Tietosuojak\u00e4yt\u00e4nt\u00f6 - Hoppets Stj\u00e4rna - Toivon t\u00e4hti","robots":{"index":"index","follow":"follow","max-snippet":"max-snippet:-1","max-image-preview":"max-image-preview:large","max-video-preview":"max-video-preview:-1"},"canonical":"https:\/\/www.starofhope.fi\/fi\/tietosuojakaytanto\/","og_locale":"fi_FI","og_type":"article","og_title":"Tietosuojak\u00e4yt\u00e4nt\u00f6 - Hoppets Stj\u00e4rna - Toivon t\u00e4hti","og_description":"Toivon T\u00e4hti \u2013 Tietosuojaseloste Johdanto Toivon T\u00e4hti kunnioittaa yksityisyytt\u00e4si. T\u00e4m\u00e4 seloste kuvaa, miten ker\u00e4\u00e4mme, k\u00e4yt\u00e4mme ja suojaamme henkil\u00f6tietoja Euroopan unionin yleisen tietosuoja-asetuksen (GDPR) mukaisesti. Rekisterinpit\u00e4j\u00e4 \u2022 Organisaatio: Toivon T\u00e4hti \u2022 S\u00e4hk\u00f6posti: info@starofhope.fi \u2022 Osoite: Tiilitehtaantie 7A, 64200 N\u00e4rpi\u00f6 \u2022 Y-tunnus: 1010376-7 \u2022 Verkkosivusto: www.starofhope.fi Mit\u00e4 henkil\u00f6tietoja ker\u00e4\u00e4mme Voimme ker\u00e4t\u00e4 seuraavia tietoryhmi\u00e4: \u2022 Yhteystiedot: nimi, s\u00e4hk\u00f6postiosoite,.. [L\u00e4s mera]","og_url":"https:\/\/www.starofhope.fi\/fi\/tietosuojakaytanto\/","og_site_name":"Hoppets Stj\u00e4rna - Toivon t\u00e4hti","article_publisher":"https:\/\/www.facebook.com\/hoppetsstjarnafinland","article_modified_time":"2025-10-30T20:15:37+00:00","og_image":[{"width":1632,"height":1631,"url":"https:\/\/www.starofhope.fi\/wp-content\/uploads\/2021\/09\/Mat.jpg","type":"image\/jpeg"}],"twitter_card":"summary_large_image","twitter_misc":{"Arvioitu lukuaika":"3 minuuttia"},"schema":{"@context":"https:\/\/schema.org","@graph":[{"@type":"WebPage","@id":"https:\/\/www.starofhope.fi\/fi\/tietosuojakaytanto\/","url":"https:\/\/www.starofhope.fi\/fi\/tietosuojakaytanto\/","name":"Tietosuojak\u00e4yt\u00e4nt\u00f6 - Hoppets Stj\u00e4rna - Toivon t\u00e4hti","isPartOf":{"@id":"https:\/\/www.starofhope.fi\/#website"},"datePublished":"2021-09-21T16:11:01+00:00","dateModified":"2025-10-30T20:15:37+00:00","breadcrumb":{"@id":"https:\/\/www.starofhope.fi\/fi\/tietosuojakaytanto\/#breadcrumb"},"inLanguage":"fi","potentialAction":[{"@type":"ReadAction","target":["https:\/\/www.starofhope.fi\/fi\/tietosuojakaytanto\/"]}]},{"@type":"BreadcrumbList","@id":"https:\/\/www.starofhope.fi\/fi\/tietosuojakaytanto\/#breadcrumb","itemListElement":[{"@type":"ListItem","position":1,"name":"Hem","item":"https:\/\/www.starofhope.fi\/fi\/"},{"@type":"ListItem","position":2,"name":"Tietosuojak\u00e4yt\u00e4nt\u00f6"}]},{"@type":"WebSite","@id":"https:\/\/www.starofhope.fi\/#website","url":"https:\/\/www.starofhope.fi\/","name":"Hoppets Stj\u00e4rna - Toivon t\u00e4hti","description":"Allm\u00e4nnyttig registrerad f\u00f6rening. V\u00e5r verksamhet finansieras helt genom donationer.","publisher":{"@id":"https:\/\/www.starofhope.fi\/#organization"},"potentialAction":[{"@type":"SearchAction","target":{"@type":"EntryPoint","urlTemplate":"https:\/\/www.starofhope.fi\/?s={search_term_string}"},"query-input":{"@type":"PropertyValueSpecification","valueRequired":true,"valueName":"search_term_string"}}],"inLanguage":"fi"},{"@type":"Organization","@id":"https:\/\/www.starofhope.fi\/#organization","name":"Hoppets Stj\u00e4rna - Toivon t\u00e4hti","url":"https:\/\/www.starofhope.fi\/","logo":{"@type":"ImageObject","inLanguage":"fi","@id":"https:\/\/www.starofhope.fi\/#\/schema\/logo\/image\/","url":"https:\/\/www.starofhope.fi\/wp-content\/uploads\/2022\/01\/hoppets-stjarna-toivon-tahti-web.png","contentUrl":"https:\/\/www.starofhope.fi\/wp-content\/uploads\/2022\/01\/hoppets-stjarna-toivon-tahti-web.png","width":225,"height":82,"caption":"Hoppets Stj\u00e4rna - Toivon t\u00e4hti"},"image":{"@id":"https:\/\/www.starofhope.fi\/#\/schema\/logo\/image\/"},"sameAs":["https:\/\/www.facebook.com\/hoppetsstjarnafinland"]}]}},"_links":{"self":[{"href":"https:\/\/www.starofhope.fi\/fi\/wp-json\/wp\/v2\/pages\/758","targetHints":{"allow":["GET"]}}],"collection":[{"href":"https:\/\/www.starofhope.fi\/fi\/wp-json\/wp\/v2\/pages"}],"about":[{"href":"https:\/\/www.starofhope.fi\/fi\/wp-json\/wp\/v2\/types\/page"}],"author":[{"embeddable":true,"href":"https:\/\/www.starofhope.fi\/fi\/wp-json\/wp\/v2\/users\/1"}],"replies":[{"embeddable":true,"href":"https:\/\/www.starofhope.fi\/fi\/wp-json\/wp\/v2\/comments?post=758"}],"version-history":[{"count":5,"href":"https:\/\/www.starofhope.fi\/fi\/wp-json\/wp\/v2\/pages\/758\/revisions"}],"predecessor-version":[{"id":4383,"href":"https:\/\/www.starofhope.fi\/fi\/wp-json\/wp\/v2\/pages\/758\/revisions\/4383"}],"wp:attachment":[{"href":"https:\/\/www.starofhope.fi\/fi\/wp-json\/wp\/v2\/media?parent=758"}],"curies":[{"name":"wp","href":"https:\/\/api.w.org\/{rel}","templated":true}]}}