{"id":744,"date":"2021-09-21T19:08:02","date_gmt":"2021-09-21T16:08:02","guid":{"rendered":"https:\/\/hoppetstjarna.netserver.fi\/?page_id=744"},"modified":"2022-11-09T09:32:25","modified_gmt":"2022-11-09T07:32:25","slug":"yritysyhteistyo","status":"publish","type":"page","link":"https:\/\/www.starofhope.fi\/fi\/yritysyhteistyo\/","title":{"rendered":"Yritysyhteisty\u00f6"},"content":{"rendered":"\r\n\n\t<section class=\"section\" id=\"section_346587195\">\n\t\t<div class=\"section-bg fill\" >\n\t\t\t\t\t\t\t\t\t\n\t\t\t\n\n\t\t<\/div>\n\n\t\t\n\n\t\t<div class=\"section-content relative\">\n\t\t\t \t<div id=\"gap-1712004958\" class=\"gap-element clearfix\" style=\"display:block; height:auto;\">\n\t\t\n<style>\n#gap-1712004958 {\n  padding-top: 50px;\n}\n<\/style>\n\t<\/div>\n\t <div class=\"row align-center\"  id=\"row-1404011972\"> \n\t<div id=\"col-1849150603\" class=\"col medium-4 small-10 large-4\"  >\n\t\t\t\t<div class=\"col-inner\"  >\n\t\t\t\n\t\t\t\r\n<h1>Miksi yrityksesi kannattaisi auttaa?<\/h1>\r\n\t\t<\/div>\n\t\t\t\t\n<style>\n#col-1849150603 > .col-inner {\n  padding: 0px 40px 0px 0px;\n}\n<\/style>\n\t<\/div>\n\n\t \n\t<div id=\"col-2060278934\" class=\"col medium-8 small-10 large-8\"  >\n\t\t\t\t<div class=\"col-inner\"  >\n\t\t\t\n\t\t\t\r\n<p>\u2022\u00a0 Yrityksesi osallistuu \u00e4\u00e4rimm\u00e4isess\u00e4 k\u00f6yhyydess\u00e4 ja vailla koulutusmahdollisuuksia el\u00e4vien lasten auttamiseen<br \/><br \/>\u2022\u00a0 Yhteisty\u00f6 Toivon t\u00e4hden kanssa auttaa vahvistamaan yrityksen profiilia vastuuntuntoisena toimijana<br \/><br \/>\u2022\u00a0 Yhteisty\u00f6 Toivon t\u00e4hden kanssa on yritykselle konkreettinen js n\u00e4kyv\u00e4 tapa osoittaa yhteiskuntavastuun kantamista<br \/><br \/>\u2022\u00a0 Osallistumalla aktiivisesti avustusty\u00f6h\u00f6n yritys voi saada uusia asiakkaita sek\u00e4 kasvattaa kiinnostusta tuotteitaan ja palveluitaan kohtaan<br \/><br \/>\u2022\u00a0 Lis\u00e4\u00e4ntynyt yhteiskuntavastuun kantaminen voi motivoi henkil\u00f6kuntaa ja vahvistaa yhteishenke\u00e4<\/p>\r\n\t\t<\/div>\n\t\t\t\t\t<\/div>\n\n\t <\/div> <div class=\"row align-center\"  id=\"row-342310556\"> \n\t<div id=\"col-1321317849\" class=\"col medium-4 small-10 large-4\"  >\n\t\t\t\t<div class=\"col-inner\"  >\n\t\t\t\n\t\t\t\r\n<h1>Miksi juuri Toivon t\u00e4hti ry?<\/h1>\r\n\t\t<\/div>\n\t\t\t\t\n<style>\n#col-1321317849 > .col-inner {\n  padding: 0px 40px 0px 0px;\n}\n<\/style>\n\t<\/div>\n\n\t \n\t<div id=\"col-1466076579\" class=\"col medium-8 small-10 large-8\"  >\n\t\t\t\t<div class=\"col-inner\"  >\n\t\t\t\n\t\t\t\r\n<p>\u2022\u00a0 Me panostamme pitk\u00e4n t\u00e4ht\u00e4imen avustushankkeisiin painottaen pysyv\u00e4\u00e4 muutosta lasten ja lapsiperheiden el\u00e4m\u00e4ss\u00e4 ja arjessa<br \/><br \/>\u2022\u00a0 Painopisteemme: voimaannuttaminen \u2013 avunsaajasta omatoimiseksi<br \/><br \/>\u2022\u00a0 Alhaiset hallintokulut \u2013 lahjoitukset k\u00e4ytet\u00e4\u00e4n tehokkaasti konkreettiseen auttamiseen<br \/><br \/>\u2022\u00a0 Paikallinen toimija, jolla on pitk\u00e4aikaiset ja hyv\u00e4t suhteet yhteisty\u00f6kumppaneihin kohdemaissa<br \/><br \/>\u2022\u00a0 Pieni, joustava organisaatio<br \/><br \/>\u2022\u00a0 Ty\u00f6mme l\u00e4pin\u00e4kyvyys ja avoimuus \u2013 soita, tule k\u00e4ym\u00e4\u00e4n, vieraile hankkeissamme, osallistu ty\u00f6h\u00f6mme! Olet aina tervetullut! Jos sinulla on kysymyksi\u00e4 \u2013 me vastaamme niihin!<br \/><br \/>\u2022\u00a0 Avun perillemenon valvonta aina avunsaajien k\u00e4siin asti<\/p>\r\n\t\t<\/div>\n\t\t\t\t\t<\/div>\n\n\t <\/div> <div class=\"row align-center\"  id=\"row-388668058\"> \n\t<div id=\"col-1794398499\" class=\"col medium-4 small-10 large-4\"  >\n\t\t\t\t<div class=\"col-inner\"  >\n\t\t\t\n\t\t\t\r\n<h1>Auttaminen on mahdollista monin eri tavoin<\/h1>\r\n\t\t<\/div>\n\t\t\t\t\n<style>\n#col-1794398499 > .col-inner {\n  padding: 0px 40px 0px 0px;\n}\n<\/style>\n\t<\/div>\n\n\t \n\t<div id=\"col-473141587\" class=\"col medium-8 small-10 large-8\"  >\n\t\t\t\t<div class=\"col-inner\"  >\n\t\t\t\n\t\t\t\r\n<p><span class=\"TextRun SCXW219331516 BCX0\" lang=\"FI-FI\" xml:lang=\"FI-FI\" data-contrast=\"auto\"><span class=\"NormalTextRun SCXW219331516 BCX0\">On monta tapaa auttaa. <\/span><span class=\"NormalTextRun SCXW219331516 BCX0\">Yhdess\u00e4 voimme l\u00f6yt\u00e4\u00e4 tavan, joka sopii sinun yrityksellesi parhaiten.<\/span><\/span><span class=\"EOP SCXW219331516 BCX0\" data-ccp-props=\"{&quot;201341983&quot;:0,&quot;335559739&quot;:160,&quot;335559740&quot;:259}\">\u00a0<\/span><br \/><br \/><strong>Kuukausittainen tai kertaluonteinen lahjoitus<\/strong><br \/>Yrityksesi voi lahjoittaa haluamansa summan kuukausittain tai vuosittain, johonkin erityiseen hankkeeseen tai ker\u00e4ykseen.<br \/><br \/><strong>Projektikumppani<\/strong><br \/>Ole mukana toteuttamassa jotakin tietty\u00e4 hanketta yhdess\u00e4 meid\u00e4n kanssamme! Mahdollisuudet vaihtelevat kohdemaiden tarpeista riippuen. Projektikumppanina yrityksesi antaa valitsemansa kertalahjoituksen johonkin ajankohtaiseen tarpeeseen.<br \/><strong><br \/>Tuoteyhteisty\u00f6, yhteisty\u00f6 tapahtuman tiimoilta tai yhteinen tapahtuma<\/strong><br \/>Lahjoita osa jonkin tuotteen myyntivoitosta Toivon t\u00e4hdelle, tai lahjoita tuotteitanne. Haluatteko j\u00e4rjest\u00e4\u00e4 hyv\u00e4ntekev\u00e4isyystapahtuman? Olemme mielell\u00e4mme mukana.\u00a0<br \/><br \/><strong>Lahjoitus avustusl\u00e4hetyksi\u00e4 varten<\/strong><br \/>Lahjoita tavaroita avustusl\u00e4hetyksi\u00e4mme varten<\/p>\r\n<p><strong>Pro bono-yhteisty\u00f6 &#8211; lahjoittakaa meille asiantuntemustanne ja aikaa\u00a0\u00a0\u00a0\u00a0<\/strong><\/p>\r\n\t\t<\/div>\n\t\t\t\t\t<\/div>\n\n\t <\/div> \t\t<\/div>\n\n\t\t\n<style>\n#section_346587195 {\n  padding-top: 20px;\n  padding-bottom: 20px;\n}\n<\/style>\n\t<\/section>\n\t\r\n","protected":false},"excerpt":{"rendered":"","protected":false},"author":1,"featured_media":0,"parent":0,"menu_order":0,"comment_status":"closed","ping_status":"closed","template":"","meta":{"footnotes":""},"class_list":["post-744","page","type-page","status-publish","hentry"],"yoast_head":"<!-- This site is optimized with the Yoast SEO plugin v26.9 - https:\/\/yoast.com\/product\/yoast-seo-wordpress\/ -->\n<title>Yritysyhteisty\u00f6 - Hoppets Stj\u00e4rna - Toivon t\u00e4hti<\/title>\n<meta name=\"robots\" content=\"index, follow, max-snippet:-1, max-image-preview:large, max-video-preview:-1\" \/>\n<link rel=\"canonical\" href=\"https:\/\/www.starofhope.fi\/fi\/yritysyhteistyo\/\" \/>\n<meta property=\"og:locale\" content=\"fi_FI\" \/>\n<meta property=\"og:type\" content=\"article\" \/>\n<meta property=\"og:title\" content=\"Yritysyhteisty\u00f6 - Hoppets Stj\u00e4rna - Toivon t\u00e4hti\" \/>\n<meta property=\"og:url\" content=\"https:\/\/www.starofhope.fi\/fi\/yritysyhteistyo\/\" \/>\n<meta property=\"og:site_name\" content=\"Hoppets Stj\u00e4rna - Toivon t\u00e4hti\" \/>\n<meta property=\"article:publisher\" content=\"https:\/\/www.facebook.com\/hoppetsstjarnafinland\" \/>\n<meta property=\"article:modified_time\" content=\"2022-11-09T07:32:25+00:00\" \/>\n<meta property=\"og:image\" content=\"https:\/\/www.starofhope.fi\/wp-content\/uploads\/2021\/09\/Mat.jpg\" \/>\n\t<meta property=\"og:image:width\" content=\"1632\" \/>\n\t<meta property=\"og:image:height\" content=\"1631\" \/>\n\t<meta property=\"og:image:type\" content=\"image\/jpeg\" \/>\n<meta name=\"twitter:card\" content=\"summary_large_image\" \/>\n<meta name=\"twitter:label1\" content=\"Arvioitu lukuaika\" \/>\n\t<meta name=\"twitter:data1\" content=\"2 minuuttia\" \/>\n<script type=\"application\/ld+json\" class=\"yoast-schema-graph\">{\"@context\":\"https:\/\/schema.org\",\"@graph\":[{\"@type\":\"WebPage\",\"@id\":\"https:\/\/www.starofhope.fi\/fi\/yritysyhteistyo\/\",\"url\":\"https:\/\/www.starofhope.fi\/fi\/yritysyhteistyo\/\",\"name\":\"Yritysyhteisty\u00f6 - Hoppets Stj\u00e4rna - Toivon t\u00e4hti\",\"isPartOf\":{\"@id\":\"https:\/\/www.starofhope.fi\/#website\"},\"datePublished\":\"2021-09-21T16:08:02+00:00\",\"dateModified\":\"2022-11-09T07:32:25+00:00\",\"breadcrumb\":{\"@id\":\"https:\/\/www.starofhope.fi\/fi\/yritysyhteistyo\/#breadcrumb\"},\"inLanguage\":\"fi\",\"potentialAction\":[{\"@type\":\"ReadAction\",\"target\":[\"https:\/\/www.starofhope.fi\/fi\/yritysyhteistyo\/\"]}]},{\"@type\":\"BreadcrumbList\",\"@id\":\"https:\/\/www.starofhope.fi\/fi\/yritysyhteistyo\/#breadcrumb\",\"itemListElement\":[{\"@type\":\"ListItem\",\"position\":1,\"name\":\"Hem\",\"item\":\"https:\/\/www.starofhope.fi\/fi\/\"},{\"@type\":\"ListItem\",\"position\":2,\"name\":\"Yritysyhteisty\u00f6\"}]},{\"@type\":\"WebSite\",\"@id\":\"https:\/\/www.starofhope.fi\/#website\",\"url\":\"https:\/\/www.starofhope.fi\/\",\"name\":\"Hoppets Stj\u00e4rna - Toivon t\u00e4hti\",\"description\":\"Allm\u00e4nnyttig registrerad f\u00f6rening. V\u00e5r verksamhet finansieras helt genom donationer.\",\"publisher\":{\"@id\":\"https:\/\/www.starofhope.fi\/#organization\"},\"potentialAction\":[{\"@type\":\"SearchAction\",\"target\":{\"@type\":\"EntryPoint\",\"urlTemplate\":\"https:\/\/www.starofhope.fi\/?s={search_term_string}\"},\"query-input\":{\"@type\":\"PropertyValueSpecification\",\"valueRequired\":true,\"valueName\":\"search_term_string\"}}],\"inLanguage\":\"fi\"},{\"@type\":\"Organization\",\"@id\":\"https:\/\/www.starofhope.fi\/#organization\",\"name\":\"Hoppets Stj\u00e4rna - Toivon t\u00e4hti\",\"url\":\"https:\/\/www.starofhope.fi\/\",\"logo\":{\"@type\":\"ImageObject\",\"inLanguage\":\"fi\",\"@id\":\"https:\/\/www.starofhope.fi\/#\/schema\/logo\/image\/\",\"url\":\"https:\/\/www.starofhope.fi\/wp-content\/uploads\/2022\/01\/hoppets-stjarna-toivon-tahti-web.png\",\"contentUrl\":\"https:\/\/www.starofhope.fi\/wp-content\/uploads\/2022\/01\/hoppets-stjarna-toivon-tahti-web.png\",\"width\":225,\"height\":82,\"caption\":\"Hoppets Stj\u00e4rna - Toivon t\u00e4hti\"},\"image\":{\"@id\":\"https:\/\/www.starofhope.fi\/#\/schema\/logo\/image\/\"},\"sameAs\":[\"https:\/\/www.facebook.com\/hoppetsstjarnafinland\"]}]}<\/script>\n<!-- \/ Yoast SEO plugin. -->","yoast_head_json":{"title":"Yritysyhteisty\u00f6 - Hoppets Stj\u00e4rna - Toivon t\u00e4hti","robots":{"index":"index","follow":"follow","max-snippet":"max-snippet:-1","max-image-preview":"max-image-preview:large","max-video-preview":"max-video-preview:-1"},"canonical":"https:\/\/www.starofhope.fi\/fi\/yritysyhteistyo\/","og_locale":"fi_FI","og_type":"article","og_title":"Yritysyhteisty\u00f6 - Hoppets Stj\u00e4rna - Toivon t\u00e4hti","og_url":"https:\/\/www.starofhope.fi\/fi\/yritysyhteistyo\/","og_site_name":"Hoppets Stj\u00e4rna - Toivon t\u00e4hti","article_publisher":"https:\/\/www.facebook.com\/hoppetsstjarnafinland","article_modified_time":"2022-11-09T07:32:25+00:00","og_image":[{"width":1632,"height":1631,"url":"https:\/\/www.starofhope.fi\/wp-content\/uploads\/2021\/09\/Mat.jpg","type":"image\/jpeg"}],"twitter_card":"summary_large_image","twitter_misc":{"Arvioitu lukuaika":"2 minuuttia"},"schema":{"@context":"https:\/\/schema.org","@graph":[{"@type":"WebPage","@id":"https:\/\/www.starofhope.fi\/fi\/yritysyhteistyo\/","url":"https:\/\/www.starofhope.fi\/fi\/yritysyhteistyo\/","name":"Yritysyhteisty\u00f6 - Hoppets Stj\u00e4rna - Toivon t\u00e4hti","isPartOf":{"@id":"https:\/\/www.starofhope.fi\/#website"},"datePublished":"2021-09-21T16:08:02+00:00","dateModified":"2022-11-09T07:32:25+00:00","breadcrumb":{"@id":"https:\/\/www.starofhope.fi\/fi\/yritysyhteistyo\/#breadcrumb"},"inLanguage":"fi","potentialAction":[{"@type":"ReadAction","target":["https:\/\/www.starofhope.fi\/fi\/yritysyhteistyo\/"]}]},{"@type":"BreadcrumbList","@id":"https:\/\/www.starofhope.fi\/fi\/yritysyhteistyo\/#breadcrumb","itemListElement":[{"@type":"ListItem","position":1,"name":"Hem","item":"https:\/\/www.starofhope.fi\/fi\/"},{"@type":"ListItem","position":2,"name":"Yritysyhteisty\u00f6"}]},{"@type":"WebSite","@id":"https:\/\/www.starofhope.fi\/#website","url":"https:\/\/www.starofhope.fi\/","name":"Hoppets Stj\u00e4rna - Toivon t\u00e4hti","description":"Allm\u00e4nnyttig registrerad f\u00f6rening. V\u00e5r verksamhet finansieras helt genom donationer.","publisher":{"@id":"https:\/\/www.starofhope.fi\/#organization"},"potentialAction":[{"@type":"SearchAction","target":{"@type":"EntryPoint","urlTemplate":"https:\/\/www.starofhope.fi\/?s={search_term_string}"},"query-input":{"@type":"PropertyValueSpecification","valueRequired":true,"valueName":"search_term_string"}}],"inLanguage":"fi"},{"@type":"Organization","@id":"https:\/\/www.starofhope.fi\/#organization","name":"Hoppets Stj\u00e4rna - Toivon t\u00e4hti","url":"https:\/\/www.starofhope.fi\/","logo":{"@type":"ImageObject","inLanguage":"fi","@id":"https:\/\/www.starofhope.fi\/#\/schema\/logo\/image\/","url":"https:\/\/www.starofhope.fi\/wp-content\/uploads\/2022\/01\/hoppets-stjarna-toivon-tahti-web.png","contentUrl":"https:\/\/www.starofhope.fi\/wp-content\/uploads\/2022\/01\/hoppets-stjarna-toivon-tahti-web.png","width":225,"height":82,"caption":"Hoppets Stj\u00e4rna - Toivon t\u00e4hti"},"image":{"@id":"https:\/\/www.starofhope.fi\/#\/schema\/logo\/image\/"},"sameAs":["https:\/\/www.facebook.com\/hoppetsstjarnafinland"]}]}},"_links":{"self":[{"href":"https:\/\/www.starofhope.fi\/fi\/wp-json\/wp\/v2\/pages\/744","targetHints":{"allow":["GET"]}}],"collection":[{"href":"https:\/\/www.starofhope.fi\/fi\/wp-json\/wp\/v2\/pages"}],"about":[{"href":"https:\/\/www.starofhope.fi\/fi\/wp-json\/wp\/v2\/types\/page"}],"author":[{"embeddable":true,"href":"https:\/\/www.starofhope.fi\/fi\/wp-json\/wp\/v2\/users\/1"}],"replies":[{"embeddable":true,"href":"https:\/\/www.starofhope.fi\/fi\/wp-json\/wp\/v2\/comments?post=744"}],"version-history":[{"count":4,"href":"https:\/\/www.starofhope.fi\/fi\/wp-json\/wp\/v2\/pages\/744\/revisions"}],"predecessor-version":[{"id":2249,"href":"https:\/\/www.starofhope.fi\/fi\/wp-json\/wp\/v2\/pages\/744\/revisions\/2249"}],"wp:attachment":[{"href":"https:\/\/www.starofhope.fi\/fi\/wp-json\/wp\/v2\/media?parent=744"}],"curies":[{"name":"wp","href":"https:\/\/api.w.org\/{rel}","templated":true}]}}