{"id":2500,"date":"2022-11-13T11:12:15","date_gmt":"2022-11-13T09:12:15","guid":{"rendered":"https:\/\/hoppetstjarna.netserver.fi\/?page_id=2500"},"modified":"2022-11-13T11:12:15","modified_gmt":"2022-11-13T09:12:15","slug":"tilausehdot","status":"publish","type":"page","link":"https:\/\/www.starofhope.fi\/fi\/tilausehdot\/","title":{"rendered":"Tilausehdot"},"content":{"rendered":"<p><strong>Tilausehdot<\/strong><\/p>\n<p>Tuotteet esitell\u00e4\u00e4n kuvin ja sanoin. Hinta sis\u00e4lt\u00e4\u00e4 toimituskulut. Pid\u00e4t\u00e4mme oikeuden oikaista kirjoitusvirheist\u00e4 johtuvat ilmeiset hintavirheet.<\/p>\n<p>Toivon t\u00e4hti r.y. on yleishy\u00f6dyllinen yhteis\u00f6 (TVL 22\u00a7).\u00a0Tuotteidemme hinnat sis\u00e4lt\u00e4v\u00e4t arvonlis\u00e4veroa 0 %. Toimitusmaksu sis\u00e4lt\u00e4\u00e4 aina 24 % arvonlis\u00e4veroa.<\/p>\n<p>Kun olet l\u00f6yt\u00e4nyt haluamasi tuotteen, t\u00e4yt\u00e4 lukum\u00e4\u00e4r\u00e4 ja napsauta LIS\u00c4\u00c4 OSTOSKORIIN -painiketta. Jos p\u00e4\u00e4t\u00e4t tehd\u00e4 kertalahjoituksen, valitse summa ja paina &#8221;Anna lahja&#8221; -painiketta. Ostoskori-painiketta &#8221;Syd\u00e4n&#8221; napsauttamalla p\u00e4\u00e4set tarkistamaan ostoskorin sis\u00e4ll\u00f6n, muuttamaan tilausm\u00e4\u00e4ri\u00e4 ja poistamaan tuotteita.<\/p>\n<p>T\u00e4hdell\u00e4 (*) merkityt tiedot ovat pakollisia. Henkil\u00f6tietoja ei luovuteta kolmannelle osapuolelle. Alaik\u00e4isell\u00e4 tilaajalla pit\u00e4\u00e4 olla huoltajan suostumus.<\/p>\n<p>Valitse sen j\u00e4lkeen toimitus- ja maksutapa ja hyv\u00e4ksy tilauksesi. Saat tilausvahvistuksen s\u00e4hk\u00f6postiisi, kun olet l\u00e4hett\u00e4nyt tilauksesi.<\/p>\n<p><strong>Kuukausilahjoittaja<\/p>\n<p><\/strong>Jos p\u00e4\u00e4t\u00e4t ryhty\u00e4 kuukausilahjoittajaksi, valitse summa ja paina &#8221;Ryhdy kuukausilahjoittajaksi&#8221; -painiketta. Valitsemasi summa veloitetaan pankkikortiltasi kerran kuukaudessa. Kirjautuessasi \u201dOma tili\u201d -kohtaan (ylimp\u00e4n\u00e4 kotisivullamme) voit milloin tahansa muuttaa kuukausiavustussummaasi, vaihtaa projektia tai lopettaa avustuksesi. Voit sulkea tilisi helposti netiss\u00e4 parilla klikkauksella.<\/p>\n<p><em>HUOM! T\u00e4m\u00e4 toimii vain oman tilin rekister\u00f6ineiden uusien kuukausilahjoittajien kohdalla. Jos olet jo vanhan j\u00e4rjestelm\u00e4mme mukainen kuukausilahjoittaja ja haluat jatkossa hallinnoida omaa tili\u00e4si, pyyd\u00e4mme sinua ottamaan meihin yhteytt\u00e4 vaihtoa halutessasi.<\/em><\/p>\n<p>Voit my\u00f6s tilata kuukausikirjeemme. Aina noin kuukauden puolessa v\u00e4liss\u00e4 kuukausikirje ilmestyy s\u00e4hk\u00f6postiisi. Kuukausikirjeest\u00e4 voit lukea ajankohtaisista asioita, esim. k\u00e4ynniss\u00e4 olevista ker\u00e4yksist\u00e4 ja muista projektiemme tapahtumista.<\/p>\n<p>T\u00e4hdell\u00e4 (*) merkityt tiedot ovat pakollisia. Valitse sen j\u00e4lkeen maksutapa ja hyv\u00e4ksy tilauksesi. Henkil\u00f6tietoja ei luovuteta kolmannelle osapuolelle.<br \/>\nSaat tilausvahvistuksen s\u00e4hk\u00f6postiisi, kun olet l\u00e4hett\u00e4nyt tilauksesi.<\/p>\n<p><strong>Maksutavat<\/strong><\/p>\n<p>Voit maksaa Toivon t\u00e4hden verkkokaupassa seuraavilla maksutavoilla: verkkopankkimaksu, luottokorttimaksu ja mobiilimaksutavat. Nykyisin k\u00e4yt\u00f6ss\u00e4 on voimassa olevan lains\u00e4\u00e4d\u00e4nn\u00f6n mukainen vahva s\u00e4hk\u00f6inen tunnistautuminen, ja my\u00f6s laskuvaihtoehdossa laskun tilaajan tulee tunnistautua omilla pankkitunnuksillaan, vaikka h\u00e4n tilaisi laskun yrityksen tai yhteis\u00f6n puolesta.<\/p>\n<p>Maksunv\u00e4lityspalvelun toteuttajana ja maksupalveluntarjoajana toimii Paytrail Oyj (2122839-7) yhteisty\u00f6ss\u00e4 suomalaisten pankkien ja luottolaitosten kanssa. Paytrail Oyj n\u00e4kyy maksun saajana tiliotteella tai korttilaskulla ja v\u00e4litt\u00e4\u00e4 maksun kauppiaalle. Paytrail Oyj:ll\u00e4 on maksulaitoksen toimilupa.<\/p>\n<p>Paytrail Oyj, y-tunnus: 2122839-7<br \/>\nInnova 2<br \/>\nLutakonaukio 7<br \/>\n40100 Jyv\u00e4skyl\u00e4<br \/>\n<a href=\"https:\/\/www.paytrail.com\/\">www.paytrail.com<\/a><\/p>\n<p>Tilauksen vahvistuksen j\u00e4lkeen tilauksen tietoja ei p\u00e4\u00e4se en\u00e4\u00e4 muuttamaan.<\/p>\n<p><strong>Toimitusmaksu<\/strong><\/p>\n<p>Verkkokaupassa maksat toimitusmaksuja tilauksesi yhteispainon mukaan. Toimitusmaksu ilmoitetaan siirtyess\u00e4si kassalle, jolloin voit halutessasi viel\u00e4 lis\u00e4t\u00e4 tai poistaa tuotteita ostoskoristasi.<\/p>\n<p><strong>Toimitusaika<\/strong><\/p>\n<p>2-7 arkip\u00e4iv\u00e4\u00e4 (k\u00e4sittelyaika on 1-3 arkip\u00e4iv\u00e4\u00e4 ja toimitusaika 1-4 arkip\u00e4iv\u00e4\u00e4).<br \/>\nHUOM! Viikonloppuisin tehdyt tilaukset l\u00e4hetet\u00e4\u00e4n aikaisintaan seuraavana arkip\u00e4iv\u00e4n\u00e4.<\/p>\n<p><strong>Toimitustapa<\/strong><\/p>\n<p>Tuotteemme toimitetaan Postin kirjeen\u00e4<\/p>\n<p><strong>S\u00e4hk\u00f6isten korttien erityisehdot<\/strong><\/p>\n<p>Ostaessasi s\u00e4hk\u00f6isi\u00e4 kortteja saat erillisen tilausvahvistuksen sek\u00e4 kortin omaan s\u00e4hk\u00f6postiisi samaan aikaan, kun kortit l\u00e4htev\u00e4t eteenp\u00e4in vastaanottajille. Jos olet ajastanut kortin, saat oman kopiosi samaan aikaan kuin muutkin kortit l\u00e4hetet\u00e4\u00e4n. N\u00e4in voit olla varma, ett\u00e4 kortit on l\u00e4hetetty sovitusti.<\/p>\n<p>Ostaessasi s\u00e4hk\u00f6isen kortin, sitoudut t\u00e4ytt\u00e4m\u00e4\u00e4n huolellisesti vaaditut tiedot. Jos vastaanottajan s\u00e4hk\u00f6postiosoitteessa on virhe, emme korvaa ep\u00e4onnistuneen kortin l\u00e4hetyksen kuluja. Emme my\u00f6sk\u00e4\u00e4n vastaa siit\u00e4, jos kortti menee vastaanottajalla roskapostikansioon tai karanteeniin, koska t\u00e4m\u00e4 johtuu t\u00e4ysin vastaanottajan s\u00e4hk\u00f6postiasetuksista emmek\u00e4 voi siihen vaikuttaa. Emme vastaa kolmansien osapuolien j\u00e4rjestelm\u00e4h\u00e4iri\u00f6ist\u00e4, joiden vuoksi korttien l\u00e4hett\u00e4minen voi keskeyty\u00e4 (force majeure).<\/p>\n<p><strong>Tuotteen vaihto- ja palautusoikeus<\/strong><\/p>\n<p>Haluamme antaa mahdollisimman paljon tietoa tuotteista, jotta olisit tyytyv\u00e4inen ostoksiisi. Jos kuitenkin tulet katumap\u00e4\u00e4lle, saat palauttaa tuotteet maksutta 14 p\u00e4iv\u00e4n kuluessa edellytt\u00e4en, ett\u00e4 ne ovat k\u00e4ytt\u00e4m\u00e4tt\u00f6mi\u00e4 ja alkuper\u00e4ispakkauksissa. Palautusoikeus ei koske s\u00e4hk\u00f6isi\u00e4 kortteja.<\/p>\n<p><strong>Ota meihin yhteytt\u00e4<\/strong>\u00a0<strong>aina ennen tuotteen palautusta.<\/strong><\/p>\n<p>Mik\u00e4li haluat vaihtaa tai palauttaa tuotteen, kerro mink\u00e4 tuotteen haluat palauttamasi tilalle. Jos haluat palauttaa tuotteen, kerro meille miksi et ollut tyytyv\u00e4inen ostokseesi. Palautteesi on meille t\u00e4rke\u00e4!<\/p>\n<p>Pakkaa tuote ja toimita se osoitteeseen:<\/p>\n<p>Toivon t\u00e4hti r.y<br \/>\nTiilitehtaantie 7A<br \/>\n64200 N\u00e4rpi\u00f6<\/p>\n<p>K\u00e4sittelemme palautukset mahdollisimman pian ja tuotevaihtotilanteessa l\u00e4het\u00e4mme tuotteen sinulle ilman toimituskuluja. Tarvittaessa olemme yhteydess\u00e4 sinuun. Kun palautuksesi on k\u00e4sitelty, palautamme rahat sinulle Paytrailin kautta. Emme p\u00e4\u00e4s\u00e4\u00e4nt\u00f6isesti palauta toimituskuluja.<\/p>\n<p><strong>Yhteystiedot<\/strong><\/p>\n<p>Toivon t\u00e4hti r.y<br \/>\nTiilitehtaantie 7A<br \/>\n64200 N\u00e4rpi\u00f6<\/p>\n<p>info@starofhope.fi<br \/>\npuh. 040\u00a0164 6687 ma-pe klo 9-16.<br \/>\nJos emme vastaa, niin soitamme sinulle takaisin.<\/p>\n","protected":false},"excerpt":{"rendered":"<p>Tilausehdot Tuotteet esitell\u00e4\u00e4n kuvin ja sanoin. Hinta sis\u00e4lt\u00e4\u00e4 toimituskulut. Pid\u00e4t\u00e4mme oikeuden oikaista kirjoitusvirheist\u00e4 johtuvat ilmeiset hintavirheet. Toivon t\u00e4hti r.y. on yleishy\u00f6dyllinen yhteis\u00f6 (TVL 22\u00a7).\u00a0Tuotteidemme hinnat sis\u00e4lt\u00e4v\u00e4t arvonlis\u00e4veroa 0 %. Toimitusmaksu sis\u00e4lt\u00e4\u00e4 aina 24 % arvonlis\u00e4veroa. Kun olet l\u00f6yt\u00e4nyt haluamasi tuotteen, t\u00e4yt\u00e4 lukum\u00e4\u00e4r\u00e4 ja napsauta LIS\u00c4\u00c4 OSTOSKORIIN -painiketta. Jos p\u00e4\u00e4t\u00e4t tehd\u00e4 kertalahjoituksen, valitse summa ja paina.. [L\u00e4s mera]\n","protected":false},"author":1,"featured_media":0,"parent":0,"menu_order":0,"comment_status":"closed","ping_status":"closed","template":"","meta":{"footnotes":""},"class_list":["post-2500","page","type-page","status-publish","hentry"],"yoast_head":"<!-- This site is optimized with the Yoast SEO plugin v26.9 - https:\/\/yoast.com\/product\/yoast-seo-wordpress\/ -->\n<title>Tilausehdot - Hoppets Stj\u00e4rna - Toivon t\u00e4hti<\/title>\n<meta name=\"robots\" content=\"index, follow, max-snippet:-1, max-image-preview:large, max-video-preview:-1\" \/>\n<link rel=\"canonical\" href=\"https:\/\/www.starofhope.fi\/fi\/tilausehdot\/\" \/>\n<meta property=\"og:locale\" content=\"fi_FI\" \/>\n<meta property=\"og:type\" content=\"article\" \/>\n<meta property=\"og:title\" content=\"Tilausehdot - Hoppets Stj\u00e4rna - Toivon t\u00e4hti\" \/>\n<meta property=\"og:description\" content=\"Tilausehdot Tuotteet esitell\u00e4\u00e4n kuvin ja sanoin. Hinta sis\u00e4lt\u00e4\u00e4 toimituskulut. Pid\u00e4t\u00e4mme oikeuden oikaista kirjoitusvirheist\u00e4 johtuvat ilmeiset hintavirheet. Toivon t\u00e4hti r.y. on yleishy\u00f6dyllinen yhteis\u00f6 (TVL 22\u00a7).\u00a0Tuotteidemme hinnat sis\u00e4lt\u00e4v\u00e4t arvonlis\u00e4veroa 0 %. Toimitusmaksu sis\u00e4lt\u00e4\u00e4 aina 24 % arvonlis\u00e4veroa. Kun olet l\u00f6yt\u00e4nyt haluamasi tuotteen, t\u00e4yt\u00e4 lukum\u00e4\u00e4r\u00e4 ja napsauta LIS\u00c4\u00c4 OSTOSKORIIN -painiketta. Jos p\u00e4\u00e4t\u00e4t tehd\u00e4 kertalahjoituksen, valitse summa ja paina.. [L\u00e4s mera]\" \/>\n<meta property=\"og:url\" content=\"https:\/\/www.starofhope.fi\/fi\/tilausehdot\/\" \/>\n<meta property=\"og:site_name\" content=\"Hoppets Stj\u00e4rna - Toivon t\u00e4hti\" \/>\n<meta property=\"article:publisher\" content=\"https:\/\/www.facebook.com\/hoppetsstjarnafinland\" \/>\n<meta property=\"og:image\" content=\"https:\/\/www.starofhope.fi\/wp-content\/uploads\/2021\/09\/Mat.jpg\" \/>\n\t<meta property=\"og:image:width\" content=\"1632\" \/>\n\t<meta property=\"og:image:height\" content=\"1631\" \/>\n\t<meta property=\"og:image:type\" content=\"image\/jpeg\" \/>\n<meta name=\"twitter:card\" content=\"summary_large_image\" \/>\n<meta name=\"twitter:label1\" content=\"Arvioitu lukuaika\" \/>\n\t<meta name=\"twitter:data1\" content=\"4 minuuttia\" \/>\n<script type=\"application\/ld+json\" class=\"yoast-schema-graph\">{\"@context\":\"https:\/\/schema.org\",\"@graph\":[{\"@type\":\"WebPage\",\"@id\":\"https:\/\/www.starofhope.fi\/fi\/tilausehdot\/\",\"url\":\"https:\/\/www.starofhope.fi\/fi\/tilausehdot\/\",\"name\":\"Tilausehdot - Hoppets Stj\u00e4rna - Toivon t\u00e4hti\",\"isPartOf\":{\"@id\":\"https:\/\/www.starofhope.fi\/#website\"},\"datePublished\":\"2022-11-13T09:12:15+00:00\",\"breadcrumb\":{\"@id\":\"https:\/\/www.starofhope.fi\/fi\/tilausehdot\/#breadcrumb\"},\"inLanguage\":\"fi\",\"potentialAction\":[{\"@type\":\"ReadAction\",\"target\":[\"https:\/\/www.starofhope.fi\/fi\/tilausehdot\/\"]}]},{\"@type\":\"BreadcrumbList\",\"@id\":\"https:\/\/www.starofhope.fi\/fi\/tilausehdot\/#breadcrumb\",\"itemListElement\":[{\"@type\":\"ListItem\",\"position\":1,\"name\":\"Hem\",\"item\":\"https:\/\/www.starofhope.fi\/fi\/\"},{\"@type\":\"ListItem\",\"position\":2,\"name\":\"Tilausehdot\"}]},{\"@type\":\"WebSite\",\"@id\":\"https:\/\/www.starofhope.fi\/#website\",\"url\":\"https:\/\/www.starofhope.fi\/\",\"name\":\"Hoppets Stj\u00e4rna - Toivon t\u00e4hti\",\"description\":\"Allm\u00e4nnyttig registrerad f\u00f6rening. V\u00e5r verksamhet finansieras helt genom donationer.\",\"publisher\":{\"@id\":\"https:\/\/www.starofhope.fi\/#organization\"},\"potentialAction\":[{\"@type\":\"SearchAction\",\"target\":{\"@type\":\"EntryPoint\",\"urlTemplate\":\"https:\/\/www.starofhope.fi\/?s={search_term_string}\"},\"query-input\":{\"@type\":\"PropertyValueSpecification\",\"valueRequired\":true,\"valueName\":\"search_term_string\"}}],\"inLanguage\":\"fi\"},{\"@type\":\"Organization\",\"@id\":\"https:\/\/www.starofhope.fi\/#organization\",\"name\":\"Hoppets Stj\u00e4rna - Toivon t\u00e4hti\",\"url\":\"https:\/\/www.starofhope.fi\/\",\"logo\":{\"@type\":\"ImageObject\",\"inLanguage\":\"fi\",\"@id\":\"https:\/\/www.starofhope.fi\/#\/schema\/logo\/image\/\",\"url\":\"https:\/\/www.starofhope.fi\/wp-content\/uploads\/2022\/01\/hoppets-stjarna-toivon-tahti-web.png\",\"contentUrl\":\"https:\/\/www.starofhope.fi\/wp-content\/uploads\/2022\/01\/hoppets-stjarna-toivon-tahti-web.png\",\"width\":225,\"height\":82,\"caption\":\"Hoppets Stj\u00e4rna - Toivon t\u00e4hti\"},\"image\":{\"@id\":\"https:\/\/www.starofhope.fi\/#\/schema\/logo\/image\/\"},\"sameAs\":[\"https:\/\/www.facebook.com\/hoppetsstjarnafinland\"]}]}<\/script>\n<!-- \/ Yoast SEO plugin. -->","yoast_head_json":{"title":"Tilausehdot - Hoppets Stj\u00e4rna - Toivon t\u00e4hti","robots":{"index":"index","follow":"follow","max-snippet":"max-snippet:-1","max-image-preview":"max-image-preview:large","max-video-preview":"max-video-preview:-1"},"canonical":"https:\/\/www.starofhope.fi\/fi\/tilausehdot\/","og_locale":"fi_FI","og_type":"article","og_title":"Tilausehdot - Hoppets Stj\u00e4rna - Toivon t\u00e4hti","og_description":"Tilausehdot Tuotteet esitell\u00e4\u00e4n kuvin ja sanoin. Hinta sis\u00e4lt\u00e4\u00e4 toimituskulut. Pid\u00e4t\u00e4mme oikeuden oikaista kirjoitusvirheist\u00e4 johtuvat ilmeiset hintavirheet. Toivon t\u00e4hti r.y. on yleishy\u00f6dyllinen yhteis\u00f6 (TVL 22\u00a7).\u00a0Tuotteidemme hinnat sis\u00e4lt\u00e4v\u00e4t arvonlis\u00e4veroa 0 %. Toimitusmaksu sis\u00e4lt\u00e4\u00e4 aina 24 % arvonlis\u00e4veroa. Kun olet l\u00f6yt\u00e4nyt haluamasi tuotteen, t\u00e4yt\u00e4 lukum\u00e4\u00e4r\u00e4 ja napsauta LIS\u00c4\u00c4 OSTOSKORIIN -painiketta. Jos p\u00e4\u00e4t\u00e4t tehd\u00e4 kertalahjoituksen, valitse summa ja paina.. [L\u00e4s mera]","og_url":"https:\/\/www.starofhope.fi\/fi\/tilausehdot\/","og_site_name":"Hoppets Stj\u00e4rna - Toivon t\u00e4hti","article_publisher":"https:\/\/www.facebook.com\/hoppetsstjarnafinland","og_image":[{"width":1632,"height":1631,"url":"https:\/\/www.starofhope.fi\/wp-content\/uploads\/2021\/09\/Mat.jpg","type":"image\/jpeg"}],"twitter_card":"summary_large_image","twitter_misc":{"Arvioitu lukuaika":"4 minuuttia"},"schema":{"@context":"https:\/\/schema.org","@graph":[{"@type":"WebPage","@id":"https:\/\/www.starofhope.fi\/fi\/tilausehdot\/","url":"https:\/\/www.starofhope.fi\/fi\/tilausehdot\/","name":"Tilausehdot - Hoppets Stj\u00e4rna - Toivon t\u00e4hti","isPartOf":{"@id":"https:\/\/www.starofhope.fi\/#website"},"datePublished":"2022-11-13T09:12:15+00:00","breadcrumb":{"@id":"https:\/\/www.starofhope.fi\/fi\/tilausehdot\/#breadcrumb"},"inLanguage":"fi","potentialAction":[{"@type":"ReadAction","target":["https:\/\/www.starofhope.fi\/fi\/tilausehdot\/"]}]},{"@type":"BreadcrumbList","@id":"https:\/\/www.starofhope.fi\/fi\/tilausehdot\/#breadcrumb","itemListElement":[{"@type":"ListItem","position":1,"name":"Hem","item":"https:\/\/www.starofhope.fi\/fi\/"},{"@type":"ListItem","position":2,"name":"Tilausehdot"}]},{"@type":"WebSite","@id":"https:\/\/www.starofhope.fi\/#website","url":"https:\/\/www.starofhope.fi\/","name":"Hoppets Stj\u00e4rna - Toivon t\u00e4hti","description":"Allm\u00e4nnyttig registrerad f\u00f6rening. V\u00e5r verksamhet finansieras helt genom donationer.","publisher":{"@id":"https:\/\/www.starofhope.fi\/#organization"},"potentialAction":[{"@type":"SearchAction","target":{"@type":"EntryPoint","urlTemplate":"https:\/\/www.starofhope.fi\/?s={search_term_string}"},"query-input":{"@type":"PropertyValueSpecification","valueRequired":true,"valueName":"search_term_string"}}],"inLanguage":"fi"},{"@type":"Organization","@id":"https:\/\/www.starofhope.fi\/#organization","name":"Hoppets Stj\u00e4rna - Toivon t\u00e4hti","url":"https:\/\/www.starofhope.fi\/","logo":{"@type":"ImageObject","inLanguage":"fi","@id":"https:\/\/www.starofhope.fi\/#\/schema\/logo\/image\/","url":"https:\/\/www.starofhope.fi\/wp-content\/uploads\/2022\/01\/hoppets-stjarna-toivon-tahti-web.png","contentUrl":"https:\/\/www.starofhope.fi\/wp-content\/uploads\/2022\/01\/hoppets-stjarna-toivon-tahti-web.png","width":225,"height":82,"caption":"Hoppets Stj\u00e4rna - Toivon t\u00e4hti"},"image":{"@id":"https:\/\/www.starofhope.fi\/#\/schema\/logo\/image\/"},"sameAs":["https:\/\/www.facebook.com\/hoppetsstjarnafinland"]}]}},"_links":{"self":[{"href":"https:\/\/www.starofhope.fi\/fi\/wp-json\/wp\/v2\/pages\/2500","targetHints":{"allow":["GET"]}}],"collection":[{"href":"https:\/\/www.starofhope.fi\/fi\/wp-json\/wp\/v2\/pages"}],"about":[{"href":"https:\/\/www.starofhope.fi\/fi\/wp-json\/wp\/v2\/types\/page"}],"author":[{"embeddable":true,"href":"https:\/\/www.starofhope.fi\/fi\/wp-json\/wp\/v2\/users\/1"}],"replies":[{"embeddable":true,"href":"https:\/\/www.starofhope.fi\/fi\/wp-json\/wp\/v2\/comments?post=2500"}],"version-history":[{"count":2,"href":"https:\/\/www.starofhope.fi\/fi\/wp-json\/wp\/v2\/pages\/2500\/revisions"}],"predecessor-version":[{"id":2502,"href":"https:\/\/www.starofhope.fi\/fi\/wp-json\/wp\/v2\/pages\/2500\/revisions\/2502"}],"wp:attachment":[{"href":"https:\/\/www.starofhope.fi\/fi\/wp-json\/wp\/v2\/media?parent=2500"}],"curies":[{"name":"wp","href":"https:\/\/api.w.org\/{rel}","templated":true}]}}