{"id":1320,"date":"2022-01-20T16:59:21","date_gmt":"2022-01-20T14:59:21","guid":{"rendered":"https:\/\/hoppetstjarna.netserver.fi\/?page_id=1320"},"modified":"2026-03-10T11:41:00","modified_gmt":"2026-03-10T09:41:00","slug":"lista-tavaroista-mita-otamme-vastaan","status":"publish","type":"page","link":"https:\/\/www.starofhope.fi\/fi\/lista-tavaroista-mita-otamme-vastaan\/","title":{"rendered":"Lista tavaroista mit\u00e4 otamme vastaan"},"content":{"rendered":"<div class=\"row\"  id=\"row-579242518\">\n\n\t<div id=\"col-1134479774\" class=\"col small-12 large-12\"  >\n\t\t\t\t<div class=\"col-inner\"  >\n\t\t\t\n\t\t\t\n<h1>Mit\u00e4 otamme vastaan? Lahjoita ehji\u00e4, puhtaita ja k\u00e4ytt\u00f6kelpoisia tavaroita<\/h1>\n<h2><span style=\"color: #339966;\"><strong>KYLL\u00c4 KIITOS! Otamme mielell\u00e4mme vastaan ehji\u00e4 ja puhtaita tavaroita<\/strong><\/span><\/h2>\n<p><strong>Esimerkkej\u00e4 siit\u00e4, mit\u00e4 otamme vastaan, kun haluat lahjoittaa tavaroita, huonekaluja, kodin irtaimistoa tai muita tavaralahjoituksia:<\/strong><\/p>\n<p><strong>Vaatteet ja keng\u00e4t:<\/strong><br \/>\nKaikki vaatteet, jotka ovat <strong>puhtaita<\/strong> ja <strong>ehji\u00e4<\/strong> \u2013 vauvanvaatteet, lastenvaatteet, naistenvaatteet, miestenvaatteet, ulkovaatteet, laukut, vy\u00f6t, huivit, pipot, k\u00e4sineet ja hyv\u00e4kuntoiset keng\u00e4t.<\/p>\n<p><strong>Tekstiilit ja kodintekstiilit:<\/strong><br \/>\nVerhot, p\u00f6yt\u00e4liinat, lakanat, pussilakanat, tyynyliinat, peitot, viltit, tyynyt, p\u00e4iv\u00e4peitteet, pyyhkeet ja muut puhtaat ja siistit kodintekstiilit.<\/p>\n<p><strong>Lelut ja lastentarvikkeet:<\/strong><br \/>\nOpettavaiset lelut, pehmolelut, metalli- ja muovilelut, pelit, palapelit, askartelutarvikkeet, pallot, lasten kirjat, sarjakuvat, nuket, autot ja muut hyv\u00e4kuntoiset lelut.<\/p>\n<p><strong>Urheilu ja vapaa-aika:<\/strong><br \/>\nJalkapallokeng\u00e4t, luistimet, j\u00e4\u00e4kiekkomailat, salibandymailat, kyp\u00e4r\u00e4t, pienemm\u00e4t kuntoiluv\u00e4lineet ja muut k\u00e4ytt\u00f6kelpoiset urheiluv\u00e4lineet.<\/p>\n<p><strong>Kodin tarvikkeet ja keitti\u00f6v\u00e4lineet:<\/strong><br \/>\nAterimet, kattilat, paistinpannut, kulhot, tarjoiluastiat, lasit, posliini, mukit, lautaset, termokset, tarjottimet, kahvin- ja teenkeittimet sek\u00e4 muut k\u00e4yt\u00e4nn\u00f6lliset kodin tavarat.<\/p>\n<p><strong>Sisustus ja koriste-esineet:<\/strong><br \/>\nLamput, peilit, taulut, kehykset, kynttil\u00e4njalat, maljakot, kulhot, koriste-esineet, antiikkiesineet ja kaikki sellainen, joka sopii kotiin tai voidaan myyd\u00e4 eteenp\u00e4in second hand -myym\u00e4l\u00e4ss\u00e4.<\/p>\n<p><strong>Huonekalut:<\/strong><br \/>\nTukevat yhden hengen s\u00e4ngyt, pinnas\u00e4ngyt, kerross\u00e4ngyt, puhtaat patjat, lipastot, kaapit, hyllyt, sohvat, nojatuolit, tuolit, keitti\u00f6np\u00f6yd\u00e4t, sohvap\u00f6yd\u00e4t, sivup\u00f6yd\u00e4t, kirjoitusp\u00f6yd\u00e4t ja muut tukevat kodin huonekalut.<\/p>\n<p><strong>Ty\u00f6kalut ja rakennustarvikkeet:<\/strong><br \/>\nH\u00f6yl\u00e4t, vasarat, porakoneet, hylsysarjat, ruuvimeisselit, naulat, ruuvit, k\u00e4sity\u00f6kalut, pienemm\u00e4t s\u00e4hk\u00f6ty\u00f6kalut, helat ja tietyt rakennustarvikkeet.<\/p>\n<p><strong>S\u00e4hk\u00f6laitteet ja kodinkoneet:<\/strong><br \/>\nUudemmat pesukoneet, j\u00e4\u00e4kaapit, pakastimet, liedet, pienet toimivat kodinkoneet ja hyv\u00e4kuntoiset keitti\u00f6laitteet.<\/p>\n<p><strong>Polkupy\u00f6r\u00e4t ja apuv\u00e4lineet:<\/strong><br \/>\nToimivat polkupy\u00f6r\u00e4t, py\u00f6r\u00e4tuolit, rollaattorit ja muut ehj\u00e4t ja k\u00e4ytt\u00f6kelpoiset apuv\u00e4lineet.<\/p>\n<p><strong>K\u00e4sity\u00f6t ja harrastukset:<\/strong><br \/>\nLangat, kankaat, vetoketjut, ompelutarvikkeet, k\u00e4sity\u00f6t, puikot, virkkuukoukut ja muu materiaali, jolle voi l\u00f6yty\u00e4 k\u00e4ytt\u00f6\u00e4.<\/p>\n<p><strong>Muut kodin tavarat:<\/strong><br \/>\nS\u00e4ilytysratkaisut, keitti\u00f6kalusteet, pienemm\u00e4t huonekalujen osat, retroesineet, postimerkkikokoelmat ja paljon muuta, mik\u00e4 on ehj\u00e4\u00e4, puhdasta ja k\u00e4ytt\u00f6kelpoista arjessa.<\/p>\n<h2><span style=\"color: #d83131;\"><strong>EI KIITOS! Emme ota vastaan rikkin\u00e4isi\u00e4, likaisia, kosteusvaurioituneita tai puutteellisia tavaroita<\/strong><\/span><\/h2>\n<p><strong>Emme ota vastaan tavaroita, jotka ovat rikki, likaisia, kosteusvaurioituneita, haisevat pahalta tai joista puuttuu t\u00e4rkeit\u00e4 osia.<\/strong><\/p>\n<p><strong>Esimerkkej\u00e4 siit\u00e4, mit\u00e4 emme ota vastaan:<\/strong><\/p>\n<p>Kirjat ja tietosanakirjat<br \/>\nTietokoneet, tulostimet ja kirjoituskoneet<br \/>\nVanha elektroniikka<br \/>\nVanhat televisiot<br \/>\nKasetit ja VHS-kasetit<br \/>\nLasketteluv\u00e4lineet<br \/>\nRullaluistimet<br \/>\nJalkakylvyt<br \/>\nVanhat, suuret kirjahyllyt<br \/>\nSuuret, ep\u00e4vakaat paris\u00e4ngyt<br \/>\nSairaalas\u00e4ngyt<br \/>\nHetekas\u00e4ngyt<br \/>\nSilm\u00e4lasit<br \/>\nH\u00e4\u00e4puvut<br \/>\nPiano ja urut<br \/>\nRatsastusvaatteet ja ratsastusvarusteet<\/p>\n<h2>Korjausta vaativat huonekalut<\/h2>\n<p>Otamme joissakin tapauksissa vastaan my\u00f6s huonekaluja, jotka tarvitsevat kunnostusta. Arvioimme n\u00e4m\u00e4 tapauskohtaisesti.<\/p>\n\t\t<\/div>\n\t\t\t\t\t<\/div>\n\n\t\n<\/div>\n<div class=\"slider-wrapper relative\" id=\"slider-388013039\" >\n    <div class=\"slider slider-nav-circle slider-nav-large slider-nav-light slider-style-shadow\"\n        data-flickity-options='{\n            \"cellAlign\": \"center\",\n            \"imagesLoaded\": true,\n            \"lazyLoad\": 1,\n            \"freeScroll\": false,\n            \"wrapAround\": true,\n            \"autoPlay\": 6000,\n            \"pauseAutoPlayOnHover\" : true,\n            \"prevNextButtons\": true,\n            \"contain\" : true,\n            \"adaptiveHeight\" : true,\n            \"dragThreshold\" : 10,\n            \"percentPosition\": true,\n            \"pageDots\": true,\n            \"rightToLeft\": false,\n            \"draggable\": true,\n            \"selectedAttraction\": 0.1,\n            \"parallax\" : 0,\n            \"friction\": 0.6        }'\n        >\n        \n\t<div class=\"img has-hover x md-x lg-x y md-y lg-y\" id=\"image_1525338891\">\n\t\t\t\t\t\t\t\t<div class=\"img-inner dark\" >\n\t\t\t<img loading=\"lazy\" decoding=\"async\" width=\"1080\" height=\"1350\" src=\"https:\/\/www.starofhope.fi\/wp-content\/uploads\/2025\/07\/Varudonationer-guide-FI.png\" class=\"attachment-original size-original\" alt=\"\" srcset=\"https:\/\/www.starofhope.fi\/wp-content\/uploads\/2025\/07\/Varudonationer-guide-FI.png 1080w, https:\/\/www.starofhope.fi\/wp-content\/uploads\/2025\/07\/Varudonationer-guide-FI-240x300.png 240w, https:\/\/www.starofhope.fi\/wp-content\/uploads\/2025\/07\/Varudonationer-guide-FI-819x1024.png 819w, https:\/\/www.starofhope.fi\/wp-content\/uploads\/2025\/07\/Varudonationer-guide-FI-768x960.png 768w, https:\/\/www.starofhope.fi\/wp-content\/uploads\/2025\/07\/Varudonationer-guide-FI-600x750.png 600w\" sizes=\"auto, (max-width: 1080px) 100vw, 1080px\" \/>\t\t\t\t\t\t\n\t\t\t\t\t<\/div>\n\t\t\t\t\t\t\t\t\n<style>\n#image_1525338891 {\n  width: 100%;\n}\n<\/style>\n\t<\/div>\n\t\n\t<div class=\"img has-hover x md-x lg-x y md-y lg-y\" id=\"image_1723547699\">\n\t\t\t\t\t\t\t\t<div class=\"img-inner dark\" >\n\t\t\t<img loading=\"lazy\" decoding=\"async\" width=\"1080\" height=\"1350\" src=\"https:\/\/www.starofhope.fi\/wp-content\/uploads\/2025\/07\/Varudonationer-guide-FI-1.png\" class=\"attachment-original size-original\" alt=\"\" srcset=\"https:\/\/www.starofhope.fi\/wp-content\/uploads\/2025\/07\/Varudonationer-guide-FI-1.png 1080w, https:\/\/www.starofhope.fi\/wp-content\/uploads\/2025\/07\/Varudonationer-guide-FI-1-240x300.png 240w, https:\/\/www.starofhope.fi\/wp-content\/uploads\/2025\/07\/Varudonationer-guide-FI-1-819x1024.png 819w, https:\/\/www.starofhope.fi\/wp-content\/uploads\/2025\/07\/Varudonationer-guide-FI-1-768x960.png 768w, https:\/\/www.starofhope.fi\/wp-content\/uploads\/2025\/07\/Varudonationer-guide-FI-1-600x750.png 600w\" sizes=\"auto, (max-width: 1080px) 100vw, 1080px\" \/>\t\t\t\t\t\t\n\t\t\t\t\t<\/div>\n\t\t\t\t\t\t\t\t\n<style>\n#image_1723547699 {\n  width: 100%;\n}\n<\/style>\n\t<\/div>\n\t\n\t<div class=\"img has-hover x md-x lg-x y md-y lg-y\" id=\"image_1681802535\">\n\t\t\t\t\t\t\t\t<div class=\"img-inner dark\" >\n\t\t\t<img loading=\"lazy\" decoding=\"async\" width=\"1080\" height=\"1350\" src=\"https:\/\/www.starofhope.fi\/wp-content\/uploads\/2025\/07\/Varudonationer-guide-FI-2.png\" class=\"attachment-original size-original\" alt=\"\" srcset=\"https:\/\/www.starofhope.fi\/wp-content\/uploads\/2025\/07\/Varudonationer-guide-FI-2.png 1080w, https:\/\/www.starofhope.fi\/wp-content\/uploads\/2025\/07\/Varudonationer-guide-FI-2-240x300.png 240w, https:\/\/www.starofhope.fi\/wp-content\/uploads\/2025\/07\/Varudonationer-guide-FI-2-819x1024.png 819w, https:\/\/www.starofhope.fi\/wp-content\/uploads\/2025\/07\/Varudonationer-guide-FI-2-768x960.png 768w, https:\/\/www.starofhope.fi\/wp-content\/uploads\/2025\/07\/Varudonationer-guide-FI-2-600x750.png 600w\" sizes=\"auto, (max-width: 1080px) 100vw, 1080px\" \/>\t\t\t\t\t\t\n\t\t\t\t\t<\/div>\n\t\t\t\t\t\t\t\t\n<style>\n#image_1681802535 {\n  width: 100%;\n}\n<\/style>\n\t<\/div>\n\t\n\t<div class=\"img has-hover x md-x lg-x y md-y lg-y\" id=\"image_1740449183\">\n\t\t\t\t\t\t\t\t<div class=\"img-inner dark\" >\n\t\t\t<img loading=\"lazy\" decoding=\"async\" width=\"1080\" height=\"1350\" src=\"https:\/\/www.starofhope.fi\/wp-content\/uploads\/2025\/07\/Varudonationer-guide-FI-3.png\" class=\"attachment-original size-original\" alt=\"\" srcset=\"https:\/\/www.starofhope.fi\/wp-content\/uploads\/2025\/07\/Varudonationer-guide-FI-3.png 1080w, https:\/\/www.starofhope.fi\/wp-content\/uploads\/2025\/07\/Varudonationer-guide-FI-3-240x300.png 240w, https:\/\/www.starofhope.fi\/wp-content\/uploads\/2025\/07\/Varudonationer-guide-FI-3-819x1024.png 819w, https:\/\/www.starofhope.fi\/wp-content\/uploads\/2025\/07\/Varudonationer-guide-FI-3-768x960.png 768w, https:\/\/www.starofhope.fi\/wp-content\/uploads\/2025\/07\/Varudonationer-guide-FI-3-600x750.png 600w\" sizes=\"auto, (max-width: 1080px) 100vw, 1080px\" \/>\t\t\t\t\t\t\n\t\t\t\t\t<\/div>\n\t\t\t\t\t\t\t\t\n<style>\n#image_1740449183 {\n  width: 100%;\n}\n<\/style>\n\t<\/div>\n\t\n\t<div class=\"img has-hover x md-x lg-x y md-y lg-y\" id=\"image_512342247\">\n\t\t\t\t\t\t\t\t<div class=\"img-inner dark\" >\n\t\t\t<img loading=\"lazy\" decoding=\"async\" width=\"1080\" height=\"1350\" src=\"https:\/\/www.starofhope.fi\/wp-content\/uploads\/2025\/07\/Varudonationer-guide-FI-4.png\" class=\"attachment-original size-original\" alt=\"\" srcset=\"https:\/\/www.starofhope.fi\/wp-content\/uploads\/2025\/07\/Varudonationer-guide-FI-4.png 1080w, https:\/\/www.starofhope.fi\/wp-content\/uploads\/2025\/07\/Varudonationer-guide-FI-4-240x300.png 240w, https:\/\/www.starofhope.fi\/wp-content\/uploads\/2025\/07\/Varudonationer-guide-FI-4-819x1024.png 819w, https:\/\/www.starofhope.fi\/wp-content\/uploads\/2025\/07\/Varudonationer-guide-FI-4-768x960.png 768w, https:\/\/www.starofhope.fi\/wp-content\/uploads\/2025\/07\/Varudonationer-guide-FI-4-600x750.png 600w\" sizes=\"auto, (max-width: 1080px) 100vw, 1080px\" \/>\t\t\t\t\t\t\n\t\t\t\t\t<\/div>\n\t\t\t\t\t\t\t\t\n<style>\n#image_512342247 {\n  width: 100%;\n}\n<\/style>\n\t<\/div>\n\t\n     <\/div>\n\n     <div class=\"loading-spin dark large centered\"><\/div>\n\n\t<\/div>\n\n\n","protected":false},"excerpt":{"rendered":"","protected":false},"author":1,"featured_media":0,"parent":0,"menu_order":0,"comment_status":"closed","ping_status":"closed","template":"","meta":{"footnotes":""},"class_list":["post-1320","page","type-page","status-publish","hentry"],"yoast_head":"<!-- This site is optimized with the Yoast SEO plugin v26.9 - https:\/\/yoast.com\/product\/yoast-seo-wordpress\/ -->\n<title>Lista tavaroista mit\u00e4 otamme vastaan - Hoppets Stj\u00e4rna - Toivon t\u00e4hti<\/title>\n<meta name=\"description\" content=\"Lahjoita tavaroita ja huonekaluja Toivon t\u00e4hdelle. Otamme vastaan puhtaita, ehji\u00e4 ja k\u00e4ytt\u00f6kelpoisia kodin tavaroita, huonekaluja, tekstiilej\u00e4 ja muuta irtaimistoa.\" \/>\n<meta name=\"robots\" content=\"index, follow, max-snippet:-1, max-image-preview:large, max-video-preview:-1\" \/>\n<link rel=\"canonical\" href=\"https:\/\/www.starofhope.fi\/fi\/lista-tavaroista-mita-otamme-vastaan\/\" \/>\n<meta property=\"og:locale\" content=\"fi_FI\" \/>\n<meta property=\"og:type\" content=\"article\" \/>\n<meta property=\"og:title\" content=\"Lista tavaroista mit\u00e4 otamme vastaan - Hoppets Stj\u00e4rna - Toivon t\u00e4hti\" \/>\n<meta property=\"og:description\" content=\"Lahjoita tavaroita ja huonekaluja Toivon t\u00e4hdelle. Otamme vastaan puhtaita, ehji\u00e4 ja k\u00e4ytt\u00f6kelpoisia kodin tavaroita, huonekaluja, tekstiilej\u00e4 ja muuta irtaimistoa.\" \/>\n<meta property=\"og:url\" content=\"https:\/\/www.starofhope.fi\/fi\/lista-tavaroista-mita-otamme-vastaan\/\" \/>\n<meta property=\"og:site_name\" content=\"Hoppets Stj\u00e4rna - Toivon t\u00e4hti\" \/>\n<meta property=\"article:publisher\" content=\"https:\/\/www.facebook.com\/hoppetsstjarnafinland\" \/>\n<meta property=\"article:modified_time\" content=\"2026-03-10T09:41:00+00:00\" \/>\n<meta property=\"og:image\" content=\"https:\/\/www.starofhope.fi\/wp-content\/uploads\/2026\/03\/Varudonationer-guide-FI.png\" \/>\n\t<meta property=\"og:image:width\" content=\"1080\" \/>\n\t<meta property=\"og:image:height\" content=\"1350\" \/>\n\t<meta property=\"og:image:type\" content=\"image\/png\" \/>\n<meta name=\"twitter:card\" content=\"summary_large_image\" \/>\n<meta name=\"twitter:label1\" content=\"Arvioitu lukuaika\" \/>\n\t<meta name=\"twitter:data1\" content=\"2 minuuttia\" \/>\n<script type=\"application\/ld+json\" class=\"yoast-schema-graph\">{\"@context\":\"https:\/\/schema.org\",\"@graph\":[{\"@type\":\"WebPage\",\"@id\":\"https:\/\/www.starofhope.fi\/fi\/lista-tavaroista-mita-otamme-vastaan\/\",\"url\":\"https:\/\/www.starofhope.fi\/fi\/lista-tavaroista-mita-otamme-vastaan\/\",\"name\":\"Lista tavaroista mit\u00e4 otamme vastaan - Hoppets Stj\u00e4rna - Toivon t\u00e4hti\",\"isPartOf\":{\"@id\":\"https:\/\/www.starofhope.fi\/#website\"},\"datePublished\":\"2022-01-20T14:59:21+00:00\",\"dateModified\":\"2026-03-10T09:41:00+00:00\",\"description\":\"Lahjoita tavaroita ja huonekaluja Toivon t\u00e4hdelle. Otamme vastaan puhtaita, ehji\u00e4 ja k\u00e4ytt\u00f6kelpoisia kodin tavaroita, huonekaluja, tekstiilej\u00e4 ja muuta irtaimistoa.\",\"breadcrumb\":{\"@id\":\"https:\/\/www.starofhope.fi\/fi\/lista-tavaroista-mita-otamme-vastaan\/#breadcrumb\"},\"inLanguage\":\"fi\",\"potentialAction\":[{\"@type\":\"ReadAction\",\"target\":[\"https:\/\/www.starofhope.fi\/fi\/lista-tavaroista-mita-otamme-vastaan\/\"]}]},{\"@type\":\"BreadcrumbList\",\"@id\":\"https:\/\/www.starofhope.fi\/fi\/lista-tavaroista-mita-otamme-vastaan\/#breadcrumb\",\"itemListElement\":[{\"@type\":\"ListItem\",\"position\":1,\"name\":\"Hem\",\"item\":\"https:\/\/www.starofhope.fi\/fi\/\"},{\"@type\":\"ListItem\",\"position\":2,\"name\":\"Lista tavaroista mit\u00e4 otamme vastaan\"}]},{\"@type\":\"WebSite\",\"@id\":\"https:\/\/www.starofhope.fi\/#website\",\"url\":\"https:\/\/www.starofhope.fi\/\",\"name\":\"Hoppets Stj\u00e4rna - Toivon t\u00e4hti\",\"description\":\"Allm\u00e4nnyttig registrerad f\u00f6rening. V\u00e5r verksamhet finansieras helt genom donationer.\",\"publisher\":{\"@id\":\"https:\/\/www.starofhope.fi\/#organization\"},\"potentialAction\":[{\"@type\":\"SearchAction\",\"target\":{\"@type\":\"EntryPoint\",\"urlTemplate\":\"https:\/\/www.starofhope.fi\/?s={search_term_string}\"},\"query-input\":{\"@type\":\"PropertyValueSpecification\",\"valueRequired\":true,\"valueName\":\"search_term_string\"}}],\"inLanguage\":\"fi\"},{\"@type\":\"Organization\",\"@id\":\"https:\/\/www.starofhope.fi\/#organization\",\"name\":\"Hoppets Stj\u00e4rna - Toivon t\u00e4hti\",\"url\":\"https:\/\/www.starofhope.fi\/\",\"logo\":{\"@type\":\"ImageObject\",\"inLanguage\":\"fi\",\"@id\":\"https:\/\/www.starofhope.fi\/#\/schema\/logo\/image\/\",\"url\":\"https:\/\/www.starofhope.fi\/wp-content\/uploads\/2022\/01\/hoppets-stjarna-toivon-tahti-web.png\",\"contentUrl\":\"https:\/\/www.starofhope.fi\/wp-content\/uploads\/2022\/01\/hoppets-stjarna-toivon-tahti-web.png\",\"width\":225,\"height\":82,\"caption\":\"Hoppets Stj\u00e4rna - Toivon t\u00e4hti\"},\"image\":{\"@id\":\"https:\/\/www.starofhope.fi\/#\/schema\/logo\/image\/\"},\"sameAs\":[\"https:\/\/www.facebook.com\/hoppetsstjarnafinland\"]}]}<\/script>\n<!-- \/ Yoast SEO plugin. -->","yoast_head_json":{"title":"Lista tavaroista mit\u00e4 otamme vastaan - Hoppets Stj\u00e4rna - Toivon t\u00e4hti","description":"Lahjoita tavaroita ja huonekaluja Toivon t\u00e4hdelle. Otamme vastaan puhtaita, ehji\u00e4 ja k\u00e4ytt\u00f6kelpoisia kodin tavaroita, huonekaluja, tekstiilej\u00e4 ja muuta irtaimistoa.","robots":{"index":"index","follow":"follow","max-snippet":"max-snippet:-1","max-image-preview":"max-image-preview:large","max-video-preview":"max-video-preview:-1"},"canonical":"https:\/\/www.starofhope.fi\/fi\/lista-tavaroista-mita-otamme-vastaan\/","og_locale":"fi_FI","og_type":"article","og_title":"Lista tavaroista mit\u00e4 otamme vastaan - Hoppets Stj\u00e4rna - Toivon t\u00e4hti","og_description":"Lahjoita tavaroita ja huonekaluja Toivon t\u00e4hdelle. Otamme vastaan puhtaita, ehji\u00e4 ja k\u00e4ytt\u00f6kelpoisia kodin tavaroita, huonekaluja, tekstiilej\u00e4 ja muuta irtaimistoa.","og_url":"https:\/\/www.starofhope.fi\/fi\/lista-tavaroista-mita-otamme-vastaan\/","og_site_name":"Hoppets Stj\u00e4rna - Toivon t\u00e4hti","article_publisher":"https:\/\/www.facebook.com\/hoppetsstjarnafinland","article_modified_time":"2026-03-10T09:41:00+00:00","og_image":[{"width":1080,"height":1350,"url":"https:\/\/www.starofhope.fi\/wp-content\/uploads\/2026\/03\/Varudonationer-guide-FI.png","type":"image\/png"}],"twitter_card":"summary_large_image","twitter_misc":{"Arvioitu lukuaika":"2 minuuttia"},"schema":{"@context":"https:\/\/schema.org","@graph":[{"@type":"WebPage","@id":"https:\/\/www.starofhope.fi\/fi\/lista-tavaroista-mita-otamme-vastaan\/","url":"https:\/\/www.starofhope.fi\/fi\/lista-tavaroista-mita-otamme-vastaan\/","name":"Lista tavaroista mit\u00e4 otamme vastaan - Hoppets Stj\u00e4rna - Toivon t\u00e4hti","isPartOf":{"@id":"https:\/\/www.starofhope.fi\/#website"},"datePublished":"2022-01-20T14:59:21+00:00","dateModified":"2026-03-10T09:41:00+00:00","description":"Lahjoita tavaroita ja huonekaluja Toivon t\u00e4hdelle. Otamme vastaan puhtaita, ehji\u00e4 ja k\u00e4ytt\u00f6kelpoisia kodin tavaroita, huonekaluja, tekstiilej\u00e4 ja muuta irtaimistoa.","breadcrumb":{"@id":"https:\/\/www.starofhope.fi\/fi\/lista-tavaroista-mita-otamme-vastaan\/#breadcrumb"},"inLanguage":"fi","potentialAction":[{"@type":"ReadAction","target":["https:\/\/www.starofhope.fi\/fi\/lista-tavaroista-mita-otamme-vastaan\/"]}]},{"@type":"BreadcrumbList","@id":"https:\/\/www.starofhope.fi\/fi\/lista-tavaroista-mita-otamme-vastaan\/#breadcrumb","itemListElement":[{"@type":"ListItem","position":1,"name":"Hem","item":"https:\/\/www.starofhope.fi\/fi\/"},{"@type":"ListItem","position":2,"name":"Lista tavaroista mit\u00e4 otamme vastaan"}]},{"@type":"WebSite","@id":"https:\/\/www.starofhope.fi\/#website","url":"https:\/\/www.starofhope.fi\/","name":"Hoppets Stj\u00e4rna - Toivon t\u00e4hti","description":"Allm\u00e4nnyttig registrerad f\u00f6rening. V\u00e5r verksamhet finansieras helt genom donationer.","publisher":{"@id":"https:\/\/www.starofhope.fi\/#organization"},"potentialAction":[{"@type":"SearchAction","target":{"@type":"EntryPoint","urlTemplate":"https:\/\/www.starofhope.fi\/?s={search_term_string}"},"query-input":{"@type":"PropertyValueSpecification","valueRequired":true,"valueName":"search_term_string"}}],"inLanguage":"fi"},{"@type":"Organization","@id":"https:\/\/www.starofhope.fi\/#organization","name":"Hoppets Stj\u00e4rna - Toivon t\u00e4hti","url":"https:\/\/www.starofhope.fi\/","logo":{"@type":"ImageObject","inLanguage":"fi","@id":"https:\/\/www.starofhope.fi\/#\/schema\/logo\/image\/","url":"https:\/\/www.starofhope.fi\/wp-content\/uploads\/2022\/01\/hoppets-stjarna-toivon-tahti-web.png","contentUrl":"https:\/\/www.starofhope.fi\/wp-content\/uploads\/2022\/01\/hoppets-stjarna-toivon-tahti-web.png","width":225,"height":82,"caption":"Hoppets Stj\u00e4rna - Toivon t\u00e4hti"},"image":{"@id":"https:\/\/www.starofhope.fi\/#\/schema\/logo\/image\/"},"sameAs":["https:\/\/www.facebook.com\/hoppetsstjarnafinland"]}]}},"_links":{"self":[{"href":"https:\/\/www.starofhope.fi\/fi\/wp-json\/wp\/v2\/pages\/1320","targetHints":{"allow":["GET"]}}],"collection":[{"href":"https:\/\/www.starofhope.fi\/fi\/wp-json\/wp\/v2\/pages"}],"about":[{"href":"https:\/\/www.starofhope.fi\/fi\/wp-json\/wp\/v2\/types\/page"}],"author":[{"embeddable":true,"href":"https:\/\/www.starofhope.fi\/fi\/wp-json\/wp\/v2\/users\/1"}],"replies":[{"embeddable":true,"href":"https:\/\/www.starofhope.fi\/fi\/wp-json\/wp\/v2\/comments?post=1320"}],"version-history":[{"count":9,"href":"https:\/\/www.starofhope.fi\/fi\/wp-json\/wp\/v2\/pages\/1320\/revisions"}],"predecessor-version":[{"id":4669,"href":"https:\/\/www.starofhope.fi\/fi\/wp-json\/wp\/v2\/pages\/1320\/revisions\/4669"}],"wp:attachment":[{"href":"https:\/\/www.starofhope.fi\/fi\/wp-json\/wp\/v2\/media?parent=1320"}],"curies":[{"name":"wp","href":"https:\/\/api.w.org\/{rel}","templated":true}]}}